{"id":8118,"date":"2024-05-19T11:35:20","date_gmt":"2024-05-19T11:35:20","guid":{"rendered":"https:\/\/military-classic-auction.com\/?post_type=product&#038;p=8118"},"modified":"2024-05-19T11:35:21","modified_gmt":"2024-05-19T11:35:21","slug":"pieces-de-collections-rares-des-troupes-aeroportee-us","status":"publish","type":"product","link":"https:\/\/military-classic-auction.com\/en\/product\/pieces-de-collections-rares-des-troupes-aeroportee-us\/","title":{"rendered":"Pi\u00e8ces de collections rares des Troupes A\u00e9roport\u00e9e US"},"content":{"rendered":"","protected":false},"excerpt":{"rendered":"","protected":false},"featured_media":8119,"template":"","meta":[],"product_brand":[],"product_cat":[72],"product_tag":[],"class_list":{"0":"post-8118","1":"product","2":"type-product","3":"status-publish","4":"has-post-thumbnail","6":"product_cat-la-bataille-de-normandie","8":"first","9":"instock","10":"sold-individually","11":"taxable","12":"shipping-taxable","13":"product-type-simple"},"aioseo_notices":[],"_links":{"self":[{"href":"https:\/\/military-classic-auction.com\/en\/wp-json\/wp\/v2\/product\/8118","targetHints":{"allow":["GET"]}}],"collection":[{"href":"https:\/\/military-classic-auction.com\/en\/wp-json\/wp\/v2\/product"}],"about":[{"href":"https:\/\/military-classic-auction.com\/en\/wp-json\/wp\/v2\/types\/product"}],"wp:featuredmedia":[{"embeddable":true,"href":"https:\/\/military-classic-auction.com\/en\/wp-json\/wp\/v2\/media\/8119"}],"wp:attachment":[{"href":"https:\/\/military-classic-auction.com\/en\/wp-json\/wp\/v2\/media?parent=8118"}],"wp:term":[{"taxonomy":"product_brand","embeddable":true,"href":"https:\/\/military-classic-auction.com\/en\/wp-json\/wp\/v2\/product_brand?post=8118"},{"taxonomy":"product_cat","embeddable":true,"href":"https:\/\/military-classic-auction.com\/en\/wp-json\/wp\/v2\/product_cat?post=8118"},{"taxonomy":"product_tag","embeddable":true,"href":"https:\/\/military-classic-auction.com\/en\/wp-json\/wp\/v2\/product_tag?post=8118"}],"curies":[{"name":"wp","href":"https:\/\/api.w.org\/{rel}","templated":true}]}}