{"id":8038,"date":"2024-05-02T14:44:31","date_gmt":"2024-05-02T14:44:31","guid":{"rendered":"https:\/\/military-classic-auction.com\/?post_type=product&#038;p=8038"},"modified":"2024-05-11T13:03:42","modified_gmt":"2024-05-11T13:03:42","slug":"ensemble-de-trois-calots-us-army-11","status":"publish","type":"product","link":"https:\/\/military-classic-auction.com\/en\/product\/ensemble-de-trois-calots-us-army-11\/","title":{"rendered":"Ensemble de trois calots &#8211; US Army"},"content":{"rendered":"<p>Ensemble de trois calots &#8211; US Army<br \/>\nTrois calots \u00ab\u00a0troupe\u00a0\u00bb mod\u00e8le \u00e9t\u00e9 type \u00ab\u00a0Chino\u00a0\u00bb<br \/>\n&#8211; Un calot \u00ab\u00a0Military Intelligence\u00a0\u00bb, taille : 7 3\/8<br \/>\n&#8211; Un calot \u00ab\u00a0USAAF\u00a0\u00bb, fabrication : \u00ab\u00a0Bernard Greenberg\u00a0\u00bb, dat\u00e9 1942, taille : 7<br \/>\n&#8211; Un calot \u00ab\u00a0Personnel sans affectation\u00a0\u00bb, \u00e9tiquette du fabricant pr\u00e9sente, taille : 7, annotations diverses.<br \/>\n(En l&rsquo;\u00e9tat, usures, trous)<br \/>\n&#8211;<br \/>\nSet of three caps &#8211; US Army<br \/>\nThree \u00ab\u00a0troop\u00a0\u00bb summer model \u00ab\u00a0Chino\u00a0\u00bb caps<br \/>\n&#8211; A \u00ab\u00a0Military Intelligence\u00a0\u00bb cap, size: 7 3\/8<br \/>\n&#8211; A \u00ab\u00a0USAAF\u00a0\u00bb cap, made: \u00ab\u00a0Bernard Greenberg\u00a0\u00bb, dated 1942, size: 7<br \/>\n&#8211; A \u00ab\u00a0Personnel without assignment\u00a0\u00bb cap, manufacturer&rsquo;s label present, size: 7, various annotations.<br \/>\n(As is, wear, holes)<\/p>","protected":false},"excerpt":{"rendered":"<p>Ensemble de trois calots &#8211; US Army Trois calots \u00ab\u00a0troupe\u00a0\u00bb mod\u00e8le \u00e9t\u00e9 type \u00ab\u00a0Chino\u00a0\u00bb &#8211; Un calot \u00ab\u00a0Military Intelligence\u00a0\u00bb, taille : 7 3\/8 &#8211; Un calot \u00ab\u00a0USAAF\u00a0\u00bb, fabrication : \u00ab\u00a0Bernard Greenberg\u00a0\u00bb, dat\u00e9 1942, taille : 7 &#8211; Un calot \u00ab\u00a0Personnel sans affectation\u00a0\u00bb, \u00e9tiquette du fabricant pr\u00e9sente, taille : 7, annotations diverses. (En l&rsquo;\u00e9tat, usures, trous)<a class=\"more-link\" href=\"https:\/\/military-classic-auction.com\/en\/product\/ensemble-de-trois-calots-us-army-11\/\">Read more  &#10230;<\/a><\/p>","protected":false},"featured_media":7912,"template":"","meta":[],"product_brand":[],"product_cat":[28],"product_tag":[],"class_list":{"0":"post-8038","1":"product","2":"type-product","3":"status-publish","4":"has-post-thumbnail","6":"product_cat-casquettes-calots-us-army","8":"first","9":"instock","10":"sold-individually","11":"purchasable","12":"product-type-auction"},"aioseo_notices":[],"_links":{"self":[{"href":"https:\/\/military-classic-auction.com\/en\/wp-json\/wp\/v2\/product\/8038","targetHints":{"allow":["GET"]}}],"collection":[{"href":"https:\/\/military-classic-auction.com\/en\/wp-json\/wp\/v2\/product"}],"about":[{"href":"https:\/\/military-classic-auction.com\/en\/wp-json\/wp\/v2\/types\/product"}],"wp:featuredmedia":[{"embeddable":true,"href":"https:\/\/military-classic-auction.com\/en\/wp-json\/wp\/v2\/media\/7912"}],"wp:attachment":[{"href":"https:\/\/military-classic-auction.com\/en\/wp-json\/wp\/v2\/media?parent=8038"}],"wp:term":[{"taxonomy":"product_brand","embeddable":true,"href":"https:\/\/military-classic-auction.com\/en\/wp-json\/wp\/v2\/product_brand?post=8038"},{"taxonomy":"product_cat","embeddable":true,"href":"https:\/\/military-classic-auction.com\/en\/wp-json\/wp\/v2\/product_cat?post=8038"},{"taxonomy":"product_tag","embeddable":true,"href":"https:\/\/military-classic-auction.com\/en\/wp-json\/wp\/v2\/product_tag?post=8038"}],"curies":[{"name":"wp","href":"https:\/\/api.w.org\/{rel}","templated":true}]}}