{"id":8037,"date":"2024-05-02T14:44:30","date_gmt":"2024-05-02T14:44:30","guid":{"rendered":"https:\/\/military-classic-auction.com\/?post_type=product&#038;p=8037"},"modified":"2024-05-02T14:44:31","modified_gmt":"2024-05-02T14:44:31","slug":"ensemble-de-trois-calots-us-army-10","status":"publish","type":"product","link":"https:\/\/military-classic-auction.com\/en\/product\/ensemble-de-trois-calots-us-army-10\/","title":{"rendered":"Ensemble de trois calots &#8211; US Army"},"content":{"rendered":"<p>Ensemble de trois calots &#8211; US Army<br \/>\nTrois calots \u00ab\u00a0troupe\u00a0\u00bb mod\u00e8le \u00e9t\u00e9 type \u00ab\u00a0Chino\u00a0\u00bb<br \/>\n&#8211; Un calot \u00ab\u00a0Armored Force\u00a0\u00bb (\u00e9tiquette illisible) annotations pr\u00e9sentes.<br \/>\n&#8211; Un calot \u00ab\u00a0Ordnance Department\u00a0\u00bb, taille : 6 3\/4 (annotations pr\u00e9sentes, sans \u00e9tiquette de fabrication)<br \/>\n&#8211; Un calot \u00ab\u00a0Engineers\u00a0\u00bb, Laundry Number : \u00ab\u00a0E-0482\u00a0\u00bb (sans \u00e9tiquette de fabrication)<br \/>\n(En l&rsquo;\u00e9tat, usures, trous)<br \/>\n&#8211;<br \/>\nSet of three caps &#8211; US Army<br \/>\nThree \u00ab\u00a0troop\u00a0\u00bb summer model \u00ab\u00a0Chino\u00a0\u00bb caps<br \/>\n&#8211; An \u00ab\u00a0Armored Force\u00a0\u00bb cap (illegible label) annotations present.<br \/>\n&#8211; An \u00ab\u00a0Ordnance Department\u00a0\u00bb cap, size: 6 3\/4 (annotations present, without manufacturing label)<br \/>\n&#8211; An \u00ab\u00a0Engineers\u00a0\u00bb cap, Laundry Number: \u00ab\u00a0E-0482\u00a0\u00bb (without manufacturing label)<br \/>\n(As is, wear, holes)<\/p>","protected":false},"excerpt":{"rendered":"<p>Ensemble de trois calots &#8211; US Army Trois calots \u00ab\u00a0troupe\u00a0\u00bb mod\u00e8le \u00e9t\u00e9 type \u00ab\u00a0Chino\u00a0\u00bb &#8211; Un calot \u00ab\u00a0Armored Force\u00a0\u00bb (\u00e9tiquette illisible) annotations pr\u00e9sentes. &#8211; Un calot \u00ab\u00a0Ordnance Department\u00a0\u00bb, taille : 6 3\/4 (annotations pr\u00e9sentes, sans \u00e9tiquette de fabrication) &#8211; Un calot \u00ab\u00a0Engineers\u00a0\u00bb, Laundry Number : \u00ab\u00a0E-0482\u00a0\u00bb (sans \u00e9tiquette de fabrication) (En l&rsquo;\u00e9tat, usures, trous) &#8211;<a class=\"more-link\" href=\"https:\/\/military-classic-auction.com\/en\/product\/ensemble-de-trois-calots-us-army-10\/\">Read more  &#10230;<\/a><\/p>","protected":false},"featured_media":7909,"template":"","meta":[],"product_brand":[],"product_cat":[28],"product_tag":[],"class_list":{"0":"post-8037","1":"product","2":"type-product","3":"status-publish","4":"has-post-thumbnail","6":"product_cat-casquettes-calots-us-army","8":"first","9":"instock","10":"sold-individually","11":"purchasable","12":"product-type-auction"},"aioseo_notices":[],"_links":{"self":[{"href":"https:\/\/military-classic-auction.com\/en\/wp-json\/wp\/v2\/product\/8037","targetHints":{"allow":["GET"]}}],"collection":[{"href":"https:\/\/military-classic-auction.com\/en\/wp-json\/wp\/v2\/product"}],"about":[{"href":"https:\/\/military-classic-auction.com\/en\/wp-json\/wp\/v2\/types\/product"}],"wp:featuredmedia":[{"embeddable":true,"href":"https:\/\/military-classic-auction.com\/en\/wp-json\/wp\/v2\/media\/7909"}],"wp:attachment":[{"href":"https:\/\/military-classic-auction.com\/en\/wp-json\/wp\/v2\/media?parent=8037"}],"wp:term":[{"taxonomy":"product_brand","embeddable":true,"href":"https:\/\/military-classic-auction.com\/en\/wp-json\/wp\/v2\/product_brand?post=8037"},{"taxonomy":"product_cat","embeddable":true,"href":"https:\/\/military-classic-auction.com\/en\/wp-json\/wp\/v2\/product_cat?post=8037"},{"taxonomy":"product_tag","embeddable":true,"href":"https:\/\/military-classic-auction.com\/en\/wp-json\/wp\/v2\/product_tag?post=8037"}],"curies":[{"name":"wp","href":"https:\/\/api.w.org\/{rel}","templated":true}]}}