{"id":8035,"date":"2024-05-02T14:44:28","date_gmt":"2024-05-02T14:44:28","guid":{"rendered":"https:\/\/military-classic-auction.com\/?post_type=product&#038;p=8035"},"modified":"2024-05-02T14:44:29","modified_gmt":"2024-05-02T14:44:29","slug":"ensemble-de-trois-calots-us-army-8","status":"publish","type":"product","link":"https:\/\/military-classic-auction.com\/en\/product\/ensemble-de-trois-calots-us-army-8\/","title":{"rendered":"Ensemble de trois calots &#8211; US Army"},"content":{"rendered":"<p>Ensemble de trois calots &#8211; US Army<br \/>\nCalots \u00ab\u00a0troupe\u00a0\u00bb mod\u00e8le \u00e9t\u00e9 type \u00ab\u00a0Chino\u00a0\u00bb<br \/>\n&#8211; Un calot \u00ab\u00a0Quartermaster Corps\u00a0\u00bb, bandeau int\u00e9rieur cuir, taille : 6 7\/8.<br \/>\n&#8211; Un calot \u00ab\u00a0USAAF\u00a0\u00bb, annotations pr\u00e9sentes, Laundry Number : \u00ab\u00a0R 5676\u00a0\u00bb, taille : 6 7\/8.<br \/>\n&#8211; Un calot \u00ab\u00a0Artillerie\u00a0\u00bb, pas de marquage pr\u00e9sent.<br \/>\n(En l&rsquo;\u00e9tat, usures, trous)<br \/>\n&#8211;<br \/>\nSet of three caps &#8211; US Army<br \/>\n\u00ab\u00a0Chino\u00a0\u00bb summer model \u00ab\u00a0troop\u00a0\u00bb caps<br \/>\n&#8211; A \u00ab\u00a0Quartermaster Corps\u00a0\u00bb cap, leather interior sweatband, size: 6 7\/8.<br \/>\n&#8211; A \u00ab\u00a0USAAF\u00a0\u00bb cap, annotations present, Laundry Number: \u00ab\u00a0R 5676\u00a0\u00bb, size: 6 7\/8.<br \/>\n&#8211; An \u00ab\u00a0Artillery\u00a0\u00bb cap, no marking present.<br \/>\n(As is, wear, holes)<\/p>","protected":false},"excerpt":{"rendered":"<p>Ensemble de trois calots &#8211; US Army Calots \u00ab\u00a0troupe\u00a0\u00bb mod\u00e8le \u00e9t\u00e9 type \u00ab\u00a0Chino\u00a0\u00bb &#8211; Un calot \u00ab\u00a0Quartermaster Corps\u00a0\u00bb, bandeau int\u00e9rieur cuir, taille : 6 7\/8. &#8211; Un calot \u00ab\u00a0USAAF\u00a0\u00bb, annotations pr\u00e9sentes, Laundry Number : \u00ab\u00a0R 5676\u00a0\u00bb, taille : 6 7\/8. &#8211; Un calot \u00ab\u00a0Artillerie\u00a0\u00bb, pas de marquage pr\u00e9sent. (En l&rsquo;\u00e9tat, usures, trous) &#8211; Set of<a class=\"more-link\" href=\"https:\/\/military-classic-auction.com\/en\/product\/ensemble-de-trois-calots-us-army-8\/\">Read more  &#10230;<\/a><\/p>","protected":false},"featured_media":7903,"template":"","meta":[],"product_brand":[],"product_cat":[28],"product_tag":[],"class_list":{"0":"post-8035","1":"product","2":"type-product","3":"status-publish","4":"has-post-thumbnail","6":"product_cat-casquettes-calots-us-army","8":"first","9":"instock","10":"sold-individually","11":"purchasable","12":"product-type-auction"},"aioseo_notices":[],"_links":{"self":[{"href":"https:\/\/military-classic-auction.com\/en\/wp-json\/wp\/v2\/product\/8035","targetHints":{"allow":["GET"]}}],"collection":[{"href":"https:\/\/military-classic-auction.com\/en\/wp-json\/wp\/v2\/product"}],"about":[{"href":"https:\/\/military-classic-auction.com\/en\/wp-json\/wp\/v2\/types\/product"}],"wp:featuredmedia":[{"embeddable":true,"href":"https:\/\/military-classic-auction.com\/en\/wp-json\/wp\/v2\/media\/7903"}],"wp:attachment":[{"href":"https:\/\/military-classic-auction.com\/en\/wp-json\/wp\/v2\/media?parent=8035"}],"wp:term":[{"taxonomy":"product_brand","embeddable":true,"href":"https:\/\/military-classic-auction.com\/en\/wp-json\/wp\/v2\/product_brand?post=8035"},{"taxonomy":"product_cat","embeddable":true,"href":"https:\/\/military-classic-auction.com\/en\/wp-json\/wp\/v2\/product_cat?post=8035"},{"taxonomy":"product_tag","embeddable":true,"href":"https:\/\/military-classic-auction.com\/en\/wp-json\/wp\/v2\/product_tag?post=8035"}],"curies":[{"name":"wp","href":"https:\/\/api.w.org\/{rel}","templated":true}]}}