{"id":8033,"date":"2024-05-02T14:44:28","date_gmt":"2024-05-02T14:44:28","guid":{"rendered":"https:\/\/military-classic-auction.com\/?post_type=product&#038;p=8033"},"modified":"2024-05-02T14:44:28","modified_gmt":"2024-05-02T14:44:28","slug":"ensemble-de-trois-calots-us-army-6","status":"publish","type":"product","link":"https:\/\/military-classic-auction.com\/en\/product\/ensemble-de-trois-calots-us-army-6\/","title":{"rendered":"Ensemble de trois calots &#8211; US Army"},"content":{"rendered":"<p>Ensemble de trois calots &#8211; US Army<br \/>\nDeux calots \u00ab\u00a0troupe\u00a0\u00bb et un officier mod\u00e8le \u00e9t\u00e9 type \u00ab\u00a0Chino\u00a0\u00bb<br \/>\n&#8211; Un calot \u00ab\u00a0Engineers\u00a0\u00bb, Laundry Number : \u00ab\u00a0K-1940\u00a0\u00bb, \u00e9tiquette absente.<br \/>\n&#8211; Un calot d&rsquo;officier, \u00e9tiquette pr\u00e9sente mais coup\u00e9e.<br \/>\n&#8211; Un calot passepoil vert\/blanc, Taille : 7 1\/8, Laundry Number : \u00ab\u00a0M-8132\u00a0\u00bb  (annotations pr\u00e9sentes, \u00e9tiquette de fabrication absente)<br \/>\n(En l&rsquo;\u00e9tat, usures, trous)<br \/>\n&#8211;<br \/>\nSet of three caps &#8211; US Army<br \/>\nTwo \u00ab\u00a0troop\u00a0\u00bb caps and a \u00ab\u00a0Chino\u00a0\u00bb summer model officer<br \/>\n&#8211; An \u00ab\u00a0Engineers\u00a0\u00bb cap, Laundry Number: \u00ab\u00a0K-1940\u00a0\u00bb, label missing.<br \/>\n&#8211; An officer&rsquo;s cap, label present but cut.<br \/>\n&#8211; A green\/white piping cap, Size: 7 1\/8, Laundry Number: \u00ab\u00a0M-8132\u00a0\u00bb (annotations present, manufacturing label absent)<br \/>\n(As is, wear, holes)<\/p>","protected":false},"excerpt":{"rendered":"<p>Ensemble de trois calots &#8211; US Army Deux calots \u00ab\u00a0troupe\u00a0\u00bb et un officier mod\u00e8le \u00e9t\u00e9 type \u00ab\u00a0Chino\u00a0\u00bb &#8211; Un calot \u00ab\u00a0Engineers\u00a0\u00bb, Laundry Number : \u00ab\u00a0K-1940\u00a0\u00bb, \u00e9tiquette absente. &#8211; Un calot d&rsquo;officier, \u00e9tiquette pr\u00e9sente mais coup\u00e9e. &#8211; Un calot passepoil vert\/blanc, Taille : 7 1\/8, Laundry Number : \u00ab\u00a0M-8132\u00a0\u00bb (annotations pr\u00e9sentes, \u00e9tiquette de fabrication absente) (En<a class=\"more-link\" href=\"https:\/\/military-classic-auction.com\/en\/product\/ensemble-de-trois-calots-us-army-6\/\">Read more  &#10230;<\/a><\/p>","protected":false},"featured_media":7897,"template":"","meta":[],"product_brand":[],"product_cat":[28],"product_tag":[],"class_list":{"0":"post-8033","1":"product","2":"type-product","3":"status-publish","4":"has-post-thumbnail","6":"product_cat-casquettes-calots-us-army","8":"first","9":"instock","10":"sold-individually","11":"purchasable","12":"product-type-auction"},"aioseo_notices":[],"_links":{"self":[{"href":"https:\/\/military-classic-auction.com\/en\/wp-json\/wp\/v2\/product\/8033","targetHints":{"allow":["GET"]}}],"collection":[{"href":"https:\/\/military-classic-auction.com\/en\/wp-json\/wp\/v2\/product"}],"about":[{"href":"https:\/\/military-classic-auction.com\/en\/wp-json\/wp\/v2\/types\/product"}],"wp:featuredmedia":[{"embeddable":true,"href":"https:\/\/military-classic-auction.com\/en\/wp-json\/wp\/v2\/media\/7897"}],"wp:attachment":[{"href":"https:\/\/military-classic-auction.com\/en\/wp-json\/wp\/v2\/media?parent=8033"}],"wp:term":[{"taxonomy":"product_brand","embeddable":true,"href":"https:\/\/military-classic-auction.com\/en\/wp-json\/wp\/v2\/product_brand?post=8033"},{"taxonomy":"product_cat","embeddable":true,"href":"https:\/\/military-classic-auction.com\/en\/wp-json\/wp\/v2\/product_cat?post=8033"},{"taxonomy":"product_tag","embeddable":true,"href":"https:\/\/military-classic-auction.com\/en\/wp-json\/wp\/v2\/product_tag?post=8033"}],"curies":[{"name":"wp","href":"https:\/\/api.w.org\/{rel}","templated":true}]}}