{"id":8032,"date":"2024-05-02T14:44:27","date_gmt":"2024-05-02T14:44:27","guid":{"rendered":"https:\/\/military-classic-auction.com\/?post_type=product&#038;p=8032"},"modified":"2024-05-02T14:44:27","modified_gmt":"2024-05-02T14:44:27","slug":"ensemble-de-trois-calots-us-army-5","status":"publish","type":"product","link":"https:\/\/military-classic-auction.com\/en\/product\/ensemble-de-trois-calots-us-army-5\/","title":{"rendered":"Ensemble de trois calots &#8211; US Army"},"content":{"rendered":"<p>Ensemble de trois calots &#8211; US Army<br \/>\nCalots \u00ab\u00a0troupe\u00a0\u00bb mod\u00e8le \u00e9t\u00e9 type \u00ab\u00a0Chino\u00a0\u00bb<br \/>\n&#8211; Un calot \u00ab\u00a0USAAF\u00a0\u00bb, fabrication \u00ab\u00a0Peters Bros Inc.\u00a0\u00bb, dat\u00e9 1942, taille : 7 1\/8.<br \/>\n&#8211; Un calot \u00ab\u00a0Artillerie\u00a0\u00bb, fabrication \u00ab\u00a0Correct Cap Company\u00a0\u00bb, dat\u00e9 1942, taille : 7 1\/8 (annotations pr\u00e9sentes).<br \/>\n&#8211; Un calot \u00ab\u00a0Personnel sans affectation\u00a0\u00bb, \u00e9tiquette du fabricant illisible, taille : 6 1\/2 (annotations diverses).<br \/>\n(En l&rsquo;\u00e9tat, usures, trous)<br \/>\n&#8211;<br \/>\nSet of three caps &#8211; US Army<br \/>\n\u00ab\u00a0Chino\u00a0\u00bb summer model \u00ab\u00a0troop\u00a0\u00bb caps<br \/>\n&#8211; A \u00ab\u00a0USAAF\u00a0\u00bb cap, made by \u00ab\u00a0Peters Bros Inc.\u00a0\u00bb, dated 1942, size: 7 1\/8.<br \/>\n&#8211; An \u00ab\u00a0Artillery\u00a0\u00bb cap, manufactured by \u00ab\u00a0Correct Cap Company\u00a0\u00bb, dated 1942, size: 7 1\/8 (annotations present).<br \/>\n&#8211; A \u00ab\u00a0Personnel without assignment\u00a0\u00bb cap, illegible manufacturer&rsquo;s label, size: 6 1\/2 (various annotations).<br \/>\n(As is, wear, holes)<\/p>","protected":false},"excerpt":{"rendered":"<p>Ensemble de trois calots &#8211; US Army Calots \u00ab\u00a0troupe\u00a0\u00bb mod\u00e8le \u00e9t\u00e9 type \u00ab\u00a0Chino\u00a0\u00bb &#8211; Un calot \u00ab\u00a0USAAF\u00a0\u00bb, fabrication \u00ab\u00a0Peters Bros Inc.\u00a0\u00bb, dat\u00e9 1942, taille : 7 1\/8. &#8211; Un calot \u00ab\u00a0Artillerie\u00a0\u00bb, fabrication \u00ab\u00a0Correct Cap Company\u00a0\u00bb, dat\u00e9 1942, taille : 7 1\/8 (annotations pr\u00e9sentes). &#8211; Un calot \u00ab\u00a0Personnel sans affectation\u00a0\u00bb, \u00e9tiquette du fabricant illisible, taille :<a class=\"more-link\" href=\"https:\/\/military-classic-auction.com\/en\/product\/ensemble-de-trois-calots-us-army-5\/\">Read more  &#10230;<\/a><\/p>","protected":false},"featured_media":7894,"template":"","meta":[],"product_brand":[],"product_cat":[28],"product_tag":[],"class_list":{"0":"post-8032","1":"product","2":"type-product","3":"status-publish","4":"has-post-thumbnail","6":"product_cat-casquettes-calots-us-army","8":"first","9":"instock","10":"sold-individually","11":"purchasable","12":"product-type-auction"},"aioseo_notices":[],"_links":{"self":[{"href":"https:\/\/military-classic-auction.com\/en\/wp-json\/wp\/v2\/product\/8032","targetHints":{"allow":["GET"]}}],"collection":[{"href":"https:\/\/military-classic-auction.com\/en\/wp-json\/wp\/v2\/product"}],"about":[{"href":"https:\/\/military-classic-auction.com\/en\/wp-json\/wp\/v2\/types\/product"}],"wp:featuredmedia":[{"embeddable":true,"href":"https:\/\/military-classic-auction.com\/en\/wp-json\/wp\/v2\/media\/7894"}],"wp:attachment":[{"href":"https:\/\/military-classic-auction.com\/en\/wp-json\/wp\/v2\/media?parent=8032"}],"wp:term":[{"taxonomy":"product_brand","embeddable":true,"href":"https:\/\/military-classic-auction.com\/en\/wp-json\/wp\/v2\/product_brand?post=8032"},{"taxonomy":"product_cat","embeddable":true,"href":"https:\/\/military-classic-auction.com\/en\/wp-json\/wp\/v2\/product_cat?post=8032"},{"taxonomy":"product_tag","embeddable":true,"href":"https:\/\/military-classic-auction.com\/en\/wp-json\/wp\/v2\/product_tag?post=8032"}],"curies":[{"name":"wp","href":"https:\/\/api.w.org\/{rel}","templated":true}]}}