{"id":8028,"date":"2024-05-02T14:44:26","date_gmt":"2024-05-02T14:44:26","guid":{"rendered":"https:\/\/military-classic-auction.com\/?post_type=product&#038;p=8028"},"modified":"2024-05-02T14:44:26","modified_gmt":"2024-05-02T14:44:26","slug":"ensemble-de-trois-calots-us-army","status":"publish","type":"product","link":"https:\/\/military-classic-auction.com\/en\/product\/ensemble-de-trois-calots-us-army\/","title":{"rendered":"Ensemble de trois calots &#8211; US Army"},"content":{"rendered":"<p>Ensemble de trois calots &#8211; US Army<br \/>\nCalots \u00ab\u00a0troupe\u00a0\u00bb mod\u00e8le \u00e9t\u00e9 type \u00ab\u00a0Chino\u00a0\u00bb<br \/>\n&#8211; Un calot \u00ab\u00a0National Guard\u00a0\u00bb, Taille : 7 3\/8, \u00e9tiquettes pr\u00e9sentes.<br \/>\n&#8211; Un calot sans passepoil, Taille : 6 5\/8, Nominatif : R.F. KUNITZ, un \u0153illet d&rsquo;a\u00e9ration.<br \/>\n&#8211; Un calot \u00ab\u00a0Quartermaster Corps\u00a0\u00bb (annotations pr\u00e9sentes, \u00e9tiquette de fabrication illisible)<br \/>\n(En l&rsquo;\u00e9tat, usures, trous)<br \/>\n&#8211;<br \/>\nSet of three caps &#8211; US Army<br \/>\n\u00ab\u00a0Chino\u00a0\u00bb summer model \u00ab\u00a0troop\u00a0\u00bb caps<br \/>\n&#8211; A \u00ab\u00a0National Guard\u00a0\u00bb cap, Size: 7 3\/8, labels present.<br \/>\n&#8211; A cap without piping, Size: 6 5\/8, Name: R.F. KUNITZ, a ventilation eyelet.<br \/>\n&#8211; A \u00ab\u00a0Quartermaster Corps\u00a0\u00bb cap (annotations present, illegible manufacturing label)<br \/>\n(As is, wear, holes)<\/p>","protected":false},"excerpt":{"rendered":"<p>Ensemble de trois calots &#8211; US Army Calots \u00ab\u00a0troupe\u00a0\u00bb mod\u00e8le \u00e9t\u00e9 type \u00ab\u00a0Chino\u00a0\u00bb &#8211; Un calot \u00ab\u00a0National Guard\u00a0\u00bb, Taille : 7 3\/8, \u00e9tiquettes pr\u00e9sentes. &#8211; Un calot sans passepoil, Taille : 6 5\/8, Nominatif : R.F. KUNITZ, un \u0153illet d&rsquo;a\u00e9ration. &#8211; Un calot \u00ab\u00a0Quartermaster Corps\u00a0\u00bb (annotations pr\u00e9sentes, \u00e9tiquette de fabrication illisible) (En l&rsquo;\u00e9tat, usures, trous)<a class=\"more-link\" href=\"https:\/\/military-classic-auction.com\/en\/product\/ensemble-de-trois-calots-us-army\/\">Read more  &#10230;<\/a><\/p>","protected":false},"featured_media":7882,"template":"","meta":[],"product_brand":[],"product_cat":[28],"product_tag":[],"class_list":{"0":"post-8028","1":"product","2":"type-product","3":"status-publish","4":"has-post-thumbnail","6":"product_cat-casquettes-calots-us-army","8":"first","9":"instock","10":"sold-individually","11":"purchasable","12":"product-type-auction"},"aioseo_notices":[],"_links":{"self":[{"href":"https:\/\/military-classic-auction.com\/en\/wp-json\/wp\/v2\/product\/8028","targetHints":{"allow":["GET"]}}],"collection":[{"href":"https:\/\/military-classic-auction.com\/en\/wp-json\/wp\/v2\/product"}],"about":[{"href":"https:\/\/military-classic-auction.com\/en\/wp-json\/wp\/v2\/types\/product"}],"wp:featuredmedia":[{"embeddable":true,"href":"https:\/\/military-classic-auction.com\/en\/wp-json\/wp\/v2\/media\/7882"}],"wp:attachment":[{"href":"https:\/\/military-classic-auction.com\/en\/wp-json\/wp\/v2\/media?parent=8028"}],"wp:term":[{"taxonomy":"product_brand","embeddable":true,"href":"https:\/\/military-classic-auction.com\/en\/wp-json\/wp\/v2\/product_brand?post=8028"},{"taxonomy":"product_cat","embeddable":true,"href":"https:\/\/military-classic-auction.com\/en\/wp-json\/wp\/v2\/product_cat?post=8028"},{"taxonomy":"product_tag","embeddable":true,"href":"https:\/\/military-classic-auction.com\/en\/wp-json\/wp\/v2\/product_tag?post=8028"}],"curies":[{"name":"wp","href":"https:\/\/api.w.org\/{rel}","templated":true}]}}