{"id":8027,"date":"2024-05-02T14:44:25","date_gmt":"2024-05-02T14:44:25","guid":{"rendered":"https:\/\/military-classic-auction.com\/?post_type=product&#038;p=8027"},"modified":"2024-05-02T14:44:26","modified_gmt":"2024-05-02T14:44:26","slug":"ensemble-de-quatre-calots-us-army","status":"publish","type":"product","link":"https:\/\/military-classic-auction.com\/en\/product\/ensemble-de-quatre-calots-us-army\/","title":{"rendered":"Ensemble de quatre calots &#8211; US Army"},"content":{"rendered":"<p>Ensemble de quatre calots &#8211; US Army<br \/>\nCalots \u00ab\u00a0troupe\u00a0\u00bb mod\u00e8le \u00e9t\u00e9 type \u00ab\u00a0Chino\u00a0\u00bb<br \/>\n&#8211; Un calot \u00ab\u00a0M\u00e9dical Department\u00a0\u00bb, \u00e9tiquette du fabricant illisible, diverses annotations.<br \/>\n&#8211; Un calot \u00ab\u00a0Military Intelligence\u00a0\u00bb, annotations &#038; Laundry Number : \u00ab\u00a0F 6836\u00a0\u00bb<br \/>\n&#8211; Un calot \u00ab\u00a0Armored\u00a0\u00bb, taille 7<br \/>\n&#8211; Un calot sans passepoil, \u00e9tiquette du fabricant pr\u00e9sente, taille : 7 1\/8 et dat\u00e9 1942.<br \/>\n(En l&rsquo;\u00e9tat, usures, trous)<br \/>\n&#8211;<br \/>\nSet of four caps &#8211; US Army<br \/>\n\u00ab\u00a0Chino\u00a0\u00bb summer model \u00ab\u00a0troop\u00a0\u00bb caps<br \/>\n&#8211; A \u00ab\u00a0Medical Department\u00a0\u00bb cap, illegible manufacturer&rsquo;s label, various annotations.<br \/>\n&#8211; A \u00ab\u00a0Military Intelligence\u00a0\u00bb cap, annotations &#038; Laundry Number: \u00ab\u00a0F 6836\u00a0\u00bb<br \/>\n&#8211; An \u00ab\u00a0Armored\u00a0\u00bb cap, size 7<br \/>\n&#8211; A cap without piping, manufacturer&rsquo;s label present, size: 7 1\/8 and dated 1942.<br \/>\n(As is, wear, holes)<\/p>","protected":false},"excerpt":{"rendered":"<p>Ensemble de quatre calots &#8211; US Army Calots \u00ab\u00a0troupe\u00a0\u00bb mod\u00e8le \u00e9t\u00e9 type \u00ab\u00a0Chino\u00a0\u00bb &#8211; Un calot \u00ab\u00a0M\u00e9dical Department\u00a0\u00bb, \u00e9tiquette du fabricant illisible, diverses annotations. &#8211; Un calot \u00ab\u00a0Military Intelligence\u00a0\u00bb, annotations &#038; Laundry Number : \u00ab\u00a0F 6836\u00a0\u00bb &#8211; Un calot \u00ab\u00a0Armored\u00a0\u00bb, taille 7 &#8211; Un calot sans passepoil, \u00e9tiquette du fabricant pr\u00e9sente, taille : 7 1\/8<a class=\"more-link\" href=\"https:\/\/military-classic-auction.com\/en\/product\/ensemble-de-quatre-calots-us-army\/\">Read more  &#10230;<\/a><\/p>","protected":false},"featured_media":7879,"template":"","meta":[],"product_brand":[],"product_cat":[28],"product_tag":[],"class_list":{"0":"post-8027","1":"product","2":"type-product","3":"status-publish","4":"has-post-thumbnail","6":"product_cat-casquettes-calots-us-army","8":"first","9":"instock","10":"sold-individually","11":"purchasable","12":"product-type-auction"},"aioseo_notices":[],"_links":{"self":[{"href":"https:\/\/military-classic-auction.com\/en\/wp-json\/wp\/v2\/product\/8027","targetHints":{"allow":["GET"]}}],"collection":[{"href":"https:\/\/military-classic-auction.com\/en\/wp-json\/wp\/v2\/product"}],"about":[{"href":"https:\/\/military-classic-auction.com\/en\/wp-json\/wp\/v2\/types\/product"}],"wp:featuredmedia":[{"embeddable":true,"href":"https:\/\/military-classic-auction.com\/en\/wp-json\/wp\/v2\/media\/7879"}],"wp:attachment":[{"href":"https:\/\/military-classic-auction.com\/en\/wp-json\/wp\/v2\/media?parent=8027"}],"wp:term":[{"taxonomy":"product_brand","embeddable":true,"href":"https:\/\/military-classic-auction.com\/en\/wp-json\/wp\/v2\/product_brand?post=8027"},{"taxonomy":"product_cat","embeddable":true,"href":"https:\/\/military-classic-auction.com\/en\/wp-json\/wp\/v2\/product_cat?post=8027"},{"taxonomy":"product_tag","embeddable":true,"href":"https:\/\/military-classic-auction.com\/en\/wp-json\/wp\/v2\/product_tag?post=8027"}],"curies":[{"name":"wp","href":"https:\/\/api.w.org\/{rel}","templated":true}]}}