{"id":8025,"date":"2024-05-02T14:44:24","date_gmt":"2024-05-02T14:44:24","guid":{"rendered":"https:\/\/military-classic-auction.com\/?post_type=product&#038;p=8025"},"modified":"2024-05-02T14:44:24","modified_gmt":"2024-05-02T14:44:24","slug":"calot-troupe-military-intelligence-us-army","status":"publish","type":"product","link":"https:\/\/military-classic-auction.com\/en\/product\/calot-troupe-military-intelligence-us-army\/","title":{"rendered":"Calot troupe \u00ab\u00a0Military Intelligence\u00a0\u00bb &#8211; US Army"},"content":{"rendered":"<p>Calot troupe \u00ab\u00a0Military Intelligence\u00a0\u00bb &#8211; US Army<br \/>\nMod\u00e8le \u00e9t\u00e9 type \u00ab\u00a0chino\u00a0\u00bb.<br \/>\nPassepoil jaune or\/pourpre.<br \/>\n\u00c9tiquette du fabricant pr\u00e9sente mais illisible.<br \/>\nTaille : 6 1\/2<br \/>\nAnnotations \u00e0 l&rsquo;int\u00e9rieur (barr\u00e9es).<br \/>\n(En l&rsquo;\u00e9tat, usures, taches)<br \/>\n&#8211;<br \/>\n\u00ab\u00a0Military Intelligence\u00a0\u00bb troop cap &#8211; US Army<br \/>\nSummer \u00ab\u00a0chino\u00a0\u00bb model.<br \/>\nGold\/purple yellow piping.<br \/>\nManufacturer&rsquo;s label present but illegible.<br \/>\nSize: 6 1\/2<br \/>\nAnnotations inside (crossed out).<br \/>\n(As is, wear, stains)<\/p>","protected":false},"excerpt":{"rendered":"<p>Calot troupe \u00ab\u00a0Military Intelligence\u00a0\u00bb &#8211; US Army Mod\u00e8le \u00e9t\u00e9 type \u00ab\u00a0chino\u00a0\u00bb. Passepoil jaune or\/pourpre. \u00c9tiquette du fabricant pr\u00e9sente mais illisible. Taille : 6 1\/2 Annotations \u00e0 l&rsquo;int\u00e9rieur (barr\u00e9es). (En l&rsquo;\u00e9tat, usures, taches) &#8211; \u00ab\u00a0Military Intelligence\u00a0\u00bb troop cap &#8211; US Army Summer \u00ab\u00a0chino\u00a0\u00bb model. Gold\/purple yellow piping. Manufacturer&rsquo;s label present but illegible. Size: 6 1\/2 Annotations<a class=\"more-link\" href=\"https:\/\/military-classic-auction.com\/en\/product\/calot-troupe-military-intelligence-us-army\/\">Read more  &#10230;<\/a><\/p>","protected":false},"featured_media":7870,"template":"","meta":[],"product_brand":[],"product_cat":[28],"product_tag":[],"class_list":{"0":"post-8025","1":"product","2":"type-product","3":"status-publish","4":"has-post-thumbnail","6":"product_cat-casquettes-calots-us-army","8":"first","9":"instock","10":"sold-individually","11":"purchasable","12":"product-type-auction"},"aioseo_notices":[],"_links":{"self":[{"href":"https:\/\/military-classic-auction.com\/en\/wp-json\/wp\/v2\/product\/8025","targetHints":{"allow":["GET"]}}],"collection":[{"href":"https:\/\/military-classic-auction.com\/en\/wp-json\/wp\/v2\/product"}],"about":[{"href":"https:\/\/military-classic-auction.com\/en\/wp-json\/wp\/v2\/types\/product"}],"wp:featuredmedia":[{"embeddable":true,"href":"https:\/\/military-classic-auction.com\/en\/wp-json\/wp\/v2\/media\/7870"}],"wp:attachment":[{"href":"https:\/\/military-classic-auction.com\/en\/wp-json\/wp\/v2\/media?parent=8025"}],"wp:term":[{"taxonomy":"product_brand","embeddable":true,"href":"https:\/\/military-classic-auction.com\/en\/wp-json\/wp\/v2\/product_brand?post=8025"},{"taxonomy":"product_cat","embeddable":true,"href":"https:\/\/military-classic-auction.com\/en\/wp-json\/wp\/v2\/product_cat?post=8025"},{"taxonomy":"product_tag","embeddable":true,"href":"https:\/\/military-classic-auction.com\/en\/wp-json\/wp\/v2\/product_tag?post=8025"}],"curies":[{"name":"wp","href":"https:\/\/api.w.org\/{rel}","templated":true}]}}