{"id":8023,"date":"2024-05-02T14:44:23","date_gmt":"2024-05-02T14:44:23","guid":{"rendered":"https:\/\/military-classic-auction.com\/?post_type=product&#038;p=8023"},"modified":"2024-05-17T16:55:52","modified_gmt":"2024-05-17T16:55:52","slug":"calot-troupe-medical-department-us-army","status":"publish","type":"product","link":"https:\/\/military-classic-auction.com\/en\/product\/calot-troupe-medical-department-us-army\/","title":{"rendered":"Calot troupe \u00ab\u00a0Medical Department\u00a0\u00bb &#8211; US Army"},"content":{"rendered":"<p>Calot troupe \u00ab\u00a0Medical Department\u00a0\u00bb &#8211; US Army<br \/>\nMod\u00e8le \u00e9t\u00e9 type \u00ab\u00a0chino\u00a0\u00bb.<br \/>\nPassepoil blanc et marron. Insigne du \u00ab\u00a0113th Brigade Support Battalion\u00a0\u00bb.<br \/>\nFabrication : \u00ab\u00a0The friedman Co., Inc.\u00a0\u00bb<br \/>\nTaille : 7 1\/8<br \/>\nNominatif et annotations sous le bandeau cuir.<br \/>\n(En l&rsquo;\u00e9tat, usures, taches)<br \/>\n&#8211;<br \/>\nTroop cap \u00ab\u00a0Medical Department\u00a0\u00bb &#8211; US Army<br \/>\nSummer \u00ab\u00a0chino\u00a0\u00bb model.<br \/>\nWhite and brown piping. Badge of the \u00ab\u00a0113th Brigade Support Battalion\u00a0\u00bb.<br \/>\nManufactured by: \u00ab\u00a0The Friedman Co., Inc.\u00a0\u00bb<br \/>\nSize: 7 1\/8<br \/>\nName and annotations under the leather band.<br \/>\n(As is, wear, stains)<\/p>","protected":false},"excerpt":{"rendered":"<p>Calot troupe \u00ab\u00a0Medical Department\u00a0\u00bb &#8211; US Army Mod\u00e8le \u00e9t\u00e9 type \u00ab\u00a0chino\u00a0\u00bb. Passepoil blanc et marron. Insigne du \u00ab\u00a0113th Brigade Support Battalion\u00a0\u00bb. Fabrication : \u00ab\u00a0The friedman Co., Inc.\u00a0\u00bb Taille : 7 1\/8 Nominatif et annotations sous le bandeau cuir. (En l&rsquo;\u00e9tat, usures, taches) &#8211; Troop cap \u00ab\u00a0Medical Department\u00a0\u00bb &#8211; US Army Summer \u00ab\u00a0chino\u00a0\u00bb model. White and<a class=\"more-link\" href=\"https:\/\/military-classic-auction.com\/en\/product\/calot-troupe-medical-department-us-army\/\">Read more  &#10230;<\/a><\/p>","protected":false},"featured_media":7859,"template":"","meta":[],"product_brand":[],"product_cat":[28],"product_tag":[],"class_list":{"0":"post-8023","1":"product","2":"type-product","3":"status-publish","4":"has-post-thumbnail","6":"product_cat-casquettes-calots-us-army","8":"first","9":"instock","10":"sold-individually","11":"purchasable","12":"product-type-auction"},"aioseo_notices":[],"_links":{"self":[{"href":"https:\/\/military-classic-auction.com\/en\/wp-json\/wp\/v2\/product\/8023","targetHints":{"allow":["GET"]}}],"collection":[{"href":"https:\/\/military-classic-auction.com\/en\/wp-json\/wp\/v2\/product"}],"about":[{"href":"https:\/\/military-classic-auction.com\/en\/wp-json\/wp\/v2\/types\/product"}],"wp:featuredmedia":[{"embeddable":true,"href":"https:\/\/military-classic-auction.com\/en\/wp-json\/wp\/v2\/media\/7859"}],"wp:attachment":[{"href":"https:\/\/military-classic-auction.com\/en\/wp-json\/wp\/v2\/media?parent=8023"}],"wp:term":[{"taxonomy":"product_brand","embeddable":true,"href":"https:\/\/military-classic-auction.com\/en\/wp-json\/wp\/v2\/product_brand?post=8023"},{"taxonomy":"product_cat","embeddable":true,"href":"https:\/\/military-classic-auction.com\/en\/wp-json\/wp\/v2\/product_cat?post=8023"},{"taxonomy":"product_tag","embeddable":true,"href":"https:\/\/military-classic-auction.com\/en\/wp-json\/wp\/v2\/product_tag?post=8023"}],"curies":[{"name":"wp","href":"https:\/\/api.w.org\/{rel}","templated":true}]}}