{"id":8021,"date":"2024-05-02T14:44:22","date_gmt":"2024-05-02T14:44:22","guid":{"rendered":"https:\/\/military-classic-auction.com\/?post_type=product&#038;p=8021"},"modified":"2024-05-02T14:44:22","modified_gmt":"2024-05-02T14:44:22","slug":"casquette-dofficier-royal-marines","status":"publish","type":"product","link":"https:\/\/military-classic-auction.com\/en\/product\/casquette-dofficier-royal-marines\/","title":{"rendered":"Casquette d&rsquo;officier \u00ab\u00a0Royal Marines\u00a0\u00bb"},"content":{"rendered":"<p>Casquette d&rsquo;officier \u00ab\u00a0Royal Marines\u00a0\u00bb<br \/>\nFabrication : \u00ab\u00a0Hawkes &#038; Co. Ltd.\u00a0\u00bb<br \/>\nTaille : 7 1\/8<br \/>\n\u00c9tiquette pr\u00e9sente sous bandeau cuir.<br \/>\n(En l&rsquo;\u00e9tat, usures)<br \/>\n&#8211;<br \/>\nOfficer&rsquo;s cap \u00ab\u00a0Royal Marines\u00a0\u00bb<br \/>\nManufactured: \u00ab\u00a0Hawkes &#038; Co. Ltd.\u00a0\u00bb<br \/>\nSize: 7 1\/8<br \/>\nLabel present under leather band.<br \/>\n(As is, wear)<\/p>","protected":false},"excerpt":{"rendered":"<p>Casquette d&rsquo;officier \u00ab\u00a0Royal Marines\u00a0\u00bb Fabrication : \u00ab\u00a0Hawkes &#038; Co. Ltd.\u00a0\u00bb Taille : 7 1\/8 \u00c9tiquette pr\u00e9sente sous bandeau cuir. (En l&rsquo;\u00e9tat, usures) &#8211; Officer&rsquo;s cap \u00ab\u00a0Royal Marines\u00a0\u00bb Manufactured: \u00ab\u00a0Hawkes &#038; Co. Ltd.\u00a0\u00bb Size: 7 1\/8 Label present under leather band. (As is, wear)<\/p>","protected":false},"featured_media":7844,"template":"","meta":[],"product_brand":[],"product_cat":[28],"product_tag":[],"class_list":{"0":"post-8021","1":"product","2":"type-product","3":"status-publish","4":"has-post-thumbnail","6":"product_cat-casquettes-calots-us-army","8":"first","9":"instock","10":"sold-individually","11":"purchasable","12":"product-type-auction"},"aioseo_notices":[],"_links":{"self":[{"href":"https:\/\/military-classic-auction.com\/en\/wp-json\/wp\/v2\/product\/8021","targetHints":{"allow":["GET"]}}],"collection":[{"href":"https:\/\/military-classic-auction.com\/en\/wp-json\/wp\/v2\/product"}],"about":[{"href":"https:\/\/military-classic-auction.com\/en\/wp-json\/wp\/v2\/types\/product"}],"wp:featuredmedia":[{"embeddable":true,"href":"https:\/\/military-classic-auction.com\/en\/wp-json\/wp\/v2\/media\/7844"}],"wp:attachment":[{"href":"https:\/\/military-classic-auction.com\/en\/wp-json\/wp\/v2\/media?parent=8021"}],"wp:term":[{"taxonomy":"product_brand","embeddable":true,"href":"https:\/\/military-classic-auction.com\/en\/wp-json\/wp\/v2\/product_brand?post=8021"},{"taxonomy":"product_cat","embeddable":true,"href":"https:\/\/military-classic-auction.com\/en\/wp-json\/wp\/v2\/product_cat?post=8021"},{"taxonomy":"product_tag","embeddable":true,"href":"https:\/\/military-classic-auction.com\/en\/wp-json\/wp\/v2\/product_tag?post=8021"}],"curies":[{"name":"wp","href":"https:\/\/api.w.org\/{rel}","templated":true}]}}