{"id":8010,"date":"2024-05-02T14:44:16","date_gmt":"2024-05-02T14:44:16","guid":{"rendered":"https:\/\/military-classic-auction.com\/?post_type=product&#038;p=8010"},"modified":"2024-05-02T14:44:16","modified_gmt":"2024-05-02T14:44:16","slug":"calot-troupe-us-army-12","status":"publish","type":"product","link":"https:\/\/military-classic-auction.com\/en\/product\/calot-troupe-us-army-12\/","title":{"rendered":"Calot troupe &#8211; US Army"},"content":{"rendered":"<p>Calot troupe &#8211; US Army<br \/>\nPassepoil vert : \u00ab\u00a0Personnel sans affectation\u00a0\u00bb<br \/>\n\u00c9tiquette de fabrication pr\u00e9sente mais illisible.<br \/>\nAnnotations sur bandeau int\u00e9rieur.<br \/>\n(Usures, trous)<br \/>\n&#8211;<br \/>\nTroop cap &#8211; US Army<br \/>\n\u00ab\u00a0Cap Garrison Od\u00a0\u00bb<br \/>\nGreen piping: \u00ab\u00a0Staff without assignment\u00a0\u00bb<br \/>\nManufacturing label present but illegible.<br \/>\nAnnotations on interior banner.<br \/>\n(Wears, holes)<\/p>","protected":false},"excerpt":{"rendered":"<p>Calot troupe &#8211; US Army Passepoil vert : \u00ab\u00a0Personnel sans affectation\u00a0\u00bb \u00c9tiquette de fabrication pr\u00e9sente mais illisible. Annotations sur bandeau int\u00e9rieur. (Usures, trous) &#8211; Troop cap &#8211; US Army \u00ab\u00a0Cap Garrison Od\u00a0\u00bb Green piping: \u00ab\u00a0Staff without assignment\u00a0\u00bb Manufacturing label present but illegible. Annotations on interior banner. (Wears, holes)<\/p>","protected":false},"featured_media":7765,"template":"","meta":[],"product_brand":[],"product_cat":[28],"product_tag":[],"class_list":{"0":"post-8010","1":"product","2":"type-product","3":"status-publish","4":"has-post-thumbnail","6":"product_cat-casquettes-calots-us-army","8":"first","9":"instock","10":"sold-individually","11":"purchasable","12":"product-type-auction"},"aioseo_notices":[],"_links":{"self":[{"href":"https:\/\/military-classic-auction.com\/en\/wp-json\/wp\/v2\/product\/8010","targetHints":{"allow":["GET"]}}],"collection":[{"href":"https:\/\/military-classic-auction.com\/en\/wp-json\/wp\/v2\/product"}],"about":[{"href":"https:\/\/military-classic-auction.com\/en\/wp-json\/wp\/v2\/types\/product"}],"wp:featuredmedia":[{"embeddable":true,"href":"https:\/\/military-classic-auction.com\/en\/wp-json\/wp\/v2\/media\/7765"}],"wp:attachment":[{"href":"https:\/\/military-classic-auction.com\/en\/wp-json\/wp\/v2\/media?parent=8010"}],"wp:term":[{"taxonomy":"product_brand","embeddable":true,"href":"https:\/\/military-classic-auction.com\/en\/wp-json\/wp\/v2\/product_brand?post=8010"},{"taxonomy":"product_cat","embeddable":true,"href":"https:\/\/military-classic-auction.com\/en\/wp-json\/wp\/v2\/product_cat?post=8010"},{"taxonomy":"product_tag","embeddable":true,"href":"https:\/\/military-classic-auction.com\/en\/wp-json\/wp\/v2\/product_tag?post=8010"}],"curies":[{"name":"wp","href":"https:\/\/api.w.org\/{rel}","templated":true}]}}