{"id":8009,"date":"2024-05-02T14:44:15","date_gmt":"2024-05-02T14:44:15","guid":{"rendered":"https:\/\/military-classic-auction.com\/?post_type=product&#038;p=8009"},"modified":"2024-05-02T14:44:15","modified_gmt":"2024-05-02T14:44:15","slug":"calot-troupe-us-army-11","status":"publish","type":"product","link":"https:\/\/military-classic-auction.com\/en\/product\/calot-troupe-us-army-11\/","title":{"rendered":"Calot troupe &#8211; US Army"},"content":{"rendered":"<p>Calot troupe &#8211; US Army<br \/>\nPassepoil vert : personnel sans affectation<br \/>\n\u00c9tiquette du fabricant absente.<br \/>\nNominatif : \u00ab\u00a0E.YOUNG\u00a0\u00bb<br \/>\nLaundry Number : \u00ab\u00a0Y 6231\u00a0\u00bb<br \/>\n=> Everett L. Young &#8211; Matricule : \u00ab\u00a036286231\u00a0\u00bb<br \/>\nN\u00e9 en 1907, engag\u00e9 le 26 novembre 1942.<br \/>\n(En l&rsquo;\u00e9tat, usures)<br \/>\n&#8211;<br \/>\nTroop cap &#8211; US Army<br \/>\nGreen piping: personnel without assignment<br \/>\nManufacturer&rsquo;s label missing.<br \/>\nName: \u00ab\u00a0E.YOUNG\u00a0\u00bb<br \/>\nLaundry Number: \u00ab\u00a0Y 6231\u00a0\u00bb<br \/>\n=> Everett L. Young &#8211; Registration number: \u00ab\u00a036286231\u00a0\u00bb<br \/>\nBorn in 1907, enlisted on November 26, 1942.<br \/>\n(As is, wear)<\/p>","protected":false},"excerpt":{"rendered":"<p>Calot troupe &#8211; US Army Passepoil vert : personnel sans affectation \u00c9tiquette du fabricant absente. Nominatif : \u00ab\u00a0E.YOUNG\u00a0\u00bb Laundry Number : \u00ab\u00a0Y 6231\u00a0\u00bb => Everett L. Young &#8211; Matricule : \u00ab\u00a036286231\u00a0\u00bb N\u00e9 en 1907, engag\u00e9 le 26 novembre 1942. (En l&rsquo;\u00e9tat, usures) &#8211; Troop cap &#8211; US Army Green piping: personnel without assignment Manufacturer&rsquo;s label<a class=\"more-link\" href=\"https:\/\/military-classic-auction.com\/en\/product\/calot-troupe-us-army-11\/\">Read more  &#10230;<\/a><\/p>","protected":false},"featured_media":7760,"template":"","meta":[],"product_brand":[],"product_cat":[28],"product_tag":[],"class_list":{"0":"post-8009","1":"product","2":"type-product","3":"status-publish","4":"has-post-thumbnail","6":"product_cat-casquettes-calots-us-army","8":"first","9":"instock","10":"sold-individually","11":"purchasable","12":"product-type-auction"},"aioseo_notices":[],"_links":{"self":[{"href":"https:\/\/military-classic-auction.com\/en\/wp-json\/wp\/v2\/product\/8009","targetHints":{"allow":["GET"]}}],"collection":[{"href":"https:\/\/military-classic-auction.com\/en\/wp-json\/wp\/v2\/product"}],"about":[{"href":"https:\/\/military-classic-auction.com\/en\/wp-json\/wp\/v2\/types\/product"}],"wp:featuredmedia":[{"embeddable":true,"href":"https:\/\/military-classic-auction.com\/en\/wp-json\/wp\/v2\/media\/7760"}],"wp:attachment":[{"href":"https:\/\/military-classic-auction.com\/en\/wp-json\/wp\/v2\/media?parent=8009"}],"wp:term":[{"taxonomy":"product_brand","embeddable":true,"href":"https:\/\/military-classic-auction.com\/en\/wp-json\/wp\/v2\/product_brand?post=8009"},{"taxonomy":"product_cat","embeddable":true,"href":"https:\/\/military-classic-auction.com\/en\/wp-json\/wp\/v2\/product_cat?post=8009"},{"taxonomy":"product_tag","embeddable":true,"href":"https:\/\/military-classic-auction.com\/en\/wp-json\/wp\/v2\/product_tag?post=8009"}],"curies":[{"name":"wp","href":"https:\/\/api.w.org\/{rel}","templated":true}]}}