{"id":8008,"date":"2024-05-02T14:44:15","date_gmt":"2024-05-02T14:44:15","guid":{"rendered":"https:\/\/military-classic-auction.com\/?post_type=product&#038;p=8008"},"modified":"2024-05-02T14:44:15","modified_gmt":"2024-05-02T14:44:15","slug":"casquette-dofficier-gardes-cotes-us","status":"publish","type":"product","link":"https:\/\/military-classic-auction.com\/en\/product\/casquette-dofficier-gardes-cotes-us\/","title":{"rendered":"Casquette d&rsquo;officier &#8211; Gardes c\u00f4tes US"},"content":{"rendered":"<p>Casquette d&rsquo;officier &#8211; Gardes c\u00f4tes US<br \/>\nInsigne en m\u00e9tal argent\u00e9\/dor\u00e9.<br \/>\nBandeau tissu amovible de couleur bleu.<br \/>\nFabrication : \u00ab\u00a0Rogers Peet Company &#8211; New York &#8211; Boston\u00a0\u00bb<br \/>\nNominative : \u00ab\u00a0Oswald G Wolf &#8211; Austin Texas\u00a0\u00bb<br \/>\n=> (8 f\u00e9vrier 1905 &#8211; 19 novembre 1971)<br \/>\nS\u00e9pulture : Oakwood Cemetery<br \/>\nAustin, Travis County, Texas, USA<br \/>\n(En l&rsquo;\u00e9tat, t\u00e2ches)<br \/>\n&#8211;<br \/>\nOfficer cap &#8211; US Coast Guard<br \/>\nSilver\/gold metal badge.<br \/>\nRemovable blue fabric headband.<br \/>\nManufactured: \u00ab\u00a0Rogers Peet Company &#8211; New York &#8211; Boston\u00a0\u00bb<br \/>\nName: \u00ab\u00a0Oswald G Wolf &#8211; Austin Texas\u00a0\u00bb<br \/>\n=> (February 8, 1905 &#8211; November 19, 1971)<br \/>\nGrave: Oakwood Cemetery<br \/>\nAustin, Travis County, Texas, USA<br \/>\n(As is, tasks)<\/p>","protected":false},"excerpt":{"rendered":"<p>Casquette d&rsquo;officier &#8211; Gardes c\u00f4tes US Insigne en m\u00e9tal argent\u00e9\/dor\u00e9. Bandeau tissu amovible de couleur bleu. Fabrication : \u00ab\u00a0Rogers Peet Company &#8211; New York &#8211; Boston\u00a0\u00bb Nominative : \u00ab\u00a0Oswald G Wolf &#8211; Austin Texas\u00a0\u00bb => (8 f\u00e9vrier 1905 &#8211; 19 novembre 1971) S\u00e9pulture : Oakwood Cemetery Austin, Travis County, Texas, USA (En l&rsquo;\u00e9tat, t\u00e2ches) &#8211;<a class=\"more-link\" href=\"https:\/\/military-classic-auction.com\/en\/product\/casquette-dofficier-gardes-cotes-us\/\">Read more  &#10230;<\/a><\/p>","protected":false},"featured_media":7755,"template":"","meta":[],"product_brand":[],"product_cat":[28],"product_tag":[],"class_list":{"0":"post-8008","1":"product","2":"type-product","3":"status-publish","4":"has-post-thumbnail","6":"product_cat-casquettes-calots-us-army","8":"first","9":"instock","10":"sold-individually","11":"purchasable","12":"product-type-auction"},"aioseo_notices":[],"_links":{"self":[{"href":"https:\/\/military-classic-auction.com\/en\/wp-json\/wp\/v2\/product\/8008","targetHints":{"allow":["GET"]}}],"collection":[{"href":"https:\/\/military-classic-auction.com\/en\/wp-json\/wp\/v2\/product"}],"about":[{"href":"https:\/\/military-classic-auction.com\/en\/wp-json\/wp\/v2\/types\/product"}],"wp:featuredmedia":[{"embeddable":true,"href":"https:\/\/military-classic-auction.com\/en\/wp-json\/wp\/v2\/media\/7755"}],"wp:attachment":[{"href":"https:\/\/military-classic-auction.com\/en\/wp-json\/wp\/v2\/media?parent=8008"}],"wp:term":[{"taxonomy":"product_brand","embeddable":true,"href":"https:\/\/military-classic-auction.com\/en\/wp-json\/wp\/v2\/product_brand?post=8008"},{"taxonomy":"product_cat","embeddable":true,"href":"https:\/\/military-classic-auction.com\/en\/wp-json\/wp\/v2\/product_cat?post=8008"},{"taxonomy":"product_tag","embeddable":true,"href":"https:\/\/military-classic-auction.com\/en\/wp-json\/wp\/v2\/product_tag?post=8008"}],"curies":[{"name":"wp","href":"https:\/\/api.w.org\/{rel}","templated":true}]}}