{"id":8006,"date":"2024-05-02T14:44:12","date_gmt":"2024-05-02T14:44:12","guid":{"rendered":"https:\/\/military-classic-auction.com\/?post_type=product&#038;p=8006"},"modified":"2024-05-18T10:45:42","modified_gmt":"2024-05-18T10:45:42","slug":"calot-dofficier-major-us-army","status":"publish","type":"product","link":"https:\/\/military-classic-auction.com\/en\/product\/calot-dofficier-major-us-army\/","title":{"rendered":"Calot d&rsquo;officier \u00ab\u00a0Major\u00a0\u00bb &#8211; US Army"},"content":{"rendered":"<p>Calot d&rsquo;officier \u00ab\u00a0Major\u00a0\u00bb &#8211; US Army<br \/>\nMod\u00e8le \u00e9t\u00e9 type \u00ab\u00a0chino\u00a0\u00bb.<br \/>\nPassepoil dor\u00e9 et noir, grade en m\u00e9tal dor\u00e9 (marquage fabricant au dos)<br \/>\n\u00c9tiquette du fabricant pr\u00e9sente.<br \/>\nTaille : 7 1\/8<br \/>\nAnnotations : \u00ab\u00a0Friant 14\u00a0\u00bb<br \/>\n(En l&rsquo;\u00e9tat, usures, taches)<br \/>\n&#8211;<br \/>\n\u00ab\u00a0Major\u00a0\u00bb officer cap &#8211; US Army<br \/>\nSummer \u00ab\u00a0chino\u00a0\u00bb model.<br \/>\nGold and black piping, gold metal grade (manufacturer&rsquo;s marking on the back)<br \/>\nManufacturer&rsquo;s label present.<br \/>\nSize: 7 1\/8<br \/>\nAnnotations: \u00ab\u00a0Friant 14\u00a0\u00bb<br \/>\n(As is, wear, stains)<\/p>","protected":false},"excerpt":{"rendered":"<p>Calot d&rsquo;officier \u00ab\u00a0Major\u00a0\u00bb &#8211; US Army Mod\u00e8le \u00e9t\u00e9 type \u00ab\u00a0chino\u00a0\u00bb. Passepoil dor\u00e9 et noir, grade en m\u00e9tal dor\u00e9 (marquage fabricant au dos) \u00c9tiquette du fabricant pr\u00e9sente. Taille : 7 1\/8 Annotations : \u00ab\u00a0Friant 14\u00a0\u00bb (En l&rsquo;\u00e9tat, usures, taches) &#8211; \u00ab\u00a0Major\u00a0\u00bb officer cap &#8211; US Army Summer \u00ab\u00a0chino\u00a0\u00bb model. Gold and black piping, gold metal grade<a class=\"more-link\" href=\"https:\/\/military-classic-auction.com\/en\/product\/calot-dofficier-major-us-army\/\">Read more  &#10230;<\/a><\/p>","protected":false},"featured_media":7736,"template":"","meta":[],"product_brand":[],"product_cat":[28],"product_tag":[],"class_list":{"0":"post-8006","1":"product","2":"type-product","3":"status-publish","4":"has-post-thumbnail","6":"product_cat-casquettes-calots-us-army","8":"first","9":"instock","10":"sold-individually","11":"purchasable","12":"product-type-auction"},"aioseo_notices":[],"_links":{"self":[{"href":"https:\/\/military-classic-auction.com\/en\/wp-json\/wp\/v2\/product\/8006","targetHints":{"allow":["GET"]}}],"collection":[{"href":"https:\/\/military-classic-auction.com\/en\/wp-json\/wp\/v2\/product"}],"about":[{"href":"https:\/\/military-classic-auction.com\/en\/wp-json\/wp\/v2\/types\/product"}],"wp:featuredmedia":[{"embeddable":true,"href":"https:\/\/military-classic-auction.com\/en\/wp-json\/wp\/v2\/media\/7736"}],"wp:attachment":[{"href":"https:\/\/military-classic-auction.com\/en\/wp-json\/wp\/v2\/media?parent=8006"}],"wp:term":[{"taxonomy":"product_brand","embeddable":true,"href":"https:\/\/military-classic-auction.com\/en\/wp-json\/wp\/v2\/product_brand?post=8006"},{"taxonomy":"product_cat","embeddable":true,"href":"https:\/\/military-classic-auction.com\/en\/wp-json\/wp\/v2\/product_cat?post=8006"},{"taxonomy":"product_tag","embeddable":true,"href":"https:\/\/military-classic-auction.com\/en\/wp-json\/wp\/v2\/product_tag?post=8006"}],"curies":[{"name":"wp","href":"https:\/\/api.w.org\/{rel}","templated":true}]}}