{"id":8002,"date":"2024-05-02T14:44:10","date_gmt":"2024-05-02T14:44:10","guid":{"rendered":"https:\/\/military-classic-auction.com\/?post_type=product&#038;p=8002"},"modified":"2024-05-18T09:39:12","modified_gmt":"2024-05-18T09:39:12","slug":"calot-de-capitaine-us-army","status":"publish","type":"product","link":"https:\/\/military-classic-auction.com\/en\/product\/calot-de-capitaine-us-army\/","title":{"rendered":"Calot de capitaine &#8211; US Army"},"content":{"rendered":"<p>Calot de capitaine &#8211; US Army<br \/>\nPassepoil dor\u00e9 et noir.<br \/>\nInsigne m\u00e9tal de capitaine.<br \/>\n\u00c9tiquette de fabrication pr\u00e9sente.<br \/>\nTaille : 7 1\/4<br \/>\n(Usures, trous de mites)<br \/>\n&#8211;<br \/>\nCaptain&rsquo;s cap &#8211; US Army<br \/>\nGold and black piping.<br \/>\nCaptain&rsquo;s metal badge.<br \/>\nManufacturing label present.<br \/>\nSize: 7 1\/4<br \/>\n(Wear, moth holes)<\/p>","protected":false},"excerpt":{"rendered":"<p>Calot de capitaine &#8211; US Army Passepoil dor\u00e9 et noir. Insigne m\u00e9tal de capitaine. \u00c9tiquette de fabrication pr\u00e9sente. Taille : 7 1\/4 (Usures, trous de mites) &#8211; Captain&rsquo;s cap &#8211; US Army Gold and black piping. Captain&rsquo;s metal badge. Manufacturing label present. Size: 7 1\/4 (Wear, moth holes)<\/p>","protected":false},"featured_media":7713,"template":"","meta":[],"product_brand":[],"product_cat":[28],"product_tag":[],"class_list":{"0":"post-8002","1":"product","2":"type-product","3":"status-publish","4":"has-post-thumbnail","6":"product_cat-casquettes-calots-us-army","8":"first","9":"instock","10":"sold-individually","11":"purchasable","12":"product-type-auction"},"aioseo_notices":[],"_links":{"self":[{"href":"https:\/\/military-classic-auction.com\/en\/wp-json\/wp\/v2\/product\/8002","targetHints":{"allow":["GET"]}}],"collection":[{"href":"https:\/\/military-classic-auction.com\/en\/wp-json\/wp\/v2\/product"}],"about":[{"href":"https:\/\/military-classic-auction.com\/en\/wp-json\/wp\/v2\/types\/product"}],"wp:featuredmedia":[{"embeddable":true,"href":"https:\/\/military-classic-auction.com\/en\/wp-json\/wp\/v2\/media\/7713"}],"wp:attachment":[{"href":"https:\/\/military-classic-auction.com\/en\/wp-json\/wp\/v2\/media?parent=8002"}],"wp:term":[{"taxonomy":"product_brand","embeddable":true,"href":"https:\/\/military-classic-auction.com\/en\/wp-json\/wp\/v2\/product_brand?post=8002"},{"taxonomy":"product_cat","embeddable":true,"href":"https:\/\/military-classic-auction.com\/en\/wp-json\/wp\/v2\/product_cat?post=8002"},{"taxonomy":"product_tag","embeddable":true,"href":"https:\/\/military-classic-auction.com\/en\/wp-json\/wp\/v2\/product_tag?post=8002"}],"curies":[{"name":"wp","href":"https:\/\/api.w.org\/{rel}","templated":true}]}}