{"id":8001,"date":"2024-05-02T14:44:10","date_gmt":"2024-05-02T14:44:10","guid":{"rendered":"https:\/\/military-classic-auction.com\/?post_type=product&#038;p=8001"},"modified":"2024-05-02T14:44:10","modified_gmt":"2024-05-02T14:44:10","slug":"calot-dofficier-second-lieutenant-us-army","status":"publish","type":"product","link":"https:\/\/military-classic-auction.com\/en\/product\/calot-dofficier-second-lieutenant-us-army\/","title":{"rendered":"Calot d&rsquo;officier \u00ab\u00a0Second lieutenant\u00a0\u00bb &#8211; US Army"},"content":{"rendered":"<p>Calot d&rsquo;officier \u00ab\u00a0Second lieutenant\u00a0\u00bb &#8211; US Army<br \/>\nMod\u00e8le \u00e9t\u00e9 type \u00ab\u00a0chino\u00a0\u00bb.<br \/>\nPassepoil dor\u00e9 et noir, grade en m\u00e9tal dor\u00e9 (marquage fabricant au dos)<br \/>\nPas d&rsquo;\u00e9tiquette de fabrication.<br \/>\nTaille : 7<br \/>\nNominatif : \u00ab\u00a0E.S. WISE\u00a0\u00bb<br \/>\n=> Everett S. WISE &#8211; Matricule : \u00ab\u00a020259192\u00a0\u00bb<br \/>\nN\u00e9 en 1910, engag\u00e9 le 9 f\u00e9vrier 1941.<br \/>\nIl sert dans la 27th infantry division &#8211; 212th coast artillery.<br \/>\n(En l&rsquo;\u00e9tat, usures, taches)<br \/>\n&#8211;<br \/>\nOfficer&rsquo;s cap \u00ab\u00a0Second lieutenant\u00a0\u00bb &#8211; US Army<br \/>\nSummer \u00ab\u00a0chino\u00a0\u00bb model.<br \/>\nGold and black piping, gold metal grade (manufacturer&rsquo;s marking on the back)<br \/>\nNo manufacturing label.<br \/>\nSize: 7<br \/>\nNominal: \u00ab\u00a0E.S. WISE\u00a0\u00bb<br \/>\n=> Everett S. WISE &#8211; Registration number: \u00ab\u00a020259192\u00a0\u00bb<br \/>\nBorn in 1910, enlisted February 9, 1941.<br \/>\nHe served in the 27th infantry division &#8211; 212th coast artillery.<br \/>\n(As is, wear, stains)<\/p>","protected":false},"excerpt":{"rendered":"<p>Calot d&rsquo;officier \u00ab\u00a0Second lieutenant\u00a0\u00bb &#8211; US Army Mod\u00e8le \u00e9t\u00e9 type \u00ab\u00a0chino\u00a0\u00bb. Passepoil dor\u00e9 et noir, grade en m\u00e9tal dor\u00e9 (marquage fabricant au dos) Pas d&rsquo;\u00e9tiquette de fabrication. Taille : 7 Nominatif : \u00ab\u00a0E.S. WISE\u00a0\u00bb => Everett S. WISE &#8211; Matricule : \u00ab\u00a020259192\u00a0\u00bb N\u00e9 en 1910, engag\u00e9 le 9 f\u00e9vrier 1941. Il sert dans la 27th<a class=\"more-link\" href=\"https:\/\/military-classic-auction.com\/en\/product\/calot-dofficier-second-lieutenant-us-army\/\">Read more  &#10230;<\/a><\/p>","protected":false},"featured_media":7705,"template":"","meta":[],"product_brand":[],"product_cat":[28],"product_tag":[],"class_list":{"0":"post-8001","1":"product","2":"type-product","3":"status-publish","4":"has-post-thumbnail","6":"product_cat-casquettes-calots-us-army","8":"first","9":"instock","10":"sold-individually","11":"purchasable","12":"product-type-auction"},"aioseo_notices":[],"_links":{"self":[{"href":"https:\/\/military-classic-auction.com\/en\/wp-json\/wp\/v2\/product\/8001","targetHints":{"allow":["GET"]}}],"collection":[{"href":"https:\/\/military-classic-auction.com\/en\/wp-json\/wp\/v2\/product"}],"about":[{"href":"https:\/\/military-classic-auction.com\/en\/wp-json\/wp\/v2\/types\/product"}],"wp:featuredmedia":[{"embeddable":true,"href":"https:\/\/military-classic-auction.com\/en\/wp-json\/wp\/v2\/media\/7705"}],"wp:attachment":[{"href":"https:\/\/military-classic-auction.com\/en\/wp-json\/wp\/v2\/media?parent=8001"}],"wp:term":[{"taxonomy":"product_brand","embeddable":true,"href":"https:\/\/military-classic-auction.com\/en\/wp-json\/wp\/v2\/product_brand?post=8001"},{"taxonomy":"product_cat","embeddable":true,"href":"https:\/\/military-classic-auction.com\/en\/wp-json\/wp\/v2\/product_cat?post=8001"},{"taxonomy":"product_tag","embeddable":true,"href":"https:\/\/military-classic-auction.com\/en\/wp-json\/wp\/v2\/product_tag?post=8001"}],"curies":[{"name":"wp","href":"https:\/\/api.w.org\/{rel}","templated":true}]}}