{"id":8000,"date":"2024-05-02T14:44:09","date_gmt":"2024-05-02T14:44:09","guid":{"rendered":"https:\/\/military-classic-auction.com\/?post_type=product&#038;p=8000"},"modified":"2024-05-02T14:44:09","modified_gmt":"2024-05-02T14:44:09","slug":"calot-dofficier-us-army","status":"publish","type":"product","link":"https:\/\/military-classic-auction.com\/en\/product\/calot-dofficier-us-army\/","title":{"rendered":"Calot d&rsquo;officier &#8211; US Army"},"content":{"rendered":"<p>Calot d&rsquo;officier &#8211; US Army<br \/>\nPassepoil noir et jaune.<br \/>\n\u00c9tiquette de fabrication pr\u00e9sente.<br \/>\nTaille : 7<br \/>\nDat\u00e9 1944<br \/>\n(Usures)<br \/>\n&#8211;<br \/>\nOfficer&rsquo;s cap &#8211; US Army<br \/>\n\u00ab\u00a0Cap Garrison Wool\u00a0\u00bb<br \/>\nBlack and yellow piping.<br \/>\nManufacturing label present.<br \/>\nSize: 7<br \/>\nDated 1944<br \/>\n(Wear)<\/p>","protected":false},"excerpt":{"rendered":"<p>Calot d&rsquo;officier &#8211; US Army Passepoil noir et jaune. \u00c9tiquette de fabrication pr\u00e9sente. Taille : 7 Dat\u00e9 1944 (Usures) &#8211; Officer&rsquo;s cap &#8211; US Army \u00ab\u00a0Cap Garrison Wool\u00a0\u00bb Black and yellow piping. Manufacturing label present. Size: 7 Dated 1944 (Wear)<\/p>","protected":false},"featured_media":7697,"template":"","meta":[],"product_brand":[],"product_cat":[28],"product_tag":[],"class_list":{"0":"post-8000","1":"product","2":"type-product","3":"status-publish","4":"has-post-thumbnail","6":"product_cat-casquettes-calots-us-army","8":"first","9":"instock","10":"sold-individually","11":"purchasable","12":"product-type-auction"},"aioseo_notices":[],"_links":{"self":[{"href":"https:\/\/military-classic-auction.com\/en\/wp-json\/wp\/v2\/product\/8000","targetHints":{"allow":["GET"]}}],"collection":[{"href":"https:\/\/military-classic-auction.com\/en\/wp-json\/wp\/v2\/product"}],"about":[{"href":"https:\/\/military-classic-auction.com\/en\/wp-json\/wp\/v2\/types\/product"}],"wp:featuredmedia":[{"embeddable":true,"href":"https:\/\/military-classic-auction.com\/en\/wp-json\/wp\/v2\/media\/7697"}],"wp:attachment":[{"href":"https:\/\/military-classic-auction.com\/en\/wp-json\/wp\/v2\/media?parent=8000"}],"wp:term":[{"taxonomy":"product_brand","embeddable":true,"href":"https:\/\/military-classic-auction.com\/en\/wp-json\/wp\/v2\/product_brand?post=8000"},{"taxonomy":"product_cat","embeddable":true,"href":"https:\/\/military-classic-auction.com\/en\/wp-json\/wp\/v2\/product_cat?post=8000"},{"taxonomy":"product_tag","embeddable":true,"href":"https:\/\/military-classic-auction.com\/en\/wp-json\/wp\/v2\/product_tag?post=8000"}],"curies":[{"name":"wp","href":"https:\/\/api.w.org\/{rel}","templated":true}]}}