{"id":7995,"date":"2024-05-02T14:44:05","date_gmt":"2024-05-02T14:44:05","guid":{"rendered":"https:\/\/military-classic-auction.com\/?post_type=product&#038;p=7995"},"modified":"2024-05-14T12:10:34","modified_gmt":"2024-05-14T12:10:34","slug":"casquette-dofficier-us-navy-4","status":"publish","type":"product","link":"https:\/\/military-classic-auction.com\/en\/product\/casquette-dofficier-us-navy-4\/","title":{"rendered":"Casquette d&rsquo;officier &#8211; US Navy"},"content":{"rendered":"<p>Casquette d&rsquo;officier &#8211; US Navy<br \/>\nPas d&rsquo;\u00e9tiquette fabricant.<br \/>\nInsigne en m\u00e9tal argent\u00e9\/dor\u00e9.<br \/>\nBandeau cuir marqu\u00e9 : \u00ab\u00a0Joe Harris\u00a0\u00bb<br \/>\nTaille : 7<br \/>\n(En l&rsquo;\u00e9tat, usures)<br \/>\n&#8211;<br \/>\nOfficer cap &#8211; US Navy<br \/>\nNo manufacturer label.<br \/>\nSilver\/gold metal badge.<br \/>\nLeather headband marked: \u00ab\u00a0Joe Harris\u00a0\u00bb<br \/>\nSize: 7<br \/>\n(As is, wear)<\/p>","protected":false},"excerpt":{"rendered":"<p>Casquette d&rsquo;officier &#8211; US Navy Pas d&rsquo;\u00e9tiquette fabricant. Insigne en m\u00e9tal argent\u00e9\/dor\u00e9. Bandeau cuir marqu\u00e9 : \u00ab\u00a0Joe Harris\u00a0\u00bb Taille : 7 (En l&rsquo;\u00e9tat, usures) &#8211; Officer cap &#8211; US Navy No manufacturer label. Silver\/gold metal badge. Leather headband marked: \u00ab\u00a0Joe Harris\u00a0\u00bb Size: 7 (As is, wear)<\/p>","protected":false},"featured_media":7657,"template":"","meta":[],"product_brand":[],"product_cat":[28],"product_tag":[],"class_list":{"0":"post-7995","1":"product","2":"type-product","3":"status-publish","4":"has-post-thumbnail","6":"product_cat-casquettes-calots-us-army","8":"first","9":"instock","10":"sold-individually","11":"purchasable","12":"product-type-auction"},"aioseo_notices":[],"_links":{"self":[{"href":"https:\/\/military-classic-auction.com\/en\/wp-json\/wp\/v2\/product\/7995","targetHints":{"allow":["GET"]}}],"collection":[{"href":"https:\/\/military-classic-auction.com\/en\/wp-json\/wp\/v2\/product"}],"about":[{"href":"https:\/\/military-classic-auction.com\/en\/wp-json\/wp\/v2\/types\/product"}],"wp:featuredmedia":[{"embeddable":true,"href":"https:\/\/military-classic-auction.com\/en\/wp-json\/wp\/v2\/media\/7657"}],"wp:attachment":[{"href":"https:\/\/military-classic-auction.com\/en\/wp-json\/wp\/v2\/media?parent=7995"}],"wp:term":[{"taxonomy":"product_brand","embeddable":true,"href":"https:\/\/military-classic-auction.com\/en\/wp-json\/wp\/v2\/product_brand?post=7995"},{"taxonomy":"product_cat","embeddable":true,"href":"https:\/\/military-classic-auction.com\/en\/wp-json\/wp\/v2\/product_cat?post=7995"},{"taxonomy":"product_tag","embeddable":true,"href":"https:\/\/military-classic-auction.com\/en\/wp-json\/wp\/v2\/product_tag?post=7995"}],"curies":[{"name":"wp","href":"https:\/\/api.w.org\/{rel}","templated":true}]}}