{"id":7990,"date":"2024-05-02T14:44:02","date_gmt":"2024-05-02T14:44:02","guid":{"rendered":"https:\/\/military-classic-auction.com\/?post_type=product&#038;p=7990"},"modified":"2024-05-18T14:01:01","modified_gmt":"2024-05-18T14:01:01","slug":"casquette-dofficier-us-navy","status":"publish","type":"product","link":"https:\/\/military-classic-auction.com\/en\/product\/casquette-dofficier-us-navy\/","title":{"rendered":"Casquette d&rsquo;officier &#8211; US Navy"},"content":{"rendered":"<p>Casquette d&rsquo;officier &#8211; US Navy<br \/>\nInsigne en m\u00e9tal argent\u00e9\/dor\u00e9.<br \/>\nFabrication : \u00ab\u00a0Novakoff Bros. &#8211; Navy Uniforms Charlestown.Mass.\u00a0\u00bb<br \/>\nTaille : 7<br \/>\nNominative : \u00ab\u00a0LT. T.W. ROGERS.<br \/>\n\u00c9tiquette \u00ab\u00a0Bancroft Caps\u00a0\u00bb pr\u00e9sente sous le bandeau tissu amovible.<br \/>\n(En l&rsquo;\u00e9tat, usures, bandeau cuir abim\u00e9)<br \/>\n&#8211;<br \/>\nOfficer cap &#8211; US Navy<br \/>\nSilver\/gold metal badge.<br \/>\nManufactured: \u00ab\u00a0Novakoff Bros. &#8211; Navy Uniforms Charlestown.Mass.\u00a0\u00bb<br \/>\nSize: 7<br \/>\nName: \u00ab\u00a0LT. T.W. ROGERS.<br \/>\n\u00ab\u00a0Bancroft Caps\u00a0\u00bb label present under the removable fabric headband.<br \/>\n(As is, wear, damaged leather headband)<\/p>","protected":false},"excerpt":{"rendered":"<p>Casquette d&rsquo;officier &#8211; US Navy Insigne en m\u00e9tal argent\u00e9\/dor\u00e9. Fabrication : \u00ab\u00a0Novakoff Bros. &#8211; Navy Uniforms Charlestown.Mass.\u00a0\u00bb Taille : 7 Nominative : \u00ab\u00a0LT. T.W. ROGERS. \u00c9tiquette \u00ab\u00a0Bancroft Caps\u00a0\u00bb pr\u00e9sente sous le bandeau tissu amovible. (En l&rsquo;\u00e9tat, usures, bandeau cuir abim\u00e9) &#8211; Officer cap &#8211; US Navy Silver\/gold metal badge. Manufactured: \u00ab\u00a0Novakoff Bros. &#8211; Navy Uniforms<a class=\"more-link\" href=\"https:\/\/military-classic-auction.com\/en\/product\/casquette-dofficier-us-navy\/\">Read more  &#10230;<\/a><\/p>","protected":false},"featured_media":7614,"template":"","meta":[],"product_brand":[],"product_cat":[28],"product_tag":[],"class_list":{"0":"post-7990","1":"product","2":"type-product","3":"status-publish","4":"has-post-thumbnail","6":"product_cat-casquettes-calots-us-army","8":"first","9":"instock","10":"sold-individually","11":"purchasable","12":"product-type-auction"},"aioseo_notices":[],"_links":{"self":[{"href":"https:\/\/military-classic-auction.com\/en\/wp-json\/wp\/v2\/product\/7990","targetHints":{"allow":["GET"]}}],"collection":[{"href":"https:\/\/military-classic-auction.com\/en\/wp-json\/wp\/v2\/product"}],"about":[{"href":"https:\/\/military-classic-auction.com\/en\/wp-json\/wp\/v2\/types\/product"}],"wp:featuredmedia":[{"embeddable":true,"href":"https:\/\/military-classic-auction.com\/en\/wp-json\/wp\/v2\/media\/7614"}],"wp:attachment":[{"href":"https:\/\/military-classic-auction.com\/en\/wp-json\/wp\/v2\/media?parent=7990"}],"wp:term":[{"taxonomy":"product_brand","embeddable":true,"href":"https:\/\/military-classic-auction.com\/en\/wp-json\/wp\/v2\/product_brand?post=7990"},{"taxonomy":"product_cat","embeddable":true,"href":"https:\/\/military-classic-auction.com\/en\/wp-json\/wp\/v2\/product_cat?post=7990"},{"taxonomy":"product_tag","embeddable":true,"href":"https:\/\/military-classic-auction.com\/en\/wp-json\/wp\/v2\/product_tag?post=7990"}],"curies":[{"name":"wp","href":"https:\/\/api.w.org\/{rel}","templated":true}]}}