{"id":7987,"date":"2024-05-02T14:44:01","date_gmt":"2024-05-02T14:44:01","guid":{"rendered":"https:\/\/military-classic-auction.com\/?post_type=product&#038;p=7987"},"modified":"2024-05-02T14:44:01","modified_gmt":"2024-05-02T14:44:01","slug":"calot-troupe-us-army-9","status":"publish","type":"product","link":"https:\/\/military-classic-auction.com\/en\/product\/calot-troupe-us-army-9\/","title":{"rendered":"Calot troupe &#8211; US Army"},"content":{"rendered":"<p>Calot troupe &#8211; US Army<br \/>\n\u00c9tiquette du fabricant pr\u00e9sente.<br \/>\nNominatif : \u00ab\u00a0J.R. SAYERS\u00a0\u00bb<br \/>\nLaundry Number : \u00ab\u00a0S-3438\u00a0\u00bb<br \/>\nTaille : 7<br \/>\nDat\u00e9 1942<br \/>\n=> James R. SAYERS &#8211; Matricule : 33073438<br \/>\nN\u00e9 en 1918, engag\u00e9 le 22 ao\u00fbt 1941.<br \/>\n&#8211;<br \/>\nTroop cap &#8211; US Army<br \/>\nManufacturer&rsquo;s label present.<br \/>\nName: \u00ab\u00a0J.R. SAYERS\u00a0\u00bb<br \/>\nLaundry Number: \u00ab\u00a0S-3438\u00a0\u00bb<br \/>\nSize: 7<br \/>\nDated 1942<br \/>\n=> James R. SAYERS &#8211; Registration number: 33073438<br \/>\nBorn in 1918, enlisted on August 22, 1941.<\/p>","protected":false},"excerpt":{"rendered":"<p>Calot troupe &#8211; US Army \u00c9tiquette du fabricant pr\u00e9sente. Nominatif : \u00ab\u00a0J.R. SAYERS\u00a0\u00bb Laundry Number : \u00ab\u00a0S-3438\u00a0\u00bb Taille : 7 Dat\u00e9 1942 => James R. SAYERS &#8211; Matricule : 33073438 N\u00e9 en 1918, engag\u00e9 le 22 ao\u00fbt 1941. &#8211; Troop cap &#8211; US Army Manufacturer&rsquo;s label present. Name: \u00ab\u00a0J.R. SAYERS\u00a0\u00bb Laundry Number: \u00ab\u00a0S-3438\u00a0\u00bb Size: 7<a class=\"more-link\" href=\"https:\/\/military-classic-auction.com\/en\/product\/calot-troupe-us-army-9\/\">Read more  &#10230;<\/a><\/p>","protected":false},"featured_media":7591,"template":"","meta":[],"product_brand":[],"product_cat":[28],"product_tag":[],"class_list":{"0":"post-7987","1":"product","2":"type-product","3":"status-publish","4":"has-post-thumbnail","6":"product_cat-casquettes-calots-us-army","8":"first","9":"instock","10":"sold-individually","11":"purchasable","12":"product-type-auction"},"aioseo_notices":[],"_links":{"self":[{"href":"https:\/\/military-classic-auction.com\/en\/wp-json\/wp\/v2\/product\/7987","targetHints":{"allow":["GET"]}}],"collection":[{"href":"https:\/\/military-classic-auction.com\/en\/wp-json\/wp\/v2\/product"}],"about":[{"href":"https:\/\/military-classic-auction.com\/en\/wp-json\/wp\/v2\/types\/product"}],"wp:featuredmedia":[{"embeddable":true,"href":"https:\/\/military-classic-auction.com\/en\/wp-json\/wp\/v2\/media\/7591"}],"wp:attachment":[{"href":"https:\/\/military-classic-auction.com\/en\/wp-json\/wp\/v2\/media?parent=7987"}],"wp:term":[{"taxonomy":"product_brand","embeddable":true,"href":"https:\/\/military-classic-auction.com\/en\/wp-json\/wp\/v2\/product_brand?post=7987"},{"taxonomy":"product_cat","embeddable":true,"href":"https:\/\/military-classic-auction.com\/en\/wp-json\/wp\/v2\/product_cat?post=7987"},{"taxonomy":"product_tag","embeddable":true,"href":"https:\/\/military-classic-auction.com\/en\/wp-json\/wp\/v2\/product_tag?post=7987"}],"curies":[{"name":"wp","href":"https:\/\/api.w.org\/{rel}","templated":true}]}}