{"id":7983,"date":"2024-05-02T14:43:58","date_gmt":"2024-05-02T14:43:58","guid":{"rendered":"https:\/\/military-classic-auction.com\/?post_type=product&#038;p=7983"},"modified":"2024-05-02T14:43:58","modified_gmt":"2024-05-02T14:43:58","slug":"calot-troupe-us-army-6","status":"publish","type":"product","link":"https:\/\/military-classic-auction.com\/en\/product\/calot-troupe-us-army-6\/","title":{"rendered":"Calot troupe &#8211; US Army"},"content":{"rendered":"<p>Calot troupe &#8211; US Army<br \/>\nPassepoil vert et blanc.<br \/>\n\u00c9tiquette du fabricant non pr\u00e9sente.<br \/>\nAnnotations diverses \u00e0 l&rsquo;int\u00e9rieur.<br \/>\n(En l&rsquo;\u00e9tat, usures)<br \/>\n&#8211;<br \/>\nTroop cap &#8211; US Army<br \/>\nGreen and white piping.<br \/>\nManufacturer&rsquo;s label not present.<br \/>\nVarious annotations inside.<br \/>\n(As is, wear)<\/p>","protected":false},"excerpt":{"rendered":"<p>Calot troupe &#8211; US Army Passepoil vert et blanc. \u00c9tiquette du fabricant non pr\u00e9sente. Annotations diverses \u00e0 l&rsquo;int\u00e9rieur. (En l&rsquo;\u00e9tat, usures) &#8211; Troop cap &#8211; US Army Green and white piping. Manufacturer&rsquo;s label not present. Various annotations inside. (As is, wear)<\/p>","protected":false},"featured_media":7566,"template":"","meta":[],"product_brand":[],"product_cat":[28],"product_tag":[],"class_list":{"0":"post-7983","1":"product","2":"type-product","3":"status-publish","4":"has-post-thumbnail","6":"product_cat-casquettes-calots-us-army","8":"first","9":"instock","10":"sold-individually","11":"purchasable","12":"product-type-auction"},"aioseo_notices":[],"_links":{"self":[{"href":"https:\/\/military-classic-auction.com\/en\/wp-json\/wp\/v2\/product\/7983","targetHints":{"allow":["GET"]}}],"collection":[{"href":"https:\/\/military-classic-auction.com\/en\/wp-json\/wp\/v2\/product"}],"about":[{"href":"https:\/\/military-classic-auction.com\/en\/wp-json\/wp\/v2\/types\/product"}],"wp:featuredmedia":[{"embeddable":true,"href":"https:\/\/military-classic-auction.com\/en\/wp-json\/wp\/v2\/media\/7566"}],"wp:attachment":[{"href":"https:\/\/military-classic-auction.com\/en\/wp-json\/wp\/v2\/media?parent=7983"}],"wp:term":[{"taxonomy":"product_brand","embeddable":true,"href":"https:\/\/military-classic-auction.com\/en\/wp-json\/wp\/v2\/product_brand?post=7983"},{"taxonomy":"product_cat","embeddable":true,"href":"https:\/\/military-classic-auction.com\/en\/wp-json\/wp\/v2\/product_cat?post=7983"},{"taxonomy":"product_tag","embeddable":true,"href":"https:\/\/military-classic-auction.com\/en\/wp-json\/wp\/v2\/product_tag?post=7983"}],"curies":[{"name":"wp","href":"https:\/\/api.w.org\/{rel}","templated":true}]}}