{"id":7981,"date":"2024-05-02T14:43:57","date_gmt":"2024-05-02T14:43:57","guid":{"rendered":"https:\/\/military-classic-auction.com\/?post_type=product&#038;p=7981"},"modified":"2024-05-14T13:20:19","modified_gmt":"2024-05-14T13:20:19","slug":"calot-troupe-us-army-4","status":"publish","type":"product","link":"https:\/\/military-classic-auction.com\/en\/product\/calot-troupe-us-army-4\/","title":{"rendered":"Calot troupe &#8211; US Army"},"content":{"rendered":"<p>Calot troupe &#8211; US Army<br \/>\nPassepoil noir.<br \/>\n\u00c9tiquette du fabricant pr\u00e9sente.<br \/>\nTaille : 7 1\/4<br \/>\n(Usures, bandeau cuir abim\u00e9 &#038; d\u00e9solidaris\u00e9)<br \/>\n&#8211;<br \/>\nTroop cap &#8211; US Army<br \/>\nBlack piping.<br \/>\nManufacturer&rsquo;s label present.<br \/>\nSize: 7 1\/4<br \/>\n(Wear, damaged &#038; detached leather headband)<\/p>","protected":false},"excerpt":{"rendered":"<p>Calot troupe &#8211; US Army Passepoil noir. \u00c9tiquette du fabricant pr\u00e9sente. Taille : 7 1\/4 (Usures, bandeau cuir abim\u00e9 &#038; d\u00e9solidaris\u00e9) &#8211; Troop cap &#8211; US Army Black piping. Manufacturer&rsquo;s label present. Size: 7 1\/4 (Wear, damaged &#038; detached leather headband)<\/p>","protected":false},"featured_media":7553,"template":"","meta":[],"product_brand":[],"product_cat":[28],"product_tag":[],"class_list":{"0":"post-7981","1":"product","2":"type-product","3":"status-publish","4":"has-post-thumbnail","6":"product_cat-casquettes-calots-us-army","8":"first","9":"instock","10":"sold-individually","11":"purchasable","12":"product-type-auction"},"aioseo_notices":[],"_links":{"self":[{"href":"https:\/\/military-classic-auction.com\/en\/wp-json\/wp\/v2\/product\/7981","targetHints":{"allow":["GET"]}}],"collection":[{"href":"https:\/\/military-classic-auction.com\/en\/wp-json\/wp\/v2\/product"}],"about":[{"href":"https:\/\/military-classic-auction.com\/en\/wp-json\/wp\/v2\/types\/product"}],"wp:featuredmedia":[{"embeddable":true,"href":"https:\/\/military-classic-auction.com\/en\/wp-json\/wp\/v2\/media\/7553"}],"wp:attachment":[{"href":"https:\/\/military-classic-auction.com\/en\/wp-json\/wp\/v2\/media?parent=7981"}],"wp:term":[{"taxonomy":"product_brand","embeddable":true,"href":"https:\/\/military-classic-auction.com\/en\/wp-json\/wp\/v2\/product_brand?post=7981"},{"taxonomy":"product_cat","embeddable":true,"href":"https:\/\/military-classic-auction.com\/en\/wp-json\/wp\/v2\/product_cat?post=7981"},{"taxonomy":"product_tag","embeddable":true,"href":"https:\/\/military-classic-auction.com\/en\/wp-json\/wp\/v2\/product_tag?post=7981"}],"curies":[{"name":"wp","href":"https:\/\/api.w.org\/{rel}","templated":true}]}}