{"id":7979,"date":"2024-05-02T14:43:56","date_gmt":"2024-05-02T14:43:56","guid":{"rendered":"https:\/\/military-classic-auction.com\/?post_type=product&#038;p=7979"},"modified":"2024-05-17T16:51:15","modified_gmt":"2024-05-17T16:51:15","slug":"calot-troupe-us-army-2","status":"publish","type":"product","link":"https:\/\/military-classic-auction.com\/en\/product\/calot-troupe-us-army-2\/","title":{"rendered":"Calot troupe &#8211; US Army"},"content":{"rendered":"<p>Calot troupe &#8211; US Army<br \/>\nMod\u00e8le \u00e9t\u00e9 type \u00ab\u00a0chino\u00a0\u00bb.<br \/>\nSans passepoil.<br \/>\nEtiquette du fabricant absente.<br \/>\nTaille : 7<br \/>\nLaundry Number : \u00ab\u00a0K-1923\u00a0\u00bb<br \/>\nAnnotations : \u00ab\u00a0RASSO &#8211; 0590 4th Co.\u00a0\u00bb<br \/>\n=>Salvatore A. RASSO &#8211; Matricule : \u00ab\u00a032520590\u00a0\u00bb<br \/>\nN\u00e9 en 1921, engag\u00e9 le 4 octobre 1942.<br \/>\n(En l&rsquo;\u00e9tat, usures, taches)<br \/>\n&#8211;<br \/>\nTroop cap &#8211; US Army<br \/>\nSummer \u00ab\u00a0chino\u00a0\u00bb model.<br \/>\nWithout piping.<br \/>\nManufacturer&rsquo;s label missing.<br \/>\nSize: 7<br \/>\nLaundry Number: \u00ab\u00a0K-1923\u00a0\u00bb<br \/>\nAnnotations: \u00ab\u00a0RASSO &#8211; 0590 4th Co.\u00a0\u00bb<br \/>\n=>Salvatore A. RASSO &#8211; Registration number: \u00ab\u00a032520590\u00a0\u00bb<br \/>\nBorn in 1921, enlisted on October 4, 1942.<br \/>\n(As is, wear, stains)<\/p>","protected":false},"excerpt":{"rendered":"<p>Calot troupe &#8211; US Army Mod\u00e8le \u00e9t\u00e9 type \u00ab\u00a0chino\u00a0\u00bb. Sans passepoil. Etiquette du fabricant absente. Taille : 7 Laundry Number : \u00ab\u00a0K-1923\u00a0\u00bb Annotations : \u00ab\u00a0RASSO &#8211; 0590 4th Co.\u00a0\u00bb =>Salvatore A. RASSO &#8211; Matricule : \u00ab\u00a032520590\u00a0\u00bb N\u00e9 en 1921, engag\u00e9 le 4 octobre 1942. (En l&rsquo;\u00e9tat, usures, taches) &#8211; Troop cap &#8211; US Army Summer<a class=\"more-link\" href=\"https:\/\/military-classic-auction.com\/en\/product\/calot-troupe-us-army-2\/\">Read more  &#10230;<\/a><\/p>","protected":false},"featured_media":7541,"template":"","meta":[],"product_brand":[],"product_cat":[28],"product_tag":[],"class_list":{"0":"post-7979","1":"product","2":"type-product","3":"status-publish","4":"has-post-thumbnail","6":"product_cat-casquettes-calots-us-army","8":"first","9":"instock","10":"sold-individually","11":"purchasable","12":"product-type-auction"},"aioseo_notices":[],"_links":{"self":[{"href":"https:\/\/military-classic-auction.com\/en\/wp-json\/wp\/v2\/product\/7979","targetHints":{"allow":["GET"]}}],"collection":[{"href":"https:\/\/military-classic-auction.com\/en\/wp-json\/wp\/v2\/product"}],"about":[{"href":"https:\/\/military-classic-auction.com\/en\/wp-json\/wp\/v2\/types\/product"}],"wp:featuredmedia":[{"embeddable":true,"href":"https:\/\/military-classic-auction.com\/en\/wp-json\/wp\/v2\/media\/7541"}],"wp:attachment":[{"href":"https:\/\/military-classic-auction.com\/en\/wp-json\/wp\/v2\/media?parent=7979"}],"wp:term":[{"taxonomy":"product_brand","embeddable":true,"href":"https:\/\/military-classic-auction.com\/en\/wp-json\/wp\/v2\/product_brand?post=7979"},{"taxonomy":"product_cat","embeddable":true,"href":"https:\/\/military-classic-auction.com\/en\/wp-json\/wp\/v2\/product_cat?post=7979"},{"taxonomy":"product_tag","embeddable":true,"href":"https:\/\/military-classic-auction.com\/en\/wp-json\/wp\/v2\/product_tag?post=7979"}],"curies":[{"name":"wp","href":"https:\/\/api.w.org\/{rel}","templated":true}]}}