{"id":7978,"date":"2024-05-02T14:43:55","date_gmt":"2024-05-02T14:43:55","guid":{"rendered":"https:\/\/military-classic-auction.com\/?post_type=product&#038;p=7978"},"modified":"2024-05-02T14:43:56","modified_gmt":"2024-05-02T14:43:56","slug":"calot-troupe-us-army","status":"publish","type":"product","link":"https:\/\/military-classic-auction.com\/en\/product\/calot-troupe-us-army\/","title":{"rendered":"Calot troupe &#8211; US Army"},"content":{"rendered":"<p>Calot troupe &#8211; US Army<br \/>\nSans passepoil.<br \/>\nFabrication : \u00ab\u00a0Bernard \/ &#038; Co.\u00a0\u00bb<br \/>\nTaille : 7 1\/4<br \/>\nDat\u00e9 1943<br \/>\nAnnotations diverses, barr\u00e9es<br \/>\n(En l&rsquo;\u00e9tat, usures, trous de mites)<br \/>\n&#8211;<br \/>\nTroop cap &#8211; US Army<br \/>\nWithout piping.<br \/>\nManufactured: \u00ab\u00a0Bernard \/ &#038; Co.\u00a0\u00bb<br \/>\nSize: 7 1\/4<br \/>\nDated 1943<br \/>\nMiscellaneous annotations, crossed out<br \/>\n(As is, wear, moth holes)<\/p>","protected":false},"excerpt":{"rendered":"<p>Calot troupe &#8211; US Army Sans passepoil. Fabrication : \u00ab\u00a0Bernard \/ &#038; Co.\u00a0\u00bb Taille : 7 1\/4 Dat\u00e9 1943 Annotations diverses, barr\u00e9es (En l&rsquo;\u00e9tat, usures, trous de mites) &#8211; Troop cap &#8211; US Army Without piping. Manufactured: \u00ab\u00a0Bernard \/ &#038; Co.\u00a0\u00bb Size: 7 1\/4 Dated 1943 Miscellaneous annotations, crossed out (As is, wear, moth holes)<\/p>","protected":false},"featured_media":7536,"template":"","meta":[],"product_brand":[],"product_cat":[28],"product_tag":[],"class_list":{"0":"post-7978","1":"product","2":"type-product","3":"status-publish","4":"has-post-thumbnail","6":"product_cat-casquettes-calots-us-army","8":"first","9":"instock","10":"sold-individually","11":"purchasable","12":"product-type-auction"},"aioseo_notices":[],"_links":{"self":[{"href":"https:\/\/military-classic-auction.com\/en\/wp-json\/wp\/v2\/product\/7978","targetHints":{"allow":["GET"]}}],"collection":[{"href":"https:\/\/military-classic-auction.com\/en\/wp-json\/wp\/v2\/product"}],"about":[{"href":"https:\/\/military-classic-auction.com\/en\/wp-json\/wp\/v2\/types\/product"}],"wp:featuredmedia":[{"embeddable":true,"href":"https:\/\/military-classic-auction.com\/en\/wp-json\/wp\/v2\/media\/7536"}],"wp:attachment":[{"href":"https:\/\/military-classic-auction.com\/en\/wp-json\/wp\/v2\/media?parent=7978"}],"wp:term":[{"taxonomy":"product_brand","embeddable":true,"href":"https:\/\/military-classic-auction.com\/en\/wp-json\/wp\/v2\/product_brand?post=7978"},{"taxonomy":"product_cat","embeddable":true,"href":"https:\/\/military-classic-auction.com\/en\/wp-json\/wp\/v2\/product_cat?post=7978"},{"taxonomy":"product_tag","embeddable":true,"href":"https:\/\/military-classic-auction.com\/en\/wp-json\/wp\/v2\/product_tag?post=7978"}],"curies":[{"name":"wp","href":"https:\/\/api.w.org\/{rel}","templated":true}]}}