{"id":7974,"date":"2024-05-02T14:43:52","date_gmt":"2024-05-02T14:43:52","guid":{"rendered":"https:\/\/military-classic-auction.com\/?post_type=product&#038;p=7974"},"modified":"2024-05-13T21:09:22","modified_gmt":"2024-05-13T21:09:22","slug":"calot-troupe-infanterie-us-army","status":"publish","type":"product","link":"https:\/\/military-classic-auction.com\/en\/product\/calot-troupe-infanterie-us-army\/","title":{"rendered":"Calot troupe \u00ab\u00a0infanterie\u00a0\u00bb &#8211; US Army"},"content":{"rendered":"<p>Calot troupe \u00ab\u00a0infanterie\u00a0\u00bb &#8211; US Army<br \/>\nPassepoil bleu.<br \/>\nFabrication : \u00ab\u00a0Cloth Headgear Mfg.Co.Inc.\u00a0\u00bb<br \/>\nTaille : 7 1\/8<br \/>\nDat\u00e9 1943<br \/>\nAnnotations diverses \u00e0 l&rsquo;int\u00e9rieur.<br \/>\n(Usures, trous de mites)<br \/>\n&#8211;<br \/>\n\u00ab\u00a0Infantry\u00a0\u00bb troop cap &#8211; US Army<br \/>\nBlue piping.<br \/>\nManufactured: \u00ab\u00a0Cloth Headgear Mfg.Co.Inc.\u00a0\u00bb<br \/>\nSize: 7 1\/8<br \/>\nDated 1943<br \/>\nVarious annotations inside.<br \/>\n(Wear, moth holes)<\/p>","protected":false},"excerpt":{"rendered":"<p>Calot troupe \u00ab\u00a0infanterie\u00a0\u00bb &#8211; US Army Passepoil bleu. Fabrication : \u00ab\u00a0Cloth Headgear Mfg.Co.Inc.\u00a0\u00bb Taille : 7 1\/8 Dat\u00e9 1943 Annotations diverses \u00e0 l&rsquo;int\u00e9rieur. (Usures, trous de mites) &#8211; \u00ab\u00a0Infantry\u00a0\u00bb troop cap &#8211; US Army Blue piping. Manufactured: \u00ab\u00a0Cloth Headgear Mfg.Co.Inc.\u00a0\u00bb Size: 7 1\/8 Dated 1943 Various annotations inside. (Wear, moth holes)<\/p>","protected":false},"featured_media":7513,"template":"","meta":[],"product_brand":[],"product_cat":[28],"product_tag":[],"class_list":{"0":"post-7974","1":"product","2":"type-product","3":"status-publish","4":"has-post-thumbnail","6":"product_cat-casquettes-calots-us-army","8":"first","9":"instock","10":"sold-individually","11":"purchasable","12":"product-type-auction"},"aioseo_notices":[],"_links":{"self":[{"href":"https:\/\/military-classic-auction.com\/en\/wp-json\/wp\/v2\/product\/7974","targetHints":{"allow":["GET"]}}],"collection":[{"href":"https:\/\/military-classic-auction.com\/en\/wp-json\/wp\/v2\/product"}],"about":[{"href":"https:\/\/military-classic-auction.com\/en\/wp-json\/wp\/v2\/types\/product"}],"wp:featuredmedia":[{"embeddable":true,"href":"https:\/\/military-classic-auction.com\/en\/wp-json\/wp\/v2\/media\/7513"}],"wp:attachment":[{"href":"https:\/\/military-classic-auction.com\/en\/wp-json\/wp\/v2\/media?parent=7974"}],"wp:term":[{"taxonomy":"product_brand","embeddable":true,"href":"https:\/\/military-classic-auction.com\/en\/wp-json\/wp\/v2\/product_brand?post=7974"},{"taxonomy":"product_cat","embeddable":true,"href":"https:\/\/military-classic-auction.com\/en\/wp-json\/wp\/v2\/product_cat?post=7974"},{"taxonomy":"product_tag","embeddable":true,"href":"https:\/\/military-classic-auction.com\/en\/wp-json\/wp\/v2\/product_tag?post=7974"}],"curies":[{"name":"wp","href":"https:\/\/api.w.org\/{rel}","templated":true}]}}