{"id":7971,"date":"2024-05-02T14:43:50","date_gmt":"2024-05-02T14:43:50","guid":{"rendered":"https:\/\/military-classic-auction.com\/?post_type=product&#038;p=7971"},"modified":"2024-05-15T06:33:48","modified_gmt":"2024-05-15T06:33:48","slug":"casquette-dofficier-14-18-us-army","status":"publish","type":"product","link":"https:\/\/military-classic-auction.com\/en\/product\/casquette-dofficier-14-18-us-army\/","title":{"rendered":"Casquette d&rsquo;officier 14-18 &#8211; US Army"},"content":{"rendered":"<p>Casquette d&rsquo;officier 14-18 &#8211; US Army<br \/>\n\u00c9tiquette pr\u00e9sente sous le bandeau cuir.<br \/>\nAnnotations \u00e0 l&rsquo;int\u00e9rieur.<br \/>\n(Usures, bandeau abim\u00e9, taches)<br \/>\n&#8211;<br \/>\nOfficer cap 14-18 &#8211; US Army<br \/>\nLabel present under the leather headband.<br \/>\nNotes inside.<br \/>\n(Wear, damaged headband, stains)<\/p>","protected":false},"excerpt":{"rendered":"<p>Casquette d&rsquo;officier 14-18 &#8211; US Army \u00c9tiquette pr\u00e9sente sous le bandeau cuir. Annotations \u00e0 l&rsquo;int\u00e9rieur. (Usures, bandeau abim\u00e9, taches) &#8211; Officer cap 14-18 &#8211; US Army Label present under the leather headband. Notes inside. (Wear, damaged headband, stains)<\/p>","protected":false},"featured_media":7492,"template":"","meta":[],"product_brand":[],"product_cat":[28],"product_tag":[],"class_list":{"0":"post-7971","1":"product","2":"type-product","3":"status-publish","4":"has-post-thumbnail","6":"product_cat-casquettes-calots-us-army","8":"first","9":"instock","10":"sold-individually","11":"purchasable","12":"product-type-auction"},"aioseo_notices":[],"_links":{"self":[{"href":"https:\/\/military-classic-auction.com\/en\/wp-json\/wp\/v2\/product\/7971","targetHints":{"allow":["GET"]}}],"collection":[{"href":"https:\/\/military-classic-auction.com\/en\/wp-json\/wp\/v2\/product"}],"about":[{"href":"https:\/\/military-classic-auction.com\/en\/wp-json\/wp\/v2\/types\/product"}],"wp:featuredmedia":[{"embeddable":true,"href":"https:\/\/military-classic-auction.com\/en\/wp-json\/wp\/v2\/media\/7492"}],"wp:attachment":[{"href":"https:\/\/military-classic-auction.com\/en\/wp-json\/wp\/v2\/media?parent=7971"}],"wp:term":[{"taxonomy":"product_brand","embeddable":true,"href":"https:\/\/military-classic-auction.com\/en\/wp-json\/wp\/v2\/product_brand?post=7971"},{"taxonomy":"product_cat","embeddable":true,"href":"https:\/\/military-classic-auction.com\/en\/wp-json\/wp\/v2\/product_cat?post=7971"},{"taxonomy":"product_tag","embeddable":true,"href":"https:\/\/military-classic-auction.com\/en\/wp-json\/wp\/v2\/product_tag?post=7971"}],"curies":[{"name":"wp","href":"https:\/\/api.w.org\/{rel}","templated":true}]}}