{"id":7970,"date":"2024-05-02T14:43:50","date_gmt":"2024-05-02T14:43:50","guid":{"rendered":"https:\/\/military-classic-auction.com\/?post_type=product&#038;p=7970"},"modified":"2024-05-02T14:43:50","modified_gmt":"2024-05-02T14:43:50","slug":"calot-troupe-armored-force-us-army-2","status":"publish","type":"product","link":"https:\/\/military-classic-auction.com\/en\/product\/calot-troupe-armored-force-us-army-2\/","title":{"rendered":"Calot troupe \u00ab\u00a0Armored Force\u00a0\u00bb &#8211; US Army"},"content":{"rendered":"<p>Calot troupe \u00ab\u00a0Armored Force\u00a0\u00bb &#8211; US Army<br \/>\nMod\u00e8le \u00e9t\u00e9 type \u00ab\u00a0chino\u00a0\u00bb.<br \/>\nPassepoil vert et jaune.<br \/>\n\u00c9tiquette du fabricant pr\u00e9sente.<br \/>\nAnnotations diverses.<br \/>\n(En l&rsquo;\u00e9tat, usures, taches)<br \/>\n&#8211;<br \/>\n\u00ab\u00a0Armored Force\u00a0\u00bb troop cap &#8211; US Army<br \/>\nSummer \u00ab\u00a0chino\u00a0\u00bb model.<br \/>\nGreen and yellow piping.<br \/>\nManufacturer&rsquo;s label present.<br \/>\nVarious annotations.<br \/>\n(As is, wear, stains)<\/p>","protected":false},"excerpt":{"rendered":"<p>Calot troupe \u00ab\u00a0Armored Force\u00a0\u00bb &#8211; US Army Mod\u00e8le \u00e9t\u00e9 type \u00ab\u00a0chino\u00a0\u00bb. Passepoil vert et jaune. \u00c9tiquette du fabricant pr\u00e9sente. Annotations diverses. (En l&rsquo;\u00e9tat, usures, taches) &#8211; \u00ab\u00a0Armored Force\u00a0\u00bb troop cap &#8211; US Army Summer \u00ab\u00a0chino\u00a0\u00bb model. Green and yellow piping. Manufacturer&rsquo;s label present. Various annotations. (As is, wear, stains)<\/p>","protected":false},"featured_media":7484,"template":"","meta":[],"product_brand":[],"product_cat":[28],"product_tag":[],"class_list":{"0":"post-7970","1":"product","2":"type-product","3":"status-publish","4":"has-post-thumbnail","6":"product_cat-casquettes-calots-us-army","8":"first","9":"instock","10":"sold-individually","11":"purchasable","12":"product-type-auction"},"aioseo_notices":[],"_links":{"self":[{"href":"https:\/\/military-classic-auction.com\/en\/wp-json\/wp\/v2\/product\/7970","targetHints":{"allow":["GET"]}}],"collection":[{"href":"https:\/\/military-classic-auction.com\/en\/wp-json\/wp\/v2\/product"}],"about":[{"href":"https:\/\/military-classic-auction.com\/en\/wp-json\/wp\/v2\/types\/product"}],"wp:featuredmedia":[{"embeddable":true,"href":"https:\/\/military-classic-auction.com\/en\/wp-json\/wp\/v2\/media\/7484"}],"wp:attachment":[{"href":"https:\/\/military-classic-auction.com\/en\/wp-json\/wp\/v2\/media?parent=7970"}],"wp:term":[{"taxonomy":"product_brand","embeddable":true,"href":"https:\/\/military-classic-auction.com\/en\/wp-json\/wp\/v2\/product_brand?post=7970"},{"taxonomy":"product_cat","embeddable":true,"href":"https:\/\/military-classic-auction.com\/en\/wp-json\/wp\/v2\/product_cat?post=7970"},{"taxonomy":"product_tag","embeddable":true,"href":"https:\/\/military-classic-auction.com\/en\/wp-json\/wp\/v2\/product_tag?post=7970"}],"curies":[{"name":"wp","href":"https:\/\/api.w.org\/{rel}","templated":true}]}}