{"id":7969,"date":"2024-05-02T14:43:49","date_gmt":"2024-05-02T14:43:49","guid":{"rendered":"https:\/\/military-classic-auction.com\/?post_type=product&#038;p=7969"},"modified":"2024-05-17T16:49:45","modified_gmt":"2024-05-17T16:49:45","slug":"calot-troupe-reconnaissance-us-army","status":"publish","type":"product","link":"https:\/\/military-classic-auction.com\/en\/product\/calot-troupe-reconnaissance-us-army\/","title":{"rendered":"Calot troupe \u00ab\u00a0reconnaissance\u00a0\u00bb &#8211; US Army"},"content":{"rendered":"<p>Calot troupe \u00ab\u00a0reconnaissance\u00a0\u00bb &#8211; US Army<br \/>\nMod\u00e8le \u00e9t\u00e9 type \u00ab\u00a0chino\u00a0\u00bb.<br \/>\nPassepoil jaune &#038; insigne 4\u00e8me division blind\u00e9e (marqu\u00e9 au dos).<br \/>\nFabrication : \u00ab\u00a0Premium Cap Co.\u00a0\u00bb<br \/>\nTaille : 7<br \/>\nDat\u00e9 1943<br \/>\n(En l&rsquo;\u00e9tat, usures, taches)<br \/>\n&#8211;<br \/>\n\u00ab\u00a0Cavalry\u00a0\u00bb troop cap &#8211; US Army<br \/>\nSummer \u00ab\u00a0chino\u00a0\u00bb model.<br \/>\nYellow piping &#038; 4th armored division badge (marked on the back).<br \/>\nManufactured: \u00ab\u00a0Premium Cap Co.\u00a0\u00bb<br \/>\nSize: 7<br \/>\nDated 1943<br \/>\n(As is, wear, stains)<\/p>","protected":false},"excerpt":{"rendered":"<p>Calot troupe \u00ab\u00a0reconnaissance\u00a0\u00bb &#8211; US Army Mod\u00e8le \u00e9t\u00e9 type \u00ab\u00a0chino\u00a0\u00bb. Passepoil jaune &#038; insigne 4\u00e8me division blind\u00e9e (marqu\u00e9 au dos). Fabrication : \u00ab\u00a0Premium Cap Co.\u00a0\u00bb Taille : 7 Dat\u00e9 1943 (En l&rsquo;\u00e9tat, usures, taches) &#8211; \u00ab\u00a0Cavalry\u00a0\u00bb troop cap &#8211; US Army Summer \u00ab\u00a0chino\u00a0\u00bb model. Yellow piping &#038; 4th armored division badge (marked on the back).<a class=\"more-link\" href=\"https:\/\/military-classic-auction.com\/en\/product\/calot-troupe-reconnaissance-us-army\/\">Read more  &#10230;<\/a><\/p>","protected":false},"featured_media":7478,"template":"","meta":[],"product_brand":[],"product_cat":[28],"product_tag":[],"class_list":{"0":"post-7969","1":"product","2":"type-product","3":"status-publish","4":"has-post-thumbnail","6":"product_cat-casquettes-calots-us-army","8":"first","9":"instock","10":"sold-individually","11":"purchasable","12":"product-type-auction"},"aioseo_notices":[],"_links":{"self":[{"href":"https:\/\/military-classic-auction.com\/en\/wp-json\/wp\/v2\/product\/7969","targetHints":{"allow":["GET"]}}],"collection":[{"href":"https:\/\/military-classic-auction.com\/en\/wp-json\/wp\/v2\/product"}],"about":[{"href":"https:\/\/military-classic-auction.com\/en\/wp-json\/wp\/v2\/types\/product"}],"wp:featuredmedia":[{"embeddable":true,"href":"https:\/\/military-classic-auction.com\/en\/wp-json\/wp\/v2\/media\/7478"}],"wp:attachment":[{"href":"https:\/\/military-classic-auction.com\/en\/wp-json\/wp\/v2\/media?parent=7969"}],"wp:term":[{"taxonomy":"product_brand","embeddable":true,"href":"https:\/\/military-classic-auction.com\/en\/wp-json\/wp\/v2\/product_brand?post=7969"},{"taxonomy":"product_cat","embeddable":true,"href":"https:\/\/military-classic-auction.com\/en\/wp-json\/wp\/v2\/product_cat?post=7969"},{"taxonomy":"product_tag","embeddable":true,"href":"https:\/\/military-classic-auction.com\/en\/wp-json\/wp\/v2\/product_tag?post=7969"}],"curies":[{"name":"wp","href":"https:\/\/api.w.org\/{rel}","templated":true}]}}