{"id":7967,"date":"2024-05-02T14:43:48","date_gmt":"2024-05-02T14:43:48","guid":{"rendered":"https:\/\/military-classic-auction.com\/?post_type=product&#038;p=7967"},"modified":"2024-05-02T14:43:49","modified_gmt":"2024-05-02T14:43:49","slug":"calot-troupe-artillerie-us-army-3","status":"publish","type":"product","link":"https:\/\/military-classic-auction.com\/en\/product\/calot-troupe-artillerie-us-army-3\/","title":{"rendered":"Calot troupe \u00ab\u00a0Artillerie\u00a0\u00bb &#8211; US Army"},"content":{"rendered":"<p>Calot troupe \u00ab\u00a0Artillerie\u00a0\u00bb &#8211; US Army<br \/>\nPassepoil rouge.<br \/>\n\u00c9tiquette de fabrication pr\u00e9sente.<br \/>\nTaille : 7<br \/>\n(En l&rsquo;\u00e9tat)<br \/>\n&#8211;<br \/>\n\u00ab\u00a0Artillery\u00a0\u00bb troop cap &#8211; US Army<br \/>\n\u00ab\u00a0Cap Garrison Od\u00a0\u00bb<br \/>\nRed piping.<br \/>\nManufacturing label present.<br \/>\nSize: 7<br \/>\n(As is)<\/p>","protected":false},"excerpt":{"rendered":"<p>Calot troupe \u00ab\u00a0Artillerie\u00a0\u00bb &#8211; US Army Passepoil rouge. \u00c9tiquette de fabrication pr\u00e9sente. Taille : 7 (En l&rsquo;\u00e9tat) &#8211; \u00ab\u00a0Artillery\u00a0\u00bb troop cap &#8211; US Army \u00ab\u00a0Cap Garrison Od\u00a0\u00bb Red piping. Manufacturing label present. Size: 7 (As is)<\/p>","protected":false},"featured_media":7465,"template":"","meta":[],"product_brand":[],"product_cat":[28],"product_tag":[],"class_list":{"0":"post-7967","1":"product","2":"type-product","3":"status-publish","4":"has-post-thumbnail","6":"product_cat-casquettes-calots-us-army","8":"first","9":"instock","10":"sold-individually","11":"purchasable","12":"product-type-auction"},"aioseo_notices":[],"_links":{"self":[{"href":"https:\/\/military-classic-auction.com\/en\/wp-json\/wp\/v2\/product\/7967","targetHints":{"allow":["GET"]}}],"collection":[{"href":"https:\/\/military-classic-auction.com\/en\/wp-json\/wp\/v2\/product"}],"about":[{"href":"https:\/\/military-classic-auction.com\/en\/wp-json\/wp\/v2\/types\/product"}],"wp:featuredmedia":[{"embeddable":true,"href":"https:\/\/military-classic-auction.com\/en\/wp-json\/wp\/v2\/media\/7465"}],"wp:attachment":[{"href":"https:\/\/military-classic-auction.com\/en\/wp-json\/wp\/v2\/media?parent=7967"}],"wp:term":[{"taxonomy":"product_brand","embeddable":true,"href":"https:\/\/military-classic-auction.com\/en\/wp-json\/wp\/v2\/product_brand?post=7967"},{"taxonomy":"product_cat","embeddable":true,"href":"https:\/\/military-classic-auction.com\/en\/wp-json\/wp\/v2\/product_cat?post=7967"},{"taxonomy":"product_tag","embeddable":true,"href":"https:\/\/military-classic-auction.com\/en\/wp-json\/wp\/v2\/product_tag?post=7967"}],"curies":[{"name":"wp","href":"https:\/\/api.w.org\/{rel}","templated":true}]}}