{"id":7966,"date":"2024-05-02T14:43:47","date_gmt":"2024-05-02T14:43:47","guid":{"rendered":"https:\/\/military-classic-auction.com\/?post_type=product&#038;p=7966"},"modified":"2024-05-02T14:43:47","modified_gmt":"2024-05-02T14:43:47","slug":"calot-de-capitaine-artillerie-us-army","status":"publish","type":"product","link":"https:\/\/military-classic-auction.com\/en\/product\/calot-de-capitaine-artillerie-us-army\/","title":{"rendered":"Calot de capitaine \u00ab\u00a0Artillerie\u00a0\u00bb &#8211; US Army"},"content":{"rendered":"<p>Calot de capitaine \u00ab\u00a0Artillerie\u00a0\u00bb &#8211; US Army<br \/>\nMod\u00e8le \u00e9t\u00e9 type \u00ab\u00a0chino\u00a0\u00bb.<br \/>\nPassepoil rouge et insigne m\u00e9tal.<br \/>\n\u00c9tiquette du fabricant absente.<br \/>\nLaundry Number : \u00ab\u00a0D-4899\u00a0\u00bb<br \/>\nAnnotations diverses \u00e0 l&rsquo;int\u00e9rieur.<br \/>\n(En l&rsquo;\u00e9tat, usures, taches)<br \/>\n&#8211;<br \/>\nCaptain&rsquo;s cap \u00ab\u00a0Artillery\u00a0\u00bb &#8211; US Army<br \/>\nSummer \u00ab\u00a0chino\u00a0\u00bb model.<br \/>\nRed piping and metal badge.<br \/>\nManufacturer&rsquo;s label missing.<br \/>\nLaundry Number: \u00ab\u00a0D-4899\u00a0\u00bb<br \/>\nVarious annotations inside.<br \/>\n(As is, wear, stains)<\/p>","protected":false},"excerpt":{"rendered":"<p>Calot de capitaine \u00ab\u00a0Artillerie\u00a0\u00bb &#8211; US Army Mod\u00e8le \u00e9t\u00e9 type \u00ab\u00a0chino\u00a0\u00bb. Passepoil rouge et insigne m\u00e9tal. \u00c9tiquette du fabricant absente. Laundry Number : \u00ab\u00a0D-4899\u00a0\u00bb Annotations diverses \u00e0 l&rsquo;int\u00e9rieur. (En l&rsquo;\u00e9tat, usures, taches) &#8211; Captain&rsquo;s cap \u00ab\u00a0Artillery\u00a0\u00bb &#8211; US Army Summer \u00ab\u00a0chino\u00a0\u00bb model. Red piping and metal badge. Manufacturer&rsquo;s label missing. Laundry Number: \u00ab\u00a0D-4899\u00a0\u00bb Various annotations<a class=\"more-link\" href=\"https:\/\/military-classic-auction.com\/en\/product\/calot-de-capitaine-artillerie-us-army\/\">Read more  &#10230;<\/a><\/p>","protected":false},"featured_media":7460,"template":"","meta":[],"product_brand":[],"product_cat":[28],"product_tag":[],"class_list":{"0":"post-7966","1":"product","2":"type-product","3":"status-publish","4":"has-post-thumbnail","6":"product_cat-casquettes-calots-us-army","8":"first","9":"instock","10":"sold-individually","11":"purchasable","12":"product-type-auction"},"aioseo_notices":[],"_links":{"self":[{"href":"https:\/\/military-classic-auction.com\/en\/wp-json\/wp\/v2\/product\/7966","targetHints":{"allow":["GET"]}}],"collection":[{"href":"https:\/\/military-classic-auction.com\/en\/wp-json\/wp\/v2\/product"}],"about":[{"href":"https:\/\/military-classic-auction.com\/en\/wp-json\/wp\/v2\/types\/product"}],"wp:featuredmedia":[{"embeddable":true,"href":"https:\/\/military-classic-auction.com\/en\/wp-json\/wp\/v2\/media\/7460"}],"wp:attachment":[{"href":"https:\/\/military-classic-auction.com\/en\/wp-json\/wp\/v2\/media?parent=7966"}],"wp:term":[{"taxonomy":"product_brand","embeddable":true,"href":"https:\/\/military-classic-auction.com\/en\/wp-json\/wp\/v2\/product_brand?post=7966"},{"taxonomy":"product_cat","embeddable":true,"href":"https:\/\/military-classic-auction.com\/en\/wp-json\/wp\/v2\/product_cat?post=7966"},{"taxonomy":"product_tag","embeddable":true,"href":"https:\/\/military-classic-auction.com\/en\/wp-json\/wp\/v2\/product_tag?post=7966"}],"curies":[{"name":"wp","href":"https:\/\/api.w.org\/{rel}","templated":true}]}}