{"id":7961,"date":"2024-05-02T14:43:44","date_gmt":"2024-05-02T14:43:44","guid":{"rendered":"https:\/\/military-classic-auction.com\/?post_type=product&#038;p=7961"},"modified":"2024-05-17T17:04:52","modified_gmt":"2024-05-17T17:04:52","slug":"casquette-troupe-sous-officier-us-army-3","status":"publish","type":"product","link":"https:\/\/military-classic-auction.com\/en\/product\/casquette-troupe-sous-officier-us-army-3\/","title":{"rendered":"Casquette troupe \/ sous-officier &#8211; US Army"},"content":{"rendered":"<p>Casquette troupe \/ sous-officier &#8211; US Army<br \/>\nCasquette de dotation r\u00e9glementaire en drap de laine.<br \/>\nMarquage fabricant sous le bandeau cuir.<br \/>\n\u00ab\u00a0Philadelphia Quartermaster Depot\u00a0\u00bb<br \/>\nNominative : \u00ab\u00a0George H. Pra..\u00a0\u00bb<br \/>\nAvec un reste de matricule : \u00ab\u00a0.9056944\u00a0\u00bb<br \/>\n=> George Halsey PRATT &#8211; Matricule : \u00ab\u00a019056944\u00a0\u00bb<br \/>\nN\u00e9 le 31 juillet 1915, engag\u00e9 le 25 avril 1941 \u00e0 Ft Macarthur San Pedro California.<br \/>\nIl sert dans l&rsquo;USAAF durant la Seconde Guerre mondiale. Il d\u00e9c\u00e8de le 18 avril 1976.<br \/>\nLieu de s\u00e9pulture :<br \/>\n\u00ab\u00a0Paradise Cemetery<br \/>\nParadise, Butte County, California, USA\u00a0\u00bb<br \/>\n(En l&rsquo;\u00e9tat, usures)<br \/>\n&#8211;<br \/>\nTroop \/ non-commissioned officer cap &#8211; US Army<br \/>\nRegulatory endowment cap in woolen cloth.<br \/>\nManufacturer&rsquo;s marking under the leather headband.<br \/>\n\u00ab\u00a0Philadelphia Quartermaster Depot\u00a0\u00bb<br \/>\nName: \u00ab\u00a0George H. Pra..\u00a0\u00bb<br \/>\nWith a remainder of the registration number: \u00ab\u00a0.9056944\u00a0\u00bb<br \/>\n=> George Halsey PRATT &#8211; Registration number: \u00ab\u00a019056944\u00a0\u00bb<br \/>\nBorn July 31, 1915, enlisted April 25, 1941 at Ft Macarthur San Pedro California.<br \/>\nHe served in the USAAF during World War II. He died on April 18, 1976.<br \/>\nBurial location:<br \/>\n\u00ab\u00a0Paradise Cemetery<br \/>\nParadise, Butte County, California, USA\u00a0\u00bb<br \/>\n(As is, wear)<\/p>","protected":false},"excerpt":{"rendered":"<p>Casquette troupe \/ sous-officier &#8211; US Army Casquette de dotation r\u00e9glementaire en drap de laine. Marquage fabricant sous le bandeau cuir. \u00ab\u00a0Philadelphia Quartermaster Depot\u00a0\u00bb Nominative : \u00ab\u00a0George H. Pra..\u00a0\u00bb Avec un reste de matricule : \u00ab\u00a0.9056944\u00a0\u00bb => George Halsey PRATT &#8211; Matricule : \u00ab\u00a019056944\u00a0\u00bb N\u00e9 le 31 juillet 1915, engag\u00e9 le 25 avril 1941 \u00e0<a class=\"more-link\" href=\"https:\/\/military-classic-auction.com\/en\/product\/casquette-troupe-sous-officier-us-army-3\/\">Read more  &#10230;<\/a><\/p>","protected":false},"featured_media":7426,"template":"","meta":[],"product_brand":[],"product_cat":[28],"product_tag":[],"class_list":{"0":"post-7961","1":"product","2":"type-product","3":"status-publish","4":"has-post-thumbnail","6":"product_cat-casquettes-calots-us-army","8":"first","9":"instock","10":"sold-individually","11":"purchasable","12":"product-type-auction"},"aioseo_notices":[],"_links":{"self":[{"href":"https:\/\/military-classic-auction.com\/en\/wp-json\/wp\/v2\/product\/7961","targetHints":{"allow":["GET"]}}],"collection":[{"href":"https:\/\/military-classic-auction.com\/en\/wp-json\/wp\/v2\/product"}],"about":[{"href":"https:\/\/military-classic-auction.com\/en\/wp-json\/wp\/v2\/types\/product"}],"wp:featuredmedia":[{"embeddable":true,"href":"https:\/\/military-classic-auction.com\/en\/wp-json\/wp\/v2\/media\/7426"}],"wp:attachment":[{"href":"https:\/\/military-classic-auction.com\/en\/wp-json\/wp\/v2\/media?parent=7961"}],"wp:term":[{"taxonomy":"product_brand","embeddable":true,"href":"https:\/\/military-classic-auction.com\/en\/wp-json\/wp\/v2\/product_brand?post=7961"},{"taxonomy":"product_cat","embeddable":true,"href":"https:\/\/military-classic-auction.com\/en\/wp-json\/wp\/v2\/product_cat?post=7961"},{"taxonomy":"product_tag","embeddable":true,"href":"https:\/\/military-classic-auction.com\/en\/wp-json\/wp\/v2\/product_tag?post=7961"}],"curies":[{"name":"wp","href":"https:\/\/api.w.org\/{rel}","templated":true}]}}