{"id":7960,"date":"2024-05-02T14:43:44","date_gmt":"2024-05-02T14:43:44","guid":{"rendered":"https:\/\/military-classic-auction.com\/?post_type=product&#038;p=7960"},"modified":"2024-05-02T14:43:44","modified_gmt":"2024-05-02T14:43:44","slug":"casquette-troupe-pour-tenue-de-sortie-us-army","status":"publish","type":"product","link":"https:\/\/military-classic-auction.com\/en\/product\/casquette-troupe-pour-tenue-de-sortie-us-army\/","title":{"rendered":"Casquette troupe pour tenue de sortie &#8211; US Army"},"content":{"rendered":"<p>Casquette troupe pour tenue de sortie &#8211; US Army<br \/>\nEn toile de coton, visi\u00e8re et jugulaire cartonn\u00e9e imitation cuir.<br \/>\nFabrication : \u00ab\u00a0United Hatters, Cap and Millinery Workers\u00a0\u00bb<br \/>\nDeux \u00e9tiquettes pr\u00e9sentes.<br \/>\n(Usures, jugulaire craquel\u00e9e, t\u00e2ches)<br \/>\n&#8211;<br \/>\nTroop cap for outing outfit &#8211; US Army<br \/>\nIn cotton canvas, imitation leather visor and chin strap.<br \/>\nManufacturing: \u00ab\u00a0United Hatters, Cap and Millinery Workers\u00a0\u00bb<br \/>\nTwo labels present.<br \/>\n(Wear, cracked chinstrap, stains)<\/p>","protected":false},"excerpt":{"rendered":"<p>Casquette troupe pour tenue de sortie &#8211; US Army En toile de coton, visi\u00e8re et jugulaire cartonn\u00e9e imitation cuir. Fabrication : \u00ab\u00a0United Hatters, Cap and Millinery Workers\u00a0\u00bb Deux \u00e9tiquettes pr\u00e9sentes. (Usures, jugulaire craquel\u00e9e, t\u00e2ches) &#8211; Troop cap for outing outfit &#8211; US Army In cotton canvas, imitation leather visor and chin strap. Manufacturing: \u00ab\u00a0United Hatters,<a class=\"more-link\" href=\"https:\/\/military-classic-auction.com\/en\/product\/casquette-troupe-pour-tenue-de-sortie-us-army\/\">Read more  &#10230;<\/a><\/p>","protected":false},"featured_media":7418,"template":"","meta":[],"product_brand":[],"product_cat":[28],"product_tag":[],"class_list":{"0":"post-7960","1":"product","2":"type-product","3":"status-publish","4":"has-post-thumbnail","6":"product_cat-casquettes-calots-us-army","8":"first","9":"instock","10":"sold-individually","11":"purchasable","12":"product-type-auction"},"aioseo_notices":[],"_links":{"self":[{"href":"https:\/\/military-classic-auction.com\/en\/wp-json\/wp\/v2\/product\/7960","targetHints":{"allow":["GET"]}}],"collection":[{"href":"https:\/\/military-classic-auction.com\/en\/wp-json\/wp\/v2\/product"}],"about":[{"href":"https:\/\/military-classic-auction.com\/en\/wp-json\/wp\/v2\/types\/product"}],"wp:featuredmedia":[{"embeddable":true,"href":"https:\/\/military-classic-auction.com\/en\/wp-json\/wp\/v2\/media\/7418"}],"wp:attachment":[{"href":"https:\/\/military-classic-auction.com\/en\/wp-json\/wp\/v2\/media?parent=7960"}],"wp:term":[{"taxonomy":"product_brand","embeddable":true,"href":"https:\/\/military-classic-auction.com\/en\/wp-json\/wp\/v2\/product_brand?post=7960"},{"taxonomy":"product_cat","embeddable":true,"href":"https:\/\/military-classic-auction.com\/en\/wp-json\/wp\/v2\/product_cat?post=7960"},{"taxonomy":"product_tag","embeddable":true,"href":"https:\/\/military-classic-auction.com\/en\/wp-json\/wp\/v2\/product_tag?post=7960"}],"curies":[{"name":"wp","href":"https:\/\/api.w.org\/{rel}","templated":true}]}}