{"id":7958,"date":"2024-05-02T14:43:43","date_gmt":"2024-05-02T14:43:43","guid":{"rendered":"https:\/\/military-classic-auction.com\/?post_type=product&#038;p=7958"},"modified":"2024-05-02T14:43:43","modified_gmt":"2024-05-02T14:43:43","slug":"casquette-troupe-sous-officier-us-army","status":"publish","type":"product","link":"https:\/\/military-classic-auction.com\/en\/product\/casquette-troupe-sous-officier-us-army\/","title":{"rendered":"Casquette troupe \/ sous-officier &#8211; US Army"},"content":{"rendered":"<p>Casquette troupe \/ sous-officier &#8211; US Army<br \/>\nCasquette de dotation r\u00e9glementaire en drap de laine.<br \/>\nMarquage fabricant pr\u00e9sent.<br \/>\n\u00ab\u00a0Philadelphia Quartermaster Depot\u00a0\u00bb<br \/>\nDat\u00e9e 1942<br \/>\nTaille : 7 3\/8<br \/>\n(Usures, quelques trous de mites, bandeau l\u00e9g\u00e8rement d\u00e9cousu)<br \/>\n&#8211;<br \/>\nCap service enlisted man&rsquo;s &#8211; US Army<br \/>\nTroop \/ non-commissioned officer cap.<br \/>\nRegulatory endowment cap in woolen cloth.<br \/>\nManufacturer&rsquo;s marking present.<br \/>\n\u00ab\u00a0Philadelphia Quartermaster Depot\u00a0\u00bb<br \/>\nDated 1942<br \/>\nSize: 7 3\/8<br \/>\n(Wear, a few moth holes, slightly unstitched headband)<\/p>","protected":false},"excerpt":{"rendered":"<p>Casquette troupe \/ sous-officier &#8211; US Army Casquette de dotation r\u00e9glementaire en drap de laine. Marquage fabricant pr\u00e9sent. \u00ab\u00a0Philadelphia Quartermaster Depot\u00a0\u00bb Dat\u00e9e 1942 Taille : 7 3\/8 (Usures, quelques trous de mites, bandeau l\u00e9g\u00e8rement d\u00e9cousu) &#8211; Cap service enlisted man&rsquo;s &#8211; US Army Troop \/ non-commissioned officer cap. Regulatory endowment cap in woolen cloth. Manufacturer&rsquo;s<a class=\"more-link\" href=\"https:\/\/military-classic-auction.com\/en\/product\/casquette-troupe-sous-officier-us-army\/\">Read more  &#10230;<\/a><\/p>","protected":false},"featured_media":7402,"template":"","meta":[],"product_brand":[],"product_cat":[28],"product_tag":[],"class_list":{"0":"post-7958","1":"product","2":"type-product","3":"status-publish","4":"has-post-thumbnail","6":"product_cat-casquettes-calots-us-army","8":"first","9":"instock","10":"sold-individually","11":"purchasable","12":"product-type-auction"},"aioseo_notices":[],"_links":{"self":[{"href":"https:\/\/military-classic-auction.com\/en\/wp-json\/wp\/v2\/product\/7958","targetHints":{"allow":["GET"]}}],"collection":[{"href":"https:\/\/military-classic-auction.com\/en\/wp-json\/wp\/v2\/product"}],"about":[{"href":"https:\/\/military-classic-auction.com\/en\/wp-json\/wp\/v2\/types\/product"}],"wp:featuredmedia":[{"embeddable":true,"href":"https:\/\/military-classic-auction.com\/en\/wp-json\/wp\/v2\/media\/7402"}],"wp:attachment":[{"href":"https:\/\/military-classic-auction.com\/en\/wp-json\/wp\/v2\/media?parent=7958"}],"wp:term":[{"taxonomy":"product_brand","embeddable":true,"href":"https:\/\/military-classic-auction.com\/en\/wp-json\/wp\/v2\/product_brand?post=7958"},{"taxonomy":"product_cat","embeddable":true,"href":"https:\/\/military-classic-auction.com\/en\/wp-json\/wp\/v2\/product_cat?post=7958"},{"taxonomy":"product_tag","embeddable":true,"href":"https:\/\/military-classic-auction.com\/en\/wp-json\/wp\/v2\/product_tag?post=7958"}],"curies":[{"name":"wp","href":"https:\/\/api.w.org\/{rel}","templated":true}]}}