{"id":7957,"date":"2024-05-02T14:43:43","date_gmt":"2024-05-02T14:43:43","guid":{"rendered":"https:\/\/military-classic-auction.com\/?post_type=product&#038;p=7957"},"modified":"2024-05-02T14:43:43","modified_gmt":"2024-05-02T14:43:43","slug":"calot-dofficier-troupes-aeroportees-us-army","status":"publish","type":"product","link":"https:\/\/military-classic-auction.com\/en\/product\/calot-dofficier-troupes-aeroportees-us-army\/","title":{"rendered":"Calot d&rsquo;officier troupes a\u00e9roport\u00e9es &#8211; US Army"},"content":{"rendered":"<p>Calot d&rsquo;officier troupes a\u00e9roport\u00e9es &#8211; US Army<br \/>\nPatch tissu \u00ab\u00a0Infanterie de planeurs &#038; troupes a\u00e9roport\u00e9es\u00a0\u00bb<br \/>\nPassepoil dor\u00e9 et noir.<br \/>\nTaille : 7<br \/>\n(Usures, bandeau cuir l\u00e9g\u00e8rement d\u00e9cousu)<br \/>\n&#8211;<br \/>\nAirborne troop officer cap &#8211; US Army<br \/>\nFabric patch \u00ab\u00a0Glider infantry &#038; airborne troops\u00a0\u00bb<br \/>\nGold and black piping.<br \/>\nSize: 7<br \/>\n(Wear, slightly unstitched leather headband)<\/p>","protected":false},"excerpt":{"rendered":"<p>Calot d&rsquo;officier troupes a\u00e9roport\u00e9es &#8211; US Army Patch tissu \u00ab\u00a0Infanterie de planeurs &#038; troupes a\u00e9roport\u00e9es\u00a0\u00bb Passepoil dor\u00e9 et noir. Taille : 7 (Usures, bandeau cuir l\u00e9g\u00e8rement d\u00e9cousu) &#8211; Airborne troop officer cap &#8211; US Army Fabric patch \u00ab\u00a0Glider infantry &#038; airborne troops\u00a0\u00bb Gold and black piping. Size: 7 (Wear, slightly unstitched leather headband)<\/p>","protected":false},"featured_media":7395,"template":"","meta":[],"product_brand":[],"product_cat":[28],"product_tag":[],"class_list":{"0":"post-7957","1":"product","2":"type-product","3":"status-publish","4":"has-post-thumbnail","6":"product_cat-casquettes-calots-us-army","8":"first","9":"instock","10":"sold-individually","11":"purchasable","12":"product-type-auction"},"aioseo_notices":[],"_links":{"self":[{"href":"https:\/\/military-classic-auction.com\/en\/wp-json\/wp\/v2\/product\/7957","targetHints":{"allow":["GET"]}}],"collection":[{"href":"https:\/\/military-classic-auction.com\/en\/wp-json\/wp\/v2\/product"}],"about":[{"href":"https:\/\/military-classic-auction.com\/en\/wp-json\/wp\/v2\/types\/product"}],"wp:featuredmedia":[{"embeddable":true,"href":"https:\/\/military-classic-auction.com\/en\/wp-json\/wp\/v2\/media\/7395"}],"wp:attachment":[{"href":"https:\/\/military-classic-auction.com\/en\/wp-json\/wp\/v2\/media?parent=7957"}],"wp:term":[{"taxonomy":"product_brand","embeddable":true,"href":"https:\/\/military-classic-auction.com\/en\/wp-json\/wp\/v2\/product_brand?post=7957"},{"taxonomy":"product_cat","embeddable":true,"href":"https:\/\/military-classic-auction.com\/en\/wp-json\/wp\/v2\/product_cat?post=7957"},{"taxonomy":"product_tag","embeddable":true,"href":"https:\/\/military-classic-auction.com\/en\/wp-json\/wp\/v2\/product_tag?post=7957"}],"curies":[{"name":"wp","href":"https:\/\/api.w.org\/{rel}","templated":true}]}}