{"id":7956,"date":"2024-05-02T14:43:41","date_gmt":"2024-05-02T14:43:41","guid":{"rendered":"https:\/\/military-classic-auction.com\/?post_type=product&#038;p=7956"},"modified":"2024-05-02T14:43:41","modified_gmt":"2024-05-02T14:43:41","slug":"calot-troupes-aeroportees-artillerie-us-army","status":"publish","type":"product","link":"https:\/\/military-classic-auction.com\/en\/product\/calot-troupes-aeroportees-artillerie-us-army\/","title":{"rendered":"Calot troupes a\u00e9roport\u00e9es \u00ab\u00a0Artillerie\u00a0\u00bb &#8211; US Army"},"content":{"rendered":"<p>Calot troupes a\u00e9roport\u00e9es \u00ab\u00a0Artillerie\u00a0\u00bb &#8211; US Army<br \/>\nPatch rouge et blanc des troupes a\u00e9roport\u00e9es.<br \/>\nPassepoil rouge.<br \/>\n\u00c9tiquette de fabrication pr\u00e9sente.<br \/>\nTaille : 7<br \/>\nEn l&rsquo;\u00e9tat.<br \/>\n&#8211;<br \/>\nAirborne troops cap \u00ab\u00a0Artillery\u00a0\u00bb &#8211; US Army<br \/>\nRed and white patch of the airborne troops.<br \/>\nRed piping.<br \/>\nManufacturing label present.<br \/>\nSize: 7<br \/>\nAs is.<\/p>","protected":false},"excerpt":{"rendered":"<p>Calot troupes a\u00e9roport\u00e9es \u00ab\u00a0Artillerie\u00a0\u00bb &#8211; US Army Patch rouge et blanc des troupes a\u00e9roport\u00e9es. Passepoil rouge. \u00c9tiquette de fabrication pr\u00e9sente. Taille : 7 En l&rsquo;\u00e9tat. &#8211; Airborne troops cap \u00ab\u00a0Artillery\u00a0\u00bb &#8211; US Army Red and white patch of the airborne troops. Red piping. Manufacturing label present. Size: 7 As is.<\/p>","protected":false},"featured_media":7389,"template":"","meta":[],"product_brand":[],"product_cat":[28],"product_tag":[],"class_list":{"0":"post-7956","1":"product","2":"type-product","3":"status-publish","4":"has-post-thumbnail","6":"product_cat-casquettes-calots-us-army","8":"first","9":"instock","10":"sold-individually","11":"purchasable","12":"product-type-auction"},"aioseo_notices":[],"_links":{"self":[{"href":"https:\/\/military-classic-auction.com\/en\/wp-json\/wp\/v2\/product\/7956","targetHints":{"allow":["GET"]}}],"collection":[{"href":"https:\/\/military-classic-auction.com\/en\/wp-json\/wp\/v2\/product"}],"about":[{"href":"https:\/\/military-classic-auction.com\/en\/wp-json\/wp\/v2\/types\/product"}],"wp:featuredmedia":[{"embeddable":true,"href":"https:\/\/military-classic-auction.com\/en\/wp-json\/wp\/v2\/media\/7389"}],"wp:attachment":[{"href":"https:\/\/military-classic-auction.com\/en\/wp-json\/wp\/v2\/media?parent=7956"}],"wp:term":[{"taxonomy":"product_brand","embeddable":true,"href":"https:\/\/military-classic-auction.com\/en\/wp-json\/wp\/v2\/product_brand?post=7956"},{"taxonomy":"product_cat","embeddable":true,"href":"https:\/\/military-classic-auction.com\/en\/wp-json\/wp\/v2\/product_cat?post=7956"},{"taxonomy":"product_tag","embeddable":true,"href":"https:\/\/military-classic-auction.com\/en\/wp-json\/wp\/v2\/product_tag?post=7956"}],"curies":[{"name":"wp","href":"https:\/\/api.w.org\/{rel}","templated":true}]}}