{"id":7955,"date":"2024-05-02T14:43:40","date_gmt":"2024-05-02T14:43:40","guid":{"rendered":"https:\/\/military-classic-auction.com\/?post_type=product&#038;p=7955"},"modified":"2024-05-18T14:01:01","modified_gmt":"2024-05-18T14:01:01","slug":"calot-du-377th-field-artillery-regiment-us-army","status":"publish","type":"product","link":"https:\/\/military-classic-auction.com\/en\/product\/calot-du-377th-field-artillery-regiment-us-army\/","title":{"rendered":"Calot du \u00ab\u00a0377th Field Artillery Regiment\u00a0\u00bb &#8211; US Army"},"content":{"rendered":"<p>Calot du \u00ab\u00a0377th Field Artillery Regiment\u00a0\u00bb &#8211; US Army<br \/>\nInsigne m\u00e9tallique \u00ab\u00a0Firmiter et Fideliter\u00a0\u00bb (marquage au dos du crest) &#038; patch des troupes a\u00e9roport\u00e9es.<br \/>\nPassepoil rouge : Artillerie<br \/>\n\u00c9tiquette de fabrication pr\u00e9sente.<br \/>\nTaille : 6 3\/4<br \/>\nEn l&rsquo;\u00e9tat.<br \/>\n&#8211;<br \/>\nCap of the \u00ab\u00a0377th Field Artillery Regiment\u00a0\u00bb &#8211; US Army<br \/>\nMetal badge \u00ab\u00a0Firmiter et Fideliter\u00a0\u00bb (marking on the back of the crest) &#038; airborne troops patch.<br \/>\nRed piping: Artillery<br \/>\nManufacturing label present.<br \/>\nSize: 6 3\/4<br \/>\nAs is.<\/p>","protected":false},"excerpt":{"rendered":"<p>Calot du \u00ab\u00a0377th Field Artillery Regiment\u00a0\u00bb &#8211; US Army Insigne m\u00e9tallique \u00ab\u00a0Firmiter et Fideliter\u00a0\u00bb (marquage au dos du crest) &#038; patch des troupes a\u00e9roport\u00e9es. Passepoil rouge : Artillerie \u00c9tiquette de fabrication pr\u00e9sente. Taille : 6 3\/4 En l&rsquo;\u00e9tat. &#8211; Cap of the \u00ab\u00a0377th Field Artillery Regiment\u00a0\u00bb &#8211; US Army Metal badge \u00ab\u00a0Firmiter et Fideliter\u00a0\u00bb (marking<a class=\"more-link\" href=\"https:\/\/military-classic-auction.com\/en\/product\/calot-du-377th-field-artillery-regiment-us-army\/\">Read more  &#10230;<\/a><\/p>","protected":false},"featured_media":7383,"template":"","meta":[],"product_brand":[],"product_cat":[28],"product_tag":[],"class_list":{"0":"post-7955","1":"product","2":"type-product","3":"status-publish","4":"has-post-thumbnail","6":"product_cat-casquettes-calots-us-army","8":"first","9":"instock","10":"sold-individually","11":"purchasable","12":"product-type-auction"},"aioseo_notices":[],"_links":{"self":[{"href":"https:\/\/military-classic-auction.com\/en\/wp-json\/wp\/v2\/product\/7955","targetHints":{"allow":["GET"]}}],"collection":[{"href":"https:\/\/military-classic-auction.com\/en\/wp-json\/wp\/v2\/product"}],"about":[{"href":"https:\/\/military-classic-auction.com\/en\/wp-json\/wp\/v2\/types\/product"}],"wp:featuredmedia":[{"embeddable":true,"href":"https:\/\/military-classic-auction.com\/en\/wp-json\/wp\/v2\/media\/7383"}],"wp:attachment":[{"href":"https:\/\/military-classic-auction.com\/en\/wp-json\/wp\/v2\/media?parent=7955"}],"wp:term":[{"taxonomy":"product_brand","embeddable":true,"href":"https:\/\/military-classic-auction.com\/en\/wp-json\/wp\/v2\/product_brand?post=7955"},{"taxonomy":"product_cat","embeddable":true,"href":"https:\/\/military-classic-auction.com\/en\/wp-json\/wp\/v2\/product_cat?post=7955"},{"taxonomy":"product_tag","embeddable":true,"href":"https:\/\/military-classic-auction.com\/en\/wp-json\/wp\/v2\/product_tag?post=7955"}],"curies":[{"name":"wp","href":"https:\/\/api.w.org\/{rel}","templated":true}]}}