{"id":7954,"date":"2024-05-02T14:43:40","date_gmt":"2024-05-02T14:43:40","guid":{"rendered":"https:\/\/military-classic-auction.com\/?post_type=product&#038;p=7954"},"modified":"2024-05-18T13:58:50","modified_gmt":"2024-05-18T13:58:50","slug":"calot-artillerie-troupes-aeroportees-us-army","status":"publish","type":"product","link":"https:\/\/military-classic-auction.com\/en\/product\/calot-artillerie-troupes-aeroportees-us-army\/","title":{"rendered":"Calot artillerie\/troupes a\u00e9roport\u00e9es &#8211; US Army"},"content":{"rendered":"<p>Calot artillerie\/troupes a\u00e9roport\u00e9es &#8211; US Army<br \/>\nPassepoil rouge &#038; patch \u00ab\u00a0glider\u00a0\u00bb<br \/>\n\u00c9tiquette du fabricant pr\u00e9sente.<br \/>\nTaille : 7 1\/4<br \/>\nDat\u00e9 1942<br \/>\nAnnotations diverses \u00e0 l&rsquo;int\u00e9rieur.<br \/>\n(En l&rsquo;\u00e9tat)<br \/>\n&#8211;<br \/>\nArtillery cap\/airborne troops &#8211; US Army<br \/>\nRed piping &#038; \u00ab\u00a0glider\u00a0\u00bb patch<br \/>\nManufacturer&rsquo;s label present.<br \/>\nSize: 7 1\/4<br \/>\nDated 1942<br \/>\nVarious annotations inside.<br \/>\n(As is)<\/p>","protected":false},"excerpt":{"rendered":"<p>Calot artillerie\/troupes a\u00e9roport\u00e9es &#8211; US Army Passepoil rouge &#038; patch \u00ab\u00a0glider\u00a0\u00bb \u00c9tiquette du fabricant pr\u00e9sente. Taille : 7 1\/4 Dat\u00e9 1942 Annotations diverses \u00e0 l&rsquo;int\u00e9rieur. (En l&rsquo;\u00e9tat) &#8211; Artillery cap\/airborne troops &#8211; US Army Red piping &#038; \u00ab\u00a0glider\u00a0\u00bb patch Manufacturer&rsquo;s label present. Size: 7 1\/4 Dated 1942 Various annotations inside. (As is)<\/p>","protected":false},"featured_media":7376,"template":"","meta":[],"product_brand":[],"product_cat":[28],"product_tag":[],"class_list":{"0":"post-7954","1":"product","2":"type-product","3":"status-publish","4":"has-post-thumbnail","6":"product_cat-casquettes-calots-us-army","8":"first","9":"instock","10":"sold-individually","11":"purchasable","12":"product-type-auction"},"aioseo_notices":[],"_links":{"self":[{"href":"https:\/\/military-classic-auction.com\/en\/wp-json\/wp\/v2\/product\/7954","targetHints":{"allow":["GET"]}}],"collection":[{"href":"https:\/\/military-classic-auction.com\/en\/wp-json\/wp\/v2\/product"}],"about":[{"href":"https:\/\/military-classic-auction.com\/en\/wp-json\/wp\/v2\/types\/product"}],"wp:featuredmedia":[{"embeddable":true,"href":"https:\/\/military-classic-auction.com\/en\/wp-json\/wp\/v2\/media\/7376"}],"wp:attachment":[{"href":"https:\/\/military-classic-auction.com\/en\/wp-json\/wp\/v2\/media?parent=7954"}],"wp:term":[{"taxonomy":"product_brand","embeddable":true,"href":"https:\/\/military-classic-auction.com\/en\/wp-json\/wp\/v2\/product_brand?post=7954"},{"taxonomy":"product_cat","embeddable":true,"href":"https:\/\/military-classic-auction.com\/en\/wp-json\/wp\/v2\/product_cat?post=7954"},{"taxonomy":"product_tag","embeddable":true,"href":"https:\/\/military-classic-auction.com\/en\/wp-json\/wp\/v2\/product_tag?post=7954"}],"curies":[{"name":"wp","href":"https:\/\/api.w.org\/{rel}","templated":true}]}}