{"id":7953,"date":"2024-05-02T14:43:39","date_gmt":"2024-05-02T14:43:39","guid":{"rendered":"https:\/\/military-classic-auction.com\/?post_type=product&#038;p=7953"},"modified":"2024-05-02T14:43:40","modified_gmt":"2024-05-02T14:43:40","slug":"calot-troupes-aeroportees-us-army","status":"publish","type":"product","link":"https:\/\/military-classic-auction.com\/en\/product\/calot-troupes-aeroportees-us-army\/","title":{"rendered":"Calot troupes a\u00e9roport\u00e9es &#8211; US Army"},"content":{"rendered":"<p>Calot troupes a\u00e9roport\u00e9es &#8211; US Army<br \/>\nPatch tissu \u00ab\u00a0Infanterie de planeurs\u00a0\u00bb<br \/>\nPassepoil \u00ab\u00a0Ordnance Department\u00a0\u00bb<br \/>\nAnnotations \u00e0 l&rsquo;int\u00e9rieur et sous bandeau cuir.<br \/>\n&#8211;<br \/>\nAirborne troops cap &#8211; US Army<br \/>\nFabric patch \u00ab\u00a0Glider infantry Regiment\u00a0\u00bb<br \/>\n\u00ab\u00a0Ordnance Department\u00a0\u00bb piping<br \/>\nAnnotations inside and under leather band.<\/p>","protected":false},"excerpt":{"rendered":"<p>Calot troupes a\u00e9roport\u00e9es &#8211; US Army Patch tissu \u00ab\u00a0Infanterie de planeurs\u00a0\u00bb Passepoil \u00ab\u00a0Ordnance Department\u00a0\u00bb Annotations \u00e0 l&rsquo;int\u00e9rieur et sous bandeau cuir. &#8211; Airborne troops cap &#8211; US Army Fabric patch \u00ab\u00a0Glider infantry Regiment\u00a0\u00bb \u00ab\u00a0Ordnance Department\u00a0\u00bb piping Annotations inside and under leather band.<\/p>","protected":false},"featured_media":7369,"template":"","meta":[],"product_brand":[],"product_cat":[28],"product_tag":[],"class_list":{"0":"post-7953","1":"product","2":"type-product","3":"status-publish","4":"has-post-thumbnail","6":"product_cat-casquettes-calots-us-army","8":"first","9":"instock","10":"sold-individually","11":"purchasable","12":"product-type-auction"},"aioseo_notices":[],"_links":{"self":[{"href":"https:\/\/military-classic-auction.com\/en\/wp-json\/wp\/v2\/product\/7953","targetHints":{"allow":["GET"]}}],"collection":[{"href":"https:\/\/military-classic-auction.com\/en\/wp-json\/wp\/v2\/product"}],"about":[{"href":"https:\/\/military-classic-auction.com\/en\/wp-json\/wp\/v2\/types\/product"}],"wp:featuredmedia":[{"embeddable":true,"href":"https:\/\/military-classic-auction.com\/en\/wp-json\/wp\/v2\/media\/7369"}],"wp:attachment":[{"href":"https:\/\/military-classic-auction.com\/en\/wp-json\/wp\/v2\/media?parent=7953"}],"wp:term":[{"taxonomy":"product_brand","embeddable":true,"href":"https:\/\/military-classic-auction.com\/en\/wp-json\/wp\/v2\/product_brand?post=7953"},{"taxonomy":"product_cat","embeddable":true,"href":"https:\/\/military-classic-auction.com\/en\/wp-json\/wp\/v2\/product_cat?post=7953"},{"taxonomy":"product_tag","embeddable":true,"href":"https:\/\/military-classic-auction.com\/en\/wp-json\/wp\/v2\/product_tag?post=7953"}],"curies":[{"name":"wp","href":"https:\/\/api.w.org\/{rel}","templated":true}]}}