{"id":7952,"date":"2024-05-02T14:43:39","date_gmt":"2024-05-02T14:43:39","guid":{"rendered":"https:\/\/military-classic-auction.com\/?post_type=product&#038;p=7952"},"modified":"2024-05-18T13:56:27","modified_gmt":"2024-05-18T13:56:27","slug":"calot-de-major-troupes-aeroportees-us-army","status":"publish","type":"product","link":"https:\/\/military-classic-auction.com\/en\/product\/calot-de-major-troupes-aeroportees-us-army\/","title":{"rendered":"Calot de major &#8211; troupes a\u00e9roport\u00e9es &#8211; US Army"},"content":{"rendered":"<p>Calot de major &#8211; troupes a\u00e9roport\u00e9es &#8211; US Army<br \/>\nInsigne \u00e0 \u00e9pingle en m\u00e9tal et patch infanterie parachutiste.<br \/>\nPassepoil dor\u00e9 et noir.<br \/>\n\u00c9tiquette du fabricant pr\u00e9sente mais illisible.<br \/>\n(En l&rsquo;\u00e9tat, usures)<br \/>\n&#8211;<br \/>\nMajor&rsquo;s cap &#8211; airborne troops &#8211; US Army<br \/>\nMetal pin badge and paratrooper infantry patch.<br \/>\nGold and black piping.<br \/>\nManufacturer&rsquo;s label present but illegible.<br \/>\n(As is, wear)<\/p>","protected":false},"excerpt":{"rendered":"<p>Calot de major &#8211; troupes a\u00e9roport\u00e9es &#8211; US Army Insigne \u00e0 \u00e9pingle en m\u00e9tal et patch infanterie parachutiste. Passepoil dor\u00e9 et noir. \u00c9tiquette du fabricant pr\u00e9sente mais illisible. (En l&rsquo;\u00e9tat, usures) &#8211; Major&rsquo;s cap &#8211; airborne troops &#8211; US Army Metal pin badge and paratrooper infantry patch. Gold and black piping. Manufacturer&rsquo;s label present but<a class=\"more-link\" href=\"https:\/\/military-classic-auction.com\/en\/product\/calot-de-major-troupes-aeroportees-us-army\/\">Read more  &#10230;<\/a><\/p>","protected":false},"featured_media":7363,"template":"","meta":[],"product_brand":[],"product_cat":[28],"product_tag":[],"class_list":{"0":"post-7952","1":"product","2":"type-product","3":"status-publish","4":"has-post-thumbnail","6":"product_cat-casquettes-calots-us-army","8":"first","9":"instock","10":"sold-individually","11":"purchasable","12":"product-type-auction"},"aioseo_notices":[],"_links":{"self":[{"href":"https:\/\/military-classic-auction.com\/en\/wp-json\/wp\/v2\/product\/7952","targetHints":{"allow":["GET"]}}],"collection":[{"href":"https:\/\/military-classic-auction.com\/en\/wp-json\/wp\/v2\/product"}],"about":[{"href":"https:\/\/military-classic-auction.com\/en\/wp-json\/wp\/v2\/types\/product"}],"wp:featuredmedia":[{"embeddable":true,"href":"https:\/\/military-classic-auction.com\/en\/wp-json\/wp\/v2\/media\/7363"}],"wp:attachment":[{"href":"https:\/\/military-classic-auction.com\/en\/wp-json\/wp\/v2\/media?parent=7952"}],"wp:term":[{"taxonomy":"product_brand","embeddable":true,"href":"https:\/\/military-classic-auction.com\/en\/wp-json\/wp\/v2\/product_brand?post=7952"},{"taxonomy":"product_cat","embeddable":true,"href":"https:\/\/military-classic-auction.com\/en\/wp-json\/wp\/v2\/product_cat?post=7952"},{"taxonomy":"product_tag","embeddable":true,"href":"https:\/\/military-classic-auction.com\/en\/wp-json\/wp\/v2\/product_tag?post=7952"}],"curies":[{"name":"wp","href":"https:\/\/api.w.org\/{rel}","templated":true}]}}