{"id":7950,"date":"2024-05-02T14:43:38","date_gmt":"2024-05-02T14:43:38","guid":{"rendered":"https:\/\/military-classic-auction.com\/?post_type=product&#038;p=7950"},"modified":"2024-05-18T13:54:21","modified_gmt":"2024-05-18T13:54:21","slug":"calot-de-lieutenant-usaaf","status":"publish","type":"product","link":"https:\/\/military-classic-auction.com\/en\/product\/calot-de-lieutenant-usaaf\/","title":{"rendered":"Calot de lieutenant &#8211; USAAF"},"content":{"rendered":"<p>Calot de lieutenant &#8211; USAAF<br \/>\nPassepoil bleu et jaune.<br \/>\nAvec insigne de premier lieutenant.<br \/>\nNominatif : \u00ab\u00a0Dave THIMMES\u00a0\u00bb<br \/>\nLaundry Number : \u00ab\u00a0T-1581\u00a0\u00bb<br \/>\nAnnotations \u00e0 l&rsquo;int\u00e9rieur.<br \/>\n(En l&rsquo;\u00e9tat, usures)<br \/>\n&#8211;<br \/>\nLieutenant&rsquo;s cap &#8211; USAAF<br \/>\nBlue and yellow piping.<br \/>\nWith first lieutenant badge.<br \/>\nName: \u00ab\u00a0Dave THIMMES\u00a0\u00bb<br \/>\nLaundry Number: \u00ab\u00a0T-1581\u00a0\u00bb<br \/>\nNotes inside.<br \/>\n(As is, wear)<\/p>","protected":false},"excerpt":{"rendered":"<p>Calot de lieutenant &#8211; USAAF Passepoil bleu et jaune. Avec insigne de premier lieutenant. Nominatif : \u00ab\u00a0Dave THIMMES\u00a0\u00bb Laundry Number : \u00ab\u00a0T-1581\u00a0\u00bb Annotations \u00e0 l&rsquo;int\u00e9rieur. (En l&rsquo;\u00e9tat, usures) &#8211; Lieutenant&rsquo;s cap &#8211; USAAF Blue and yellow piping. With first lieutenant badge. Name: \u00ab\u00a0Dave THIMMES\u00a0\u00bb Laundry Number: \u00ab\u00a0T-1581\u00a0\u00bb Notes inside. (As is, wear)<\/p>","protected":false},"featured_media":7350,"template":"","meta":[],"product_brand":[],"product_cat":[28],"product_tag":[],"class_list":{"0":"post-7950","1":"product","2":"type-product","3":"status-publish","4":"has-post-thumbnail","6":"product_cat-casquettes-calots-us-army","8":"first","9":"instock","10":"sold-individually","11":"purchasable","12":"product-type-auction"},"aioseo_notices":[],"_links":{"self":[{"href":"https:\/\/military-classic-auction.com\/en\/wp-json\/wp\/v2\/product\/7950","targetHints":{"allow":["GET"]}}],"collection":[{"href":"https:\/\/military-classic-auction.com\/en\/wp-json\/wp\/v2\/product"}],"about":[{"href":"https:\/\/military-classic-auction.com\/en\/wp-json\/wp\/v2\/types\/product"}],"wp:featuredmedia":[{"embeddable":true,"href":"https:\/\/military-classic-auction.com\/en\/wp-json\/wp\/v2\/media\/7350"}],"wp:attachment":[{"href":"https:\/\/military-classic-auction.com\/en\/wp-json\/wp\/v2\/media?parent=7950"}],"wp:term":[{"taxonomy":"product_brand","embeddable":true,"href":"https:\/\/military-classic-auction.com\/en\/wp-json\/wp\/v2\/product_brand?post=7950"},{"taxonomy":"product_cat","embeddable":true,"href":"https:\/\/military-classic-auction.com\/en\/wp-json\/wp\/v2\/product_cat?post=7950"},{"taxonomy":"product_tag","embeddable":true,"href":"https:\/\/military-classic-auction.com\/en\/wp-json\/wp\/v2\/product_tag?post=7950"}],"curies":[{"name":"wp","href":"https:\/\/api.w.org\/{rel}","templated":true}]}}