{"id":7946,"date":"2024-05-02T14:43:35","date_gmt":"2024-05-02T14:43:35","guid":{"rendered":"https:\/\/military-classic-auction.com\/?post_type=product&#038;p=7946"},"modified":"2024-05-17T16:46:13","modified_gmt":"2024-05-17T16:46:13","slug":"calot-troupe-usaaf","status":"publish","type":"product","link":"https:\/\/military-classic-auction.com\/en\/product\/calot-troupe-usaaf\/","title":{"rendered":"Calot troupe &#8211; USAAF"},"content":{"rendered":"<p>Calot troupe &#8211; USAAF<br \/>\nPassepoil jaune et bleu.<br \/>\nFabrication : \u00ab\u00a0Alpine Cap Co.\u00a0\u00bb<br \/>\nTaille : 7 1\/4<br \/>\nDat\u00e9 1942<br \/>\nLaundry Number : \u00ab\u00a0H-1250\u00a0\u00bb<br \/>\nNominatif : \u00ab\u00a0Hajduk\u00a0\u00bb<br \/>\n=> John W. HAJDUK &#8211; Matricule : \u00ab\u00a032361250\u00a0\u00bb<br \/>\nN\u00e9 en 1911, engag\u00e9 le 30 ao\u00fbt 1942.<br \/>\n(En l&rsquo;\u00e9tat)<br \/>\n&#8211;<br \/>\nTroop cap &#8211; USAAF<br \/>\nYellow and blue piping.<br \/>\nManufactured: \u00ab\u00a0Alpine Cap Co.\u00a0\u00bb<br \/>\nSize: 7 1\/4<br \/>\nDated 1942<br \/>\nLaundry Number: \u00ab\u00a0H-1250\u00a0\u00bb<br \/>\nNominative: \u00ab\u00a0Hajduk\u00a0\u00bb<br \/>\n=> John W. HAJDUK &#8211; Registration number: \u00ab\u00a032361250\u00a0\u00bb<br \/>\nBorn in 1911, enlisted on August 30, 1942.<br \/>\n(As is)<\/p>","protected":false},"excerpt":{"rendered":"<p>Calot troupe &#8211; USAAF Passepoil jaune et bleu. Fabrication : \u00ab\u00a0Alpine Cap Co.\u00a0\u00bb Taille : 7 1\/4 Dat\u00e9 1942 Laundry Number : \u00ab\u00a0H-1250\u00a0\u00bb Nominatif : \u00ab\u00a0Hajduk\u00a0\u00bb => John W. HAJDUK &#8211; Matricule : \u00ab\u00a032361250\u00a0\u00bb N\u00e9 en 1911, engag\u00e9 le 30 ao\u00fbt 1942. (En l&rsquo;\u00e9tat) &#8211; Troop cap &#8211; USAAF Yellow and blue piping. Manufactured: \u00ab\u00a0Alpine<a class=\"more-link\" href=\"https:\/\/military-classic-auction.com\/en\/product\/calot-troupe-usaaf\/\">Read more  &#10230;<\/a><\/p>","protected":false},"featured_media":7323,"template":"","meta":[],"product_brand":[],"product_cat":[28],"product_tag":[],"class_list":{"0":"post-7946","1":"product","2":"type-product","3":"status-publish","4":"has-post-thumbnail","6":"product_cat-casquettes-calots-us-army","8":"first","9":"instock","10":"sold-individually","11":"purchasable","12":"product-type-auction"},"aioseo_notices":[],"_links":{"self":[{"href":"https:\/\/military-classic-auction.com\/en\/wp-json\/wp\/v2\/product\/7946","targetHints":{"allow":["GET"]}}],"collection":[{"href":"https:\/\/military-classic-auction.com\/en\/wp-json\/wp\/v2\/product"}],"about":[{"href":"https:\/\/military-classic-auction.com\/en\/wp-json\/wp\/v2\/types\/product"}],"wp:featuredmedia":[{"embeddable":true,"href":"https:\/\/military-classic-auction.com\/en\/wp-json\/wp\/v2\/media\/7323"}],"wp:attachment":[{"href":"https:\/\/military-classic-auction.com\/en\/wp-json\/wp\/v2\/media?parent=7946"}],"wp:term":[{"taxonomy":"product_brand","embeddable":true,"href":"https:\/\/military-classic-auction.com\/en\/wp-json\/wp\/v2\/product_brand?post=7946"},{"taxonomy":"product_cat","embeddable":true,"href":"https:\/\/military-classic-auction.com\/en\/wp-json\/wp\/v2\/product_cat?post=7946"},{"taxonomy":"product_tag","embeddable":true,"href":"https:\/\/military-classic-auction.com\/en\/wp-json\/wp\/v2\/product_tag?post=7946"}],"curies":[{"name":"wp","href":"https:\/\/api.w.org\/{rel}","templated":true}]}}