{"id":7945,"date":"2024-05-02T14:43:34","date_gmt":"2024-05-02T14:43:34","guid":{"rendered":"https:\/\/military-classic-auction.com\/?post_type=product&#038;p=7945"},"modified":"2024-05-02T14:43:35","modified_gmt":"2024-05-02T14:43:35","slug":"calot-de-capitaine-usaaf","status":"publish","type":"product","link":"https:\/\/military-classic-auction.com\/en\/product\/calot-de-capitaine-usaaf\/","title":{"rendered":"Calot de capitaine &#8211; USAAF"},"content":{"rendered":"<p>Calot de capitaine &#8211; USAAF<br \/>\nMod\u00e8le \u00e9t\u00e9 type \u00ab\u00a0chino\u00a0\u00bb.<br \/>\nPassepoil jaune et bleu &#038; insigne m\u00e9tal.<br \/>\n\u00c9tiquette du fabricant absente.<br \/>\n(En l&rsquo;\u00e9tat, usures, taches)<br \/>\n&#8211;<br \/>\nCaptain&rsquo;s cap &#8211; USAAF<br \/>\nSummer \u00ab\u00a0chino\u00a0\u00bb model.<br \/>\nYellow and blue piping &#038; metal badge.<br \/>\nManufacturer&rsquo;s label missing.<br \/>\n(As is, wear, stains)<\/p>","protected":false},"excerpt":{"rendered":"<p>Calot de capitaine &#8211; USAAF Mod\u00e8le \u00e9t\u00e9 type \u00ab\u00a0chino\u00a0\u00bb. Passepoil jaune et bleu &#038; insigne m\u00e9tal. \u00c9tiquette du fabricant absente. (En l&rsquo;\u00e9tat, usures, taches) &#8211; Captain&rsquo;s cap &#8211; USAAF Summer \u00ab\u00a0chino\u00a0\u00bb model. Yellow and blue piping &#038; metal badge. Manufacturer&rsquo;s label missing. (As is, wear, stains)<\/p>","protected":false},"featured_media":7316,"template":"","meta":[],"product_brand":[],"product_cat":[28],"product_tag":[],"class_list":{"0":"post-7945","1":"product","2":"type-product","3":"status-publish","4":"has-post-thumbnail","6":"product_cat-casquettes-calots-us-army","8":"first","9":"instock","10":"sold-individually","11":"purchasable","12":"product-type-auction"},"aioseo_notices":[],"_links":{"self":[{"href":"https:\/\/military-classic-auction.com\/en\/wp-json\/wp\/v2\/product\/7945","targetHints":{"allow":["GET"]}}],"collection":[{"href":"https:\/\/military-classic-auction.com\/en\/wp-json\/wp\/v2\/product"}],"about":[{"href":"https:\/\/military-classic-auction.com\/en\/wp-json\/wp\/v2\/types\/product"}],"wp:featuredmedia":[{"embeddable":true,"href":"https:\/\/military-classic-auction.com\/en\/wp-json\/wp\/v2\/media\/7316"}],"wp:attachment":[{"href":"https:\/\/military-classic-auction.com\/en\/wp-json\/wp\/v2\/media?parent=7945"}],"wp:term":[{"taxonomy":"product_brand","embeddable":true,"href":"https:\/\/military-classic-auction.com\/en\/wp-json\/wp\/v2\/product_brand?post=7945"},{"taxonomy":"product_cat","embeddable":true,"href":"https:\/\/military-classic-auction.com\/en\/wp-json\/wp\/v2\/product_cat?post=7945"},{"taxonomy":"product_tag","embeddable":true,"href":"https:\/\/military-classic-auction.com\/en\/wp-json\/wp\/v2\/product_tag?post=7945"}],"curies":[{"name":"wp","href":"https:\/\/api.w.org\/{rel}","templated":true}]}}