{"id":7941,"date":"2024-05-02T14:43:33","date_gmt":"2024-05-02T14:43:33","guid":{"rendered":"https:\/\/military-classic-auction.com\/?post_type=product&#038;p=7941"},"modified":"2024-05-18T14:01:02","modified_gmt":"2024-05-18T14:01:02","slug":"casquette-de-pilote-50-missions-usaaf-2","status":"publish","type":"product","link":"https:\/\/military-classic-auction.com\/en\/product\/casquette-de-pilote-50-missions-usaaf-2\/","title":{"rendered":"Casquette de pilote &#8211; 50 missions &#8211; USAAF"},"content":{"rendered":"<p>Casquette de pilote &#8211; 50 missions &#8211; USAAF<br \/>\nFabrication : \u00ab\u00a0Bancroft\u00a0\u00bb<br \/>\nBandeau marqu\u00e9 : \u00ab\u00a0Curve Controlled &#8211; 7 Lighter Reg. By Bancroft\u00a0\u00bb<br \/>\n(En l&rsquo;\u00e9tat, usures, bandeau l\u00e9g\u00e8rement d\u00e9cousu)<br \/>\n&#8211;<br \/>\nPilot cap &#8211; 50 Missions \u00ab\u00a0Crush Hat\u00a0\u00bb &#8211; USAAF<br \/>\nManufactured: \u00ab\u00a0Bancroft\u00a0\u00bb<br \/>\nHeadband marked: \u00ab\u00a0Curve Controlled &#8211; 7 Lighter Reg. By Bancroft\u00a0\u00bb<br \/>\n(As is, wear, slightly unstitched headband)<\/p>","protected":false},"excerpt":{"rendered":"<p>Casquette de pilote &#8211; 50 missions &#8211; USAAF Fabrication : \u00ab\u00a0Bancroft\u00a0\u00bb Bandeau marqu\u00e9 : \u00ab\u00a0Curve Controlled &#8211; 7 Lighter Reg. By Bancroft\u00a0\u00bb (En l&rsquo;\u00e9tat, usures, bandeau l\u00e9g\u00e8rement d\u00e9cousu) &#8211; Pilot cap &#8211; 50 Missions \u00ab\u00a0Crush Hat\u00a0\u00bb &#8211; USAAF Manufactured: \u00ab\u00a0Bancroft\u00a0\u00bb Headband marked: \u00ab\u00a0Curve Controlled &#8211; 7 Lighter Reg. By Bancroft\u00a0\u00bb (As is, wear, slightly unstitched<a class=\"more-link\" href=\"https:\/\/military-classic-auction.com\/en\/product\/casquette-de-pilote-50-missions-usaaf-2\/\">Read more  &#10230;<\/a><\/p>","protected":false},"featured_media":7284,"template":"","meta":[],"product_brand":[],"product_cat":[28],"product_tag":[],"class_list":{"0":"post-7941","1":"product","2":"type-product","3":"status-publish","4":"has-post-thumbnail","6":"product_cat-casquettes-calots-us-army","8":"first","9":"instock","10":"sold-individually","11":"purchasable","12":"product-type-auction"},"aioseo_notices":[],"_links":{"self":[{"href":"https:\/\/military-classic-auction.com\/en\/wp-json\/wp\/v2\/product\/7941","targetHints":{"allow":["GET"]}}],"collection":[{"href":"https:\/\/military-classic-auction.com\/en\/wp-json\/wp\/v2\/product"}],"about":[{"href":"https:\/\/military-classic-auction.com\/en\/wp-json\/wp\/v2\/types\/product"}],"wp:featuredmedia":[{"embeddable":true,"href":"https:\/\/military-classic-auction.com\/en\/wp-json\/wp\/v2\/media\/7284"}],"wp:attachment":[{"href":"https:\/\/military-classic-auction.com\/en\/wp-json\/wp\/v2\/media?parent=7941"}],"wp:term":[{"taxonomy":"product_brand","embeddable":true,"href":"https:\/\/military-classic-auction.com\/en\/wp-json\/wp\/v2\/product_brand?post=7941"},{"taxonomy":"product_cat","embeddable":true,"href":"https:\/\/military-classic-auction.com\/en\/wp-json\/wp\/v2\/product_cat?post=7941"},{"taxonomy":"product_tag","embeddable":true,"href":"https:\/\/military-classic-auction.com\/en\/wp-json\/wp\/v2\/product_tag?post=7941"}],"curies":[{"name":"wp","href":"https:\/\/api.w.org\/{rel}","templated":true}]}}