{"id":7939,"date":"2024-05-02T14:43:32","date_gmt":"2024-05-02T14:43:32","guid":{"rendered":"https:\/\/military-classic-auction.com\/?post_type=product&#038;p=7939"},"modified":"2024-05-17T17:02:04","modified_gmt":"2024-05-17T17:02:04","slug":"casquette-de-sous-officier-50-missions-usaaf","status":"publish","type":"product","link":"https:\/\/military-classic-auction.com\/en\/product\/casquette-de-sous-officier-50-missions-usaaf\/","title":{"rendered":"Casquette de sous-officier &#8211; 50 missions &#8211; USAAF"},"content":{"rendered":"<p>Casquette de sous-officier &#8211; 50 missions &#8211; USAAF<br \/>\nInsigne en m\u00e9tal dor\u00e9 &#038; visi\u00e8re en cuir souple.<br \/>\nFabrication : \u00ab\u00a0Lewis\u00a0\u00bb<br \/>\n(En l&rsquo;\u00e9tat, usures, trous)<br \/>\n&#8211;<br \/>\nNCO cap &#8211; 50 missions &#8211; USAAF<br \/>\nGold metal badge &#038; soft leather visor.<br \/>\nManufactured: \u00ab\u00a0Lewis\u00a0\u00bb<br \/>\n(As is, wear, holes)<\/p>","protected":false},"excerpt":{"rendered":"<p>Casquette de sous-officier &#8211; 50 missions &#8211; USAAF Insigne en m\u00e9tal dor\u00e9 &#038; visi\u00e8re en cuir souple. Fabrication : \u00ab\u00a0Lewis\u00a0\u00bb (En l&rsquo;\u00e9tat, usures, trous) &#8211; NCO cap &#8211; 50 missions &#8211; USAAF Gold metal badge &#038; soft leather visor. Manufactured: \u00ab\u00a0Lewis\u00a0\u00bb (As is, wear, holes)<\/p>","protected":false},"featured_media":7266,"template":"","meta":[],"product_brand":[],"product_cat":[28],"product_tag":[],"class_list":{"0":"post-7939","1":"product","2":"type-product","3":"status-publish","4":"has-post-thumbnail","6":"product_cat-casquettes-calots-us-army","8":"first","9":"instock","10":"sold-individually","11":"purchasable","12":"product-type-auction"},"aioseo_notices":[],"_links":{"self":[{"href":"https:\/\/military-classic-auction.com\/en\/wp-json\/wp\/v2\/product\/7939","targetHints":{"allow":["GET"]}}],"collection":[{"href":"https:\/\/military-classic-auction.com\/en\/wp-json\/wp\/v2\/product"}],"about":[{"href":"https:\/\/military-classic-auction.com\/en\/wp-json\/wp\/v2\/types\/product"}],"wp:featuredmedia":[{"embeddable":true,"href":"https:\/\/military-classic-auction.com\/en\/wp-json\/wp\/v2\/media\/7266"}],"wp:attachment":[{"href":"https:\/\/military-classic-auction.com\/en\/wp-json\/wp\/v2\/media?parent=7939"}],"wp:term":[{"taxonomy":"product_brand","embeddable":true,"href":"https:\/\/military-classic-auction.com\/en\/wp-json\/wp\/v2\/product_brand?post=7939"},{"taxonomy":"product_cat","embeddable":true,"href":"https:\/\/military-classic-auction.com\/en\/wp-json\/wp\/v2\/product_cat?post=7939"},{"taxonomy":"product_tag","embeddable":true,"href":"https:\/\/military-classic-auction.com\/en\/wp-json\/wp\/v2\/product_tag?post=7939"}],"curies":[{"name":"wp","href":"https:\/\/api.w.org\/{rel}","templated":true}]}}