{"id":7938,"date":"2024-05-02T14:43:31","date_gmt":"2024-05-02T14:43:31","guid":{"rendered":"https:\/\/military-classic-auction.com\/?post_type=product&#038;p=7938"},"modified":"2024-05-16T21:37:59","modified_gmt":"2024-05-16T21:37:59","slug":"casquette-de-cadet-de-laviation-usaaf","status":"publish","type":"product","link":"https:\/\/military-classic-auction.com\/en\/product\/casquette-de-cadet-de-laviation-usaaf\/","title":{"rendered":"Casquette de cadet de l&rsquo;aviation &#8211; USAAF"},"content":{"rendered":"<p>Casquette de cadet de l&rsquo;aviation &#8211; USAAF<br \/>\nInsigne des cadets de l&rsquo;aviation en m\u00e9tal dor\u00e9.<br \/>\nBandeau bleu amovible.<br \/>\nMarquage fabricant pr\u00e9sent mais illisible.<br \/>\nInitiales et fin du num\u00e9ro de matricule : \u00ab\u00a0C.J.J. 9340\u00a0\u00bb<br \/>\nTaille : 7 1\/8<br \/>\n(En l&rsquo;\u00e9tat, usures)<br \/>\n&#8211;<br \/>\nAviation Cadet Cap &#8211; USAAF<br \/>\n\u00ab\u00a0Caps Wool Service Serge\u00a0\u00bb<br \/>\nGold metal aviation cadet badge.<br \/>\nRemovable blue headband.<br \/>\nManufacturer&rsquo;s marking present but illegible.<br \/>\nInitials and end of the registration number: \u00ab\u00a0C.J.J. 9340\u00a0\u00bb<br \/>\nSize: 7 1\/8<br \/>\n(As is, wear)<\/p>","protected":false},"excerpt":{"rendered":"<p>Casquette de cadet de l&rsquo;aviation &#8211; USAAF Insigne des cadets de l&rsquo;aviation en m\u00e9tal dor\u00e9. Bandeau bleu amovible. Marquage fabricant pr\u00e9sent mais illisible. Initiales et fin du num\u00e9ro de matricule : \u00ab\u00a0C.J.J. 9340\u00a0\u00bb Taille : 7 1\/8 (En l&rsquo;\u00e9tat, usures) &#8211; Aviation Cadet Cap &#8211; USAAF \u00ab\u00a0Caps Wool Service Serge\u00a0\u00bb Gold metal aviation cadet badge.<a class=\"more-link\" href=\"https:\/\/military-classic-auction.com\/en\/product\/casquette-de-cadet-de-laviation-usaaf\/\">Read more  &#10230;<\/a><\/p>","protected":false},"featured_media":7260,"template":"","meta":[],"product_brand":[],"product_cat":[28],"product_tag":[],"class_list":{"0":"post-7938","1":"product","2":"type-product","3":"status-publish","4":"has-post-thumbnail","6":"product_cat-casquettes-calots-us-army","8":"first","9":"instock","10":"sold-individually","11":"purchasable","12":"product-type-auction"},"aioseo_notices":[],"_links":{"self":[{"href":"https:\/\/military-classic-auction.com\/en\/wp-json\/wp\/v2\/product\/7938","targetHints":{"allow":["GET"]}}],"collection":[{"href":"https:\/\/military-classic-auction.com\/en\/wp-json\/wp\/v2\/product"}],"about":[{"href":"https:\/\/military-classic-auction.com\/en\/wp-json\/wp\/v2\/types\/product"}],"wp:featuredmedia":[{"embeddable":true,"href":"https:\/\/military-classic-auction.com\/en\/wp-json\/wp\/v2\/media\/7260"}],"wp:attachment":[{"href":"https:\/\/military-classic-auction.com\/en\/wp-json\/wp\/v2\/media?parent=7938"}],"wp:term":[{"taxonomy":"product_brand","embeddable":true,"href":"https:\/\/military-classic-auction.com\/en\/wp-json\/wp\/v2\/product_brand?post=7938"},{"taxonomy":"product_cat","embeddable":true,"href":"https:\/\/military-classic-auction.com\/en\/wp-json\/wp\/v2\/product_cat?post=7938"},{"taxonomy":"product_tag","embeddable":true,"href":"https:\/\/military-classic-auction.com\/en\/wp-json\/wp\/v2\/product_tag?post=7938"}],"curies":[{"name":"wp","href":"https:\/\/api.w.org\/{rel}","templated":true}]}}