{"id":7937,"date":"2024-05-02T14:43:31","date_gmt":"2024-05-02T14:43:31","guid":{"rendered":"https:\/\/military-classic-auction.com\/?post_type=product&#038;p=7937"},"modified":"2024-05-18T13:58:10","modified_gmt":"2024-05-18T13:58:10","slug":"calot-dofficier-wac-usaaf","status":"publish","type":"product","link":"https:\/\/military-classic-auction.com\/en\/product\/calot-dofficier-wac-usaaf\/","title":{"rendered":"Calot d&rsquo;officier \u00ab\u00a0WAC\u00a0\u00bb &#8211; USAAF"},"content":{"rendered":"<p>Calot d&rsquo;officier \u00ab\u00a0WAC\u00a0\u00bb &#8211; USAAF<br \/>\n\u00ab\u00a0Women&rsquo;s Army Corps (WAC)\u00a0\u00bb<br \/>\nMod\u00e8le \u00e9t\u00e9 type \u00ab\u00a0chino\u00a0\u00bb.<br \/>\nPassepoil dor\u00e9 et noir.<br \/>\nFabrication : \u00ab\u00a0Knox New York\u00a0\u00bb<br \/>\nTaille : 22<br \/>\nType K-1 \/ Specification n\u00b03244<br \/>\n(En l&rsquo;\u00e9tat, usures, taches)<br \/>\n&#8211;<br \/>\nOfficer&rsquo;s cap \u00ab\u00a0WAC\u00a0\u00bb &#8211; USAAF<br \/>\n\u00ab\u00a0Women&rsquo;s Army Corps (WAC)\u00a0\u00bb<br \/>\nSummer \u00ab\u00a0chino\u00a0\u00bb model.<br \/>\nGold and black piping.<br \/>\nManufactured: \u00ab\u00a0Knox New York\u00a0\u00bb<br \/>\nSize: 22<br \/>\nType K-1 \/ Specification n\u00b03244<br \/>\n(As is, wear, stains)<\/p>","protected":false},"excerpt":{"rendered":"<p>Calot d&rsquo;officier \u00ab\u00a0WAC\u00a0\u00bb &#8211; USAAF \u00ab\u00a0Women&rsquo;s Army Corps (WAC)\u00a0\u00bb Mod\u00e8le \u00e9t\u00e9 type \u00ab\u00a0chino\u00a0\u00bb. Passepoil dor\u00e9 et noir. Fabrication : \u00ab\u00a0Knox New York\u00a0\u00bb Taille : 22 Type K-1 \/ Specification n\u00b03244 (En l&rsquo;\u00e9tat, usures, taches) &#8211; Officer&rsquo;s cap \u00ab\u00a0WAC\u00a0\u00bb &#8211; USAAF \u00ab\u00a0Women&rsquo;s Army Corps (WAC)\u00a0\u00bb Summer \u00ab\u00a0chino\u00a0\u00bb model. Gold and black piping. Manufactured: \u00ab\u00a0Knox New York\u00a0\u00bb<a class=\"more-link\" href=\"https:\/\/military-classic-auction.com\/en\/product\/calot-dofficier-wac-usaaf\/\">Read more  &#10230;<\/a><\/p>","protected":false},"featured_media":7252,"template":"","meta":[],"product_brand":[],"product_cat":[28],"product_tag":[],"class_list":{"0":"post-7937","1":"product","2":"type-product","3":"status-publish","4":"has-post-thumbnail","6":"product_cat-casquettes-calots-us-army","8":"first","9":"instock","10":"sold-individually","11":"purchasable","12":"product-type-auction"},"aioseo_notices":[],"_links":{"self":[{"href":"https:\/\/military-classic-auction.com\/en\/wp-json\/wp\/v2\/product\/7937","targetHints":{"allow":["GET"]}}],"collection":[{"href":"https:\/\/military-classic-auction.com\/en\/wp-json\/wp\/v2\/product"}],"about":[{"href":"https:\/\/military-classic-auction.com\/en\/wp-json\/wp\/v2\/types\/product"}],"wp:featuredmedia":[{"embeddable":true,"href":"https:\/\/military-classic-auction.com\/en\/wp-json\/wp\/v2\/media\/7252"}],"wp:attachment":[{"href":"https:\/\/military-classic-auction.com\/en\/wp-json\/wp\/v2\/media?parent=7937"}],"wp:term":[{"taxonomy":"product_brand","embeddable":true,"href":"https:\/\/military-classic-auction.com\/en\/wp-json\/wp\/v2\/product_brand?post=7937"},{"taxonomy":"product_cat","embeddable":true,"href":"https:\/\/military-classic-auction.com\/en\/wp-json\/wp\/v2\/product_cat?post=7937"},{"taxonomy":"product_tag","embeddable":true,"href":"https:\/\/military-classic-auction.com\/en\/wp-json\/wp\/v2\/product_tag?post=7937"}],"curies":[{"name":"wp","href":"https:\/\/api.w.org\/{rel}","templated":true}]}}