{"id":7934,"date":"2024-05-02T14:43:28","date_gmt":"2024-05-02T14:43:28","guid":{"rendered":"https:\/\/military-classic-auction.com\/?post_type=product&#038;p=7934"},"modified":"2024-05-02T14:43:28","modified_gmt":"2024-05-02T14:43:28","slug":"casquette-dofficier-royal-navy-3","status":"publish","type":"product","link":"https:\/\/military-classic-auction.com\/en\/product\/casquette-dofficier-royal-navy-3\/","title":{"rendered":"Casquette d&rsquo;officier &#8211; Royal NAVY"},"content":{"rendered":"<p>Casquette d&rsquo;officier &#8211; Royal NAVY<br \/>\nCasquette recouverte d&rsquo;une coiffe en tissu coton blanc.<br \/>\nVisi\u00e8re recouverte d&rsquo;une rang\u00e9e de feuilles de ch\u00eane dor\u00e9es.<br \/>\nFabricant pr\u00e9sent mais illisible.<br \/>\nInitiales sur bandeau cuir.<br \/>\n(Usures, taches)<br \/>\n&#8211;<br \/>\nOfficer cap &#8211; Royal NAVY<br \/>\nCap covered with a white cotton fabric cap.<br \/>\nVisor covered with a row of golden oak leaves.<br \/>\nManufacturer present but illegible.<br \/>\nInitials on leather band.<br \/>\n(Wears, stains)<\/p>","protected":false},"excerpt":{"rendered":"<p>Casquette d&rsquo;officier &#8211; Royal NAVY Casquette recouverte d&rsquo;une coiffe en tissu coton blanc. Visi\u00e8re recouverte d&rsquo;une rang\u00e9e de feuilles de ch\u00eane dor\u00e9es. Fabricant pr\u00e9sent mais illisible. Initiales sur bandeau cuir. (Usures, taches) &#8211; Officer cap &#8211; Royal NAVY Cap covered with a white cotton fabric cap. Visor covered with a row of golden oak leaves.<a class=\"more-link\" href=\"https:\/\/military-classic-auction.com\/en\/product\/casquette-dofficier-royal-navy-3\/\">Read more  &#10230;<\/a><\/p>","protected":false},"featured_media":7230,"template":"","meta":[],"product_brand":[],"product_cat":[28],"product_tag":[],"class_list":{"0":"post-7934","1":"product","2":"type-product","3":"status-publish","4":"has-post-thumbnail","6":"product_cat-casquettes-calots-us-army","8":"first","9":"instock","10":"sold-individually","11":"purchasable","12":"product-type-auction"},"aioseo_notices":[],"_links":{"self":[{"href":"https:\/\/military-classic-auction.com\/en\/wp-json\/wp\/v2\/product\/7934","targetHints":{"allow":["GET"]}}],"collection":[{"href":"https:\/\/military-classic-auction.com\/en\/wp-json\/wp\/v2\/product"}],"about":[{"href":"https:\/\/military-classic-auction.com\/en\/wp-json\/wp\/v2\/types\/product"}],"wp:featuredmedia":[{"embeddable":true,"href":"https:\/\/military-classic-auction.com\/en\/wp-json\/wp\/v2\/media\/7230"}],"wp:attachment":[{"href":"https:\/\/military-classic-auction.com\/en\/wp-json\/wp\/v2\/media?parent=7934"}],"wp:term":[{"taxonomy":"product_brand","embeddable":true,"href":"https:\/\/military-classic-auction.com\/en\/wp-json\/wp\/v2\/product_brand?post=7934"},{"taxonomy":"product_cat","embeddable":true,"href":"https:\/\/military-classic-auction.com\/en\/wp-json\/wp\/v2\/product_cat?post=7934"},{"taxonomy":"product_tag","embeddable":true,"href":"https:\/\/military-classic-auction.com\/en\/wp-json\/wp\/v2\/product_tag?post=7934"}],"curies":[{"name":"wp","href":"https:\/\/api.w.org\/{rel}","templated":true}]}}