{"id":7932,"date":"2024-05-02T14:43:27","date_gmt":"2024-05-02T14:43:27","guid":{"rendered":"https:\/\/military-classic-auction.com\/?post_type=product&#038;p=7932"},"modified":"2024-05-18T10:48:53","modified_gmt":"2024-05-18T10:48:53","slug":"casquette-dofficier-royal-navy","status":"publish","type":"product","link":"https:\/\/military-classic-auction.com\/en\/product\/casquette-dofficier-royal-navy\/","title":{"rendered":"Casquette d&rsquo;officier &#8211; Royal NAVY"},"content":{"rendered":"<p>Casquette d&rsquo;officier &#8211; Royal NAVY<br \/>\nInsigne en cannetille.<br \/>\nVisi\u00e8re recouverte d&rsquo;une rang\u00e9e de feuilles de ch\u00eane dor\u00e9es.<br \/>\nFabrication : \u00ab\u00a0W.Mutrie &#038; Son Ltd.,Edin\u00a0\u00bb<br \/>\n(En l&rsquo;\u00e9tat, usures)<br \/>\n&#8211;<br \/>\nOfficer cap &#8211; Royal NAVY<br \/>\nCannetille badge.<br \/>\nVisor covered with a row of golden oak leaves.<br \/>\nManufactured: \u00ab\u00a0W.Mutrie &#038; Son Ltd., Edin\u00a0\u00bb<br \/>\n(As is, wear)<\/p>","protected":false},"excerpt":{"rendered":"<p>Casquette d&rsquo;officier &#8211; Royal NAVY Insigne en cannetille. Visi\u00e8re recouverte d&rsquo;une rang\u00e9e de feuilles de ch\u00eane dor\u00e9es. Fabrication : \u00ab\u00a0W.Mutrie &#038; Son Ltd.,Edin\u00a0\u00bb (En l&rsquo;\u00e9tat, usures) &#8211; Officer cap &#8211; Royal NAVY Cannetille badge. Visor covered with a row of golden oak leaves. Manufactured: \u00ab\u00a0W.Mutrie &#038; Son Ltd., Edin\u00a0\u00bb (As is, wear)<\/p>","protected":false},"featured_media":7215,"template":"","meta":[],"product_brand":[],"product_cat":[28],"product_tag":[],"class_list":{"0":"post-7932","1":"product","2":"type-product","3":"status-publish","4":"has-post-thumbnail","6":"product_cat-casquettes-calots-us-army","8":"first","9":"instock","10":"sold-individually","11":"purchasable","12":"product-type-auction"},"aioseo_notices":[],"_links":{"self":[{"href":"https:\/\/military-classic-auction.com\/en\/wp-json\/wp\/v2\/product\/7932","targetHints":{"allow":["GET"]}}],"collection":[{"href":"https:\/\/military-classic-auction.com\/en\/wp-json\/wp\/v2\/product"}],"about":[{"href":"https:\/\/military-classic-auction.com\/en\/wp-json\/wp\/v2\/types\/product"}],"wp:featuredmedia":[{"embeddable":true,"href":"https:\/\/military-classic-auction.com\/en\/wp-json\/wp\/v2\/media\/7215"}],"wp:attachment":[{"href":"https:\/\/military-classic-auction.com\/en\/wp-json\/wp\/v2\/media?parent=7932"}],"wp:term":[{"taxonomy":"product_brand","embeddable":true,"href":"https:\/\/military-classic-auction.com\/en\/wp-json\/wp\/v2\/product_brand?post=7932"},{"taxonomy":"product_cat","embeddable":true,"href":"https:\/\/military-classic-auction.com\/en\/wp-json\/wp\/v2\/product_cat?post=7932"},{"taxonomy":"product_tag","embeddable":true,"href":"https:\/\/military-classic-auction.com\/en\/wp-json\/wp\/v2\/product_tag?post=7932"}],"curies":[{"name":"wp","href":"https:\/\/api.w.org\/{rel}","templated":true}]}}