{"id":6902,"date":"2024-03-30T14:56:30","date_gmt":"2024-03-30T13:56:30","guid":{"rendered":"https:\/\/military-classic-auction.com\/?post_type=product&#038;p=6902"},"modified":"2024-04-15T04:28:04","modified_gmt":"2024-04-15T04:28:04","slug":"medaille-honneur-bien-etre-publique","status":"publish","type":"product","link":"https:\/\/military-classic-auction.com\/en\/product\/medaille-honneur-bien-etre-publique\/","title":{"rendered":"M\u00e9daille Honneur &#038; Bien-\u00eatre publique"},"content":{"rendered":"<p>M\u00e9daille Honneur &#038; Bien-\u00eatre publique<br \/>\n\u00ab\u00a0Medaille f\u00fcr deutsche Volkspflege\u00a0\u00bb<br \/>\nLe ruban et l&rsquo;agrafe sont pr\u00e9sents.<br \/>\nSans boite.<br \/>\n&#8211;<br \/>\nMedal of Honor &#038; Public Welfare<br \/>\n\u00ab\u00a0Medal for German Volkspflege\u00a0\u00bb<br \/>\nThe ribbon and clip are present.<br \/>\nWithout box.<\/p>","protected":false},"excerpt":{"rendered":"<p>M\u00e9daille Honneur &#038; Bien-\u00eatre publique \u00ab\u00a0Medaille f\u00fcr deutsche Volkspflege\u00a0\u00bb Le ruban et l&rsquo;agrafe sont pr\u00e9sents. Sans boite. &#8211; Medal of Honor &#038; Public Welfare \u00ab\u00a0Medal for German Volkspflege\u00a0\u00bb The ribbon and clip are present. Without box.<\/p>","protected":false},"featured_media":5227,"template":"","meta":[],"product_brand":[],"product_cat":[15],"product_tag":[],"class_list":{"0":"post-6902","1":"product","2":"type-product","3":"status-publish","4":"has-post-thumbnail","6":"product_cat-dagues-3e-202402","8":"first","9":"instock","10":"sold-individually","11":"purchasable","12":"product-type-auction"},"aioseo_notices":[],"_links":{"self":[{"href":"https:\/\/military-classic-auction.com\/en\/wp-json\/wp\/v2\/product\/6902","targetHints":{"allow":["GET"]}}],"collection":[{"href":"https:\/\/military-classic-auction.com\/en\/wp-json\/wp\/v2\/product"}],"about":[{"href":"https:\/\/military-classic-auction.com\/en\/wp-json\/wp\/v2\/types\/product"}],"wp:featuredmedia":[{"embeddable":true,"href":"https:\/\/military-classic-auction.com\/en\/wp-json\/wp\/v2\/media\/5227"}],"wp:attachment":[{"href":"https:\/\/military-classic-auction.com\/en\/wp-json\/wp\/v2\/media?parent=6902"}],"wp:term":[{"taxonomy":"product_brand","embeddable":true,"href":"https:\/\/military-classic-auction.com\/en\/wp-json\/wp\/v2\/product_brand?post=6902"},{"taxonomy":"product_cat","embeddable":true,"href":"https:\/\/military-classic-auction.com\/en\/wp-json\/wp\/v2\/product_cat?post=6902"},{"taxonomy":"product_tag","embeddable":true,"href":"https:\/\/military-classic-auction.com\/en\/wp-json\/wp\/v2\/product_tag?post=6902"}],"curies":[{"name":"wp","href":"https:\/\/api.w.org\/{rel}","templated":true}]}}